{"id":1004800,"date":"2020-09-03T11:13:48","date_gmt":"2020-09-03T10:13:48","guid":{"rendered":"https:\/\/www.joerglahmann.com\/e-book-gestion-de-equipos\/"},"modified":"2020-09-14T12:03:05","modified_gmt":"2020-09-14T11:03:05","slug":"ebook-mitarbeiter-fuhrung","status":"publish","type":"page","link":"https:\/\/joerglahmann.com\/de\/ebook-mitarbeiter-fuhrung\/","title":{"rendered":"eBook Mitarbeiter-F\u00fchrung"},"content":{"rendered":"<p><strong>Download gratis<\/strong><\/p>\n<ul>\n<li data-tve-custom-colour=\"\" style=\"padding-left: 30px !important;\" data-tcb_hover_state_parent=\"\" data-icon-code=\"icon-check-circle-regular\">\n<p style=\"\" data-tcb_hover_state_parent=\"\">Titelseite<\/p>\n<\/li>\n<li data-tve-custom-colour=\"\" style=\"padding-left: 30px !important;\" data-tcb_hover_state_parent=\"\" data-icon-code=\"icon-check-circle-regular\">\n<p style=\"\" data-tcb_hover_state_parent=\"\">Inhaltsverzeichnis<\/p>\n<\/li>\n<\/ul>\n<p><span><a href=\"https:\/\/www.joerglahmann.com\/wp-content\/uploads\/2020\/09\/Titelseit-Ebook-Mitabeiter-Fuhrung-igostrategy.jpg\"><img decoding=\"async\" alt=\"Titelseit Ebook Mitabeiter-F\u00fchrung - igostrategy\" data-id=\"1004794\" width=\"340\" height=\"453\" title=\"Titelseit Ebook Mitabeiter-F\u00fchrung - igostrategy\" src=\"https:\/\/www.joerglahmann.com\/wp-content\/uploads\/2020\/09\/Titelseit-Ebook-Mitabeiter-Fuhrung-igostrategy.jpg\" data-link-wrap=\"true\" style=\"\" data-width=\"340\" data-height=\"453\" data-init-width=\"720\" data-init-height=\"960\" loading=\"lazy\"><\/a><\/span><span><a href=\"https:\/\/www.joerglahmann.com\/wp-content\/uploads\/2020\/09\/Inhaltsverzeichnis-Ebook-Mitabeiter-Fuhrung-igostrategy.jpg\"><img decoding=\"async\" alt=\"Inhaltsverzeichnis Ebook Mitabeiter-F\u00fchrung - igostrategy\" data-id=\"1004796\" width=\"340\" height=\"453\" title=\"Inhaltsverzeichnis Ebook Mitabeiter-F\u00fchrung - igostrategy\" src=\"https:\/\/www.joerglahmann.com\/wp-content\/uploads\/2020\/09\/Inhaltsverzeichnis-Ebook-Mitabeiter-Fuhrung-igostrategy.jpg\" data-link-wrap=\"true\" style=\"\" data-width=\"340\" data-height=\"453\" data-init-width=\"720\" data-init-height=\"960\" loading=\"lazy\"><\/a><\/span><\/p>\n<h2>eBook Download<\/h2>\n<p>F\u00fcllen Sie das folgende Formular aus und erhalten Sie das eBook \u00fcber Meetings gratis.&nbsp;<\/p>\n<p style=\"\">Bei dr\u00fccken der Schaltfl\u00e4che&nbsp;<em>Download<\/em>&nbsp;akzeptieren Sie unsere&nbsp;<a href=\"https:\/\/www.joerglahmann.com\/privacy-policy\/\" target=\"_blank\" rel=\"noopener noreferrer\">Datenschutzbestimmungen<\/a>.<\/p>\n<h3>Eine Anleitung zur erfolgreichen Mitarbeiter-F\u00fchrung<\/h3>\n<p>Nur wenige Menschen werden mit der Gabe des Teammanagements geboren. Gleichzeitig investieren leider nur sehr wenige Unternehmen Zeit und Ressourcen in die Schulung ihrer F\u00fchrungskr\u00e4fte, um erfolgreiche Teams &nbsp;aufzubauen und zu f\u00fchren.Wenn Sie Unternehmer, Manager oder Teamleiter sind, wird Ihnen dieses eBook Einblicke geben, warum die Dinge m\u00f6glicherweise bis jetzt nicht wie gew\u00fcnscht gelaufen sind und wie Ihr <em>Drean-Team<\/em>&nbsp;aufbauen k\u00f6nnen.<\/p>\n<h3>Sie werden lernen<\/h3>\n<ul>\n<li>Teamstruktur&nbsp;<\/li>\n<li>Richtige Personen auf den richtigen Stellen<\/li>\n<li>Methodik, um Ihr Team besser zu f\u00fchren und Ihr <em>Dream-Team&nbsp;<\/em>zu erreichen<\/li>\n<\/ul>\n","protected":false},"excerpt":{"rendered":"<p>Download gratis Titelseite Inhaltsverzeichnis eBook Download F\u00fcllen Sie das folgende Formular aus und erhalten Sie das eBook \u00fcber Meetings gratis.&nbsp; Bei dr\u00fccken der Schaltfl\u00e4che&nbsp;Download&nbsp;akzeptieren Sie unsere&nbsp;Datenschutzbestimmungen. Eine Anleitung zur erfolgreichen Mitarbeiter-F\u00fchrung Nur wenige Menschen werden mit der Gabe des Teammanagements geboren. Gleichzeitig investieren leider nur sehr wenige Unternehmen Zeit und Ressourcen in die Schulung ihrer [&hellip;]<\/p>\n","protected":false},"author":1,"featured_media":0,"parent":0,"menu_order":0,"comment_status":"closed","ping_status":"closed","template":"","meta":{"footnotes":""},"class_list":["post-1004800","page","type-page","status-publish","hentry","post-wrapper","thrv_wrapper"],"yoast_head":"<!-- This site is optimized with the Yoast SEO plugin v27.1.1 - https:\/\/yoast.com\/product\/yoast-seo-wordpress\/ -->\n<title>eBook Mitarbeiter-F\u00fchrung - EOS implementer | Deutschland, Schweiz, Espa\u00f1a<\/title>\n<meta name=\"robots\" content=\"index, follow, max-snippet:-1, max-image-preview:large, max-video-preview:-1\" \/>\n<link rel=\"canonical\" href=\"https:\/\/joerglahmann.com\/de\/ebook-mitarbeiter-fuhrung\/\" \/>\n<meta property=\"og:locale\" content=\"de_DE\" \/>\n<meta property=\"og:type\" content=\"article\" \/>\n<meta property=\"og:title\" content=\"eBook Mitarbeiter-F\u00fchrung - EOS implementer | Deutschland, Schweiz, Espa\u00f1a\" \/>\n<meta property=\"og:description\" content=\"Download gratis Titelseite Inhaltsverzeichnis eBook Download F\u00fcllen Sie das folgende Formular aus und erhalten Sie das eBook \u00fcber Meetings gratis.&nbsp; Bei dr\u00fccken der Schaltfl\u00e4che&nbsp;Download&nbsp;akzeptieren Sie unsere&nbsp;Datenschutzbestimmungen. Eine Anleitung zur erfolgreichen Mitarbeiter-F\u00fchrung Nur wenige Menschen werden mit der Gabe des Teammanagements geboren. Gleichzeitig investieren leider nur sehr wenige Unternehmen Zeit und Ressourcen in die Schulung ihrer [&hellip;]\" \/>\n<meta property=\"og:url\" content=\"https:\/\/joerglahmann.com\/de\/ebook-mitarbeiter-fuhrung\/\" \/>\n<meta property=\"og:site_name\" content=\"EOS implementer | Deutschland, Schweiz, Espa\u00f1a\" \/>\n<meta property=\"article:modified_time\" content=\"2020-09-14T11:03:05+00:00\" \/>\n<meta property=\"og:image\" content=\"https:\/\/www.joerglahmann.com\/wp-content\/uploads\/2020\/09\/Titelseit-Ebook-Mitabeiter-Fuhrung-igostrategy.jpg\" \/>\n<meta name=\"twitter:card\" content=\"summary_large_image\" \/>\n<meta name=\"twitter:label1\" content=\"Gesch\u00e4tzte Lesezeit\" \/>\n\t<meta name=\"twitter:data1\" content=\"1\u00a0Minute\" \/>\n<script type=\"application\/ld+json\" class=\"yoast-schema-graph\">{\"@context\":\"https:\/\/schema.org\",\"@graph\":[{\"@type\":\"WebPage\",\"@id\":\"https:\/\/joerglahmann.com\/de\/ebook-mitarbeiter-fuhrung\/\",\"url\":\"https:\/\/joerglahmann.com\/de\/ebook-mitarbeiter-fuhrung\/\",\"name\":\"eBook Mitarbeiter-F\u00fchrung - EOS implementer | Deutschland, Schweiz, Espa\u00f1a\",\"isPartOf\":{\"@id\":\"https:\/\/joerglahmann.com\/#website\"},\"primaryImageOfPage\":{\"@id\":\"https:\/\/joerglahmann.com\/de\/ebook-mitarbeiter-fuhrung\/#primaryimage\"},\"image\":{\"@id\":\"https:\/\/joerglahmann.com\/de\/ebook-mitarbeiter-fuhrung\/#primaryimage\"},\"thumbnailUrl\":\"https:\/\/www.joerglahmann.com\/wp-content\/uploads\/2020\/09\/Titelseit-Ebook-Mitabeiter-Fuhrung-igostrategy.jpg\",\"datePublished\":\"2020-09-03T10:13:48+00:00\",\"dateModified\":\"2020-09-14T11:03:05+00:00\",\"breadcrumb\":{\"@id\":\"https:\/\/joerglahmann.com\/de\/ebook-mitarbeiter-fuhrung\/#breadcrumb\"},\"inLanguage\":\"de\",\"potentialAction\":[{\"@type\":\"ReadAction\",\"target\":[\"https:\/\/joerglahmann.com\/de\/ebook-mitarbeiter-fuhrung\/\"]}]},{\"@type\":\"ImageObject\",\"inLanguage\":\"de\",\"@id\":\"https:\/\/joerglahmann.com\/de\/ebook-mitarbeiter-fuhrung\/#primaryimage\",\"url\":\"https:\/\/www.joerglahmann.com\/wp-content\/uploads\/2020\/09\/Titelseit-Ebook-Mitabeiter-Fuhrung-igostrategy.jpg\",\"contentUrl\":\"https:\/\/www.joerglahmann.com\/wp-content\/uploads\/2020\/09\/Titelseit-Ebook-Mitabeiter-Fuhrung-igostrategy.jpg\"},{\"@type\":\"BreadcrumbList\",\"@id\":\"https:\/\/joerglahmann.com\/de\/ebook-mitarbeiter-fuhrung\/#breadcrumb\",\"itemListElement\":[{\"@type\":\"ListItem\",\"position\":1,\"name\":\"Portada\",\"item\":\"https:\/\/joerglahmann.com\/de\/\"},{\"@type\":\"ListItem\",\"position\":2,\"name\":\"eBook Mitarbeiter-F\u00fchrung\"}]},{\"@type\":\"WebSite\",\"@id\":\"https:\/\/joerglahmann.com\/#website\",\"url\":\"https:\/\/joerglahmann.com\/\",\"name\":\"EOS implementer | Deutschland, Schweiz, Espa\u00f1a\",\"description\":\"\",\"potentialAction\":[{\"@type\":\"SearchAction\",\"target\":{\"@type\":\"EntryPoint\",\"urlTemplate\":\"https:\/\/joerglahmann.com\/?s={search_term_string}\"},\"query-input\":{\"@type\":\"PropertyValueSpecification\",\"valueRequired\":true,\"valueName\":\"search_term_string\"}}],\"inLanguage\":\"de\"}]}<\/script>\n<!-- \/ Yoast SEO plugin. -->","yoast_head_json":{"title":"eBook Mitarbeiter-F\u00fchrung - EOS implementer | Deutschland, Schweiz, Espa\u00f1a","robots":{"index":"index","follow":"follow","max-snippet":"max-snippet:-1","max-image-preview":"max-image-preview:large","max-video-preview":"max-video-preview:-1"},"canonical":"https:\/\/joerglahmann.com\/de\/ebook-mitarbeiter-fuhrung\/","og_locale":"de_DE","og_type":"article","og_title":"eBook Mitarbeiter-F\u00fchrung - EOS implementer | Deutschland, Schweiz, Espa\u00f1a","og_description":"Download gratis Titelseite Inhaltsverzeichnis eBook Download F\u00fcllen Sie das folgende Formular aus und erhalten Sie das eBook \u00fcber Meetings gratis.&nbsp; Bei dr\u00fccken der Schaltfl\u00e4che&nbsp;Download&nbsp;akzeptieren Sie unsere&nbsp;Datenschutzbestimmungen. Eine Anleitung zur erfolgreichen Mitarbeiter-F\u00fchrung Nur wenige Menschen werden mit der Gabe des Teammanagements geboren. Gleichzeitig investieren leider nur sehr wenige Unternehmen Zeit und Ressourcen in die Schulung ihrer [&hellip;]","og_url":"https:\/\/joerglahmann.com\/de\/ebook-mitarbeiter-fuhrung\/","og_site_name":"EOS implementer | Deutschland, Schweiz, Espa\u00f1a","article_modified_time":"2020-09-14T11:03:05+00:00","og_image":[{"url":"https:\/\/www.joerglahmann.com\/wp-content\/uploads\/2020\/09\/Titelseit-Ebook-Mitabeiter-Fuhrung-igostrategy.jpg","type":"","width":"","height":""}],"twitter_card":"summary_large_image","twitter_misc":{"Gesch\u00e4tzte Lesezeit":"1\u00a0Minute"},"schema":{"@context":"https:\/\/schema.org","@graph":[{"@type":"WebPage","@id":"https:\/\/joerglahmann.com\/de\/ebook-mitarbeiter-fuhrung\/","url":"https:\/\/joerglahmann.com\/de\/ebook-mitarbeiter-fuhrung\/","name":"eBook Mitarbeiter-F\u00fchrung - EOS implementer | Deutschland, Schweiz, Espa\u00f1a","isPartOf":{"@id":"https:\/\/joerglahmann.com\/#website"},"primaryImageOfPage":{"@id":"https:\/\/joerglahmann.com\/de\/ebook-mitarbeiter-fuhrung\/#primaryimage"},"image":{"@id":"https:\/\/joerglahmann.com\/de\/ebook-mitarbeiter-fuhrung\/#primaryimage"},"thumbnailUrl":"https:\/\/www.joerglahmann.com\/wp-content\/uploads\/2020\/09\/Titelseit-Ebook-Mitabeiter-Fuhrung-igostrategy.jpg","datePublished":"2020-09-03T10:13:48+00:00","dateModified":"2020-09-14T11:03:05+00:00","breadcrumb":{"@id":"https:\/\/joerglahmann.com\/de\/ebook-mitarbeiter-fuhrung\/#breadcrumb"},"inLanguage":"de","potentialAction":[{"@type":"ReadAction","target":["https:\/\/joerglahmann.com\/de\/ebook-mitarbeiter-fuhrung\/"]}]},{"@type":"ImageObject","inLanguage":"de","@id":"https:\/\/joerglahmann.com\/de\/ebook-mitarbeiter-fuhrung\/#primaryimage","url":"https:\/\/www.joerglahmann.com\/wp-content\/uploads\/2020\/09\/Titelseit-Ebook-Mitabeiter-Fuhrung-igostrategy.jpg","contentUrl":"https:\/\/www.joerglahmann.com\/wp-content\/uploads\/2020\/09\/Titelseit-Ebook-Mitabeiter-Fuhrung-igostrategy.jpg"},{"@type":"BreadcrumbList","@id":"https:\/\/joerglahmann.com\/de\/ebook-mitarbeiter-fuhrung\/#breadcrumb","itemListElement":[{"@type":"ListItem","position":1,"name":"Portada","item":"https:\/\/joerglahmann.com\/de\/"},{"@type":"ListItem","position":2,"name":"eBook Mitarbeiter-F\u00fchrung"}]},{"@type":"WebSite","@id":"https:\/\/joerglahmann.com\/#website","url":"https:\/\/joerglahmann.com\/","name":"EOS implementer | Deutschland, Schweiz, Espa\u00f1a","description":"","potentialAction":[{"@type":"SearchAction","target":{"@type":"EntryPoint","urlTemplate":"https:\/\/joerglahmann.com\/?s={search_term_string}"},"query-input":{"@type":"PropertyValueSpecification","valueRequired":true,"valueName":"search_term_string"}}],"inLanguage":"de"}]}},"_links":{"self":[{"href":"https:\/\/joerglahmann.com\/de\/wp-json\/wp\/v2\/pages\/1004800","targetHints":{"allow":["GET"]}}],"collection":[{"href":"https:\/\/joerglahmann.com\/de\/wp-json\/wp\/v2\/pages"}],"about":[{"href":"https:\/\/joerglahmann.com\/de\/wp-json\/wp\/v2\/types\/page"}],"author":[{"embeddable":true,"href":"https:\/\/joerglahmann.com\/de\/wp-json\/wp\/v2\/users\/1"}],"replies":[{"embeddable":true,"href":"https:\/\/joerglahmann.com\/de\/wp-json\/wp\/v2\/comments?post=1004800"}],"version-history":[{"count":5,"href":"https:\/\/joerglahmann.com\/de\/wp-json\/wp\/v2\/pages\/1004800\/revisions"}],"predecessor-version":[{"id":1004805,"href":"https:\/\/joerglahmann.com\/de\/wp-json\/wp\/v2\/pages\/1004800\/revisions\/1004805"}],"wp:attachment":[{"href":"https:\/\/joerglahmann.com\/de\/wp-json\/wp\/v2\/media?parent=1004800"}],"curies":[{"name":"wp","href":"https:\/\/api.w.org\/{rel}","templated":true}]}}