{"id":1009276,"date":"2025-11-15T15:31:10","date_gmt":"2025-11-15T14:31:10","guid":{"rendered":"https:\/\/joerglahmann.com\/?page_id=1009276"},"modified":"2025-11-15T15:55:30","modified_gmt":"2025-11-15T14:55:30","slug":"eos-x-okr-welches-system-passt-zu-deinem-unternehmen","status":"publish","type":"page","link":"https:\/\/joerglahmann.com\/de\/eos-x-okr-welches-system-passt-zu-deinem-unternehmen\/","title":{"rendered":"EOS x OKR \u2013 Welches System passt zu deinem Unternehmen?"},"content":{"rendered":"<p><span><a href=\"https:\/\/joerglahmann.com\/\"><img decoding=\"async\" alt=\"igostrategy logo\" data-id=\"399\" width=\"193\" data-init-width=\"454\" height=\"80\" data-init-height=\"189\" title=\"igostrategy logo\" loading=\"lazy\" src=\"https:\/\/joerglahmann.com\/wp-content\/uploads\/2017\/04\/igostrategy-logo.png\" data-link-wrap=\"true\" data-width=\"193\" data-height=\"80\" style=\"aspect-ratio: auto 454 \/ 189;\"><\/a><\/span><\/p>\n<h1>EOS x OKR \u2013 Welches System passt zu deinem Unternehmen?<strong><\/strong><\/h1>\n<p>Viele Unternehmen in Deutschland stehen irgendwann vor der gleichen Frage:Sollten wir unser Unternehmen mit EOS f\u00fchren oder mit OKR arbeiten? Oder l\u00e4sst sich beides miteinander verbinden?Diese Seite gibt dir eine klare, n\u00fcchterne und praxisnahe Orientierung. Nicht aus der Sicht eines Beraters, sondern aus dem Blickwinkel eines Unternehmers, der <a href=\"https:\/\/joerglahmann.com\/de\/die-8-elemente-einer-guten-unternehmensfuhrung\/\" target=\"_blank\">Struktur und Klarheit <\/a>braucht, um ein Team zu f\u00fchren.Ziel ist nicht, eine der beiden Systeme schlecht zu reden, denn beide sind gute Systeme. Ziel ist, zu verstehen, wof\u00fcr es gut ist und wof\u00fcr nicht. Und ob es f\u00fcr deine Situation wirklich das passende Werkzeug ist.<\/p>\n<p><span><a href=\"https:\/\/joerglahmann.com\/wp-content\/uploads\/2025\/11\/ChatGPT-Image-Nov-15-2025-02_48_51-PM.png\" target=\"_blank\"><img decoding=\"async\" alt=\"OKR vs. EOS\" data-id=\"1009282\" width=\"380\" data-init-width=\"1024\" height=\"380\" data-init-height=\"1024\" title=\"OKR vs. EOS\" loading=\"lazy\" src=\"https:\/\/joerglahmann.com\/wp-content\/uploads\/2025\/11\/ChatGPT-Image-Nov-15-2025-02_48_51-PM.png\" data-link-wrap=\"true\" data-width=\"380\" data-height=\"380\" style=\"aspect-ratio: auto 1024 \/ 1024;\"><\/a><\/span><\/p>\n<h2 style=\"text-align: center;\">Warum die Frage \u00fcberhaupt entsteht<\/h2>\n<p style=\"text-align: center;\">Viele Teams suchen nach Klarheit. Nach einer Methode, die ihnen hilft, den Fokus zu halten, Verantwortung zu st\u00e4rken und Ziele sauber umzusetzen. Und dabei landen sie oft bei denselben Systemen, die im Netz hoch und runter diskutiert werden: EOS und OKR.Beide haben ihre St\u00e4rken.Beides funktioniert \u2013 unter den richtigen Umst\u00e4nden.Aber es sind zwei sehr unterschiedliche Betriebssysteme. Und genau deshalb ist eine klare Entscheidung wichtig.Du kannst kein Unternehmen auf zwei Betriebssystemen gleichzeitig laufen lassen.Das f\u00fchrt zu Verwirrung, Doppelstrukturen und am Ende zu Frust.<\/p>\n<p style=\"text-align: left;\"><span style=\"background-color: var(f87e7);\">OKR x EOS<\/span><\/p>\n<h2 style=\"\">Beide Systeme im Vergleich<\/h2>\n<p style=\"\">OKR<\/p>\n<p><span><a href=\"https:\/\/joerglahmann.com\/wp-content\/uploads\/2025\/11\/okrs.jpg\" target=\"_blank\"><img decoding=\"async\" alt=\"\" data-id=\"1009280\" width=\"123\" data-init-width=\"840\" height=\"69\" data-init-height=\"473\" title=\"okrs\" loading=\"lazy\" src=\"https:\/\/joerglahmann.com\/wp-content\/uploads\/2025\/11\/okrs.jpg\" data-link-wrap=\"true\" data-width=\"123\" data-height=\"69\" style=\"aspect-ratio: auto 840 \/ 473;\"><\/a><\/span><\/p>\n<h6 style=\"\"><strong>Was ist OKR?<\/strong><\/h6>\n<p \"=\"\" style=\"\" tve-droppable\"=\"\">OKR ist ein System zur Zielsetzung. Es hilft Teams, Ziele klar zu definieren und messbar zu machen. OKR besteht aus zwei Teilen:<\/p>\n<p \"=\"\" style=\"\" tve-droppable\"=\"\">\n<ul>\n<li \"=\"\" style=\"\" tve-droppable\"=\"\">Objectives \u2013 die Richtung<\/li>\n<li \"=\"\" style=\"\" tve-droppable\"=\"\">Key Results \u2013 die messbaren Schritte dorthin<\/li>\n<\/ul>\n<p \"=\"\" =\"\"=\"\" style=\"\" tve-droppable\"=\"\">\n<p \"=\"\" =\"\"=\"\" style=\"\" tve-droppable\"=\"\">OKR ist vor allem ein Werkzeug f\u00fcr Fokus und Transparenz.Es ist n\u00fctzlich, wenn bestimmte Teams ihre Ziele sch\u00e4rfen wollen oder wenn ein Unternehmen sehr schnell w\u00e4chst und viel Dynamik hat.<\/p>\n<p \"=\"\" =\"\"=\"\" style=\"\" tve-droppable\"=\"\">Aber OKR ist kein F\u00fchrungssystem. Es regelt nicht: Verantwortlichkeiten, Meetingstruktur, Issues, Prozesse, Datenstruktur, Teamf\u00fchrung. OKR ist also ein Teil der Unternehmensf\u00fchrung, kein Gesamtsystem.<\/p>\n<p style=\"\">EOS<\/p>\n<p><span><a href=\"https:\/\/joerglahmann.com\/wp-content\/uploads\/2025\/11\/EOS-Logo_Reg_2.0-scaled.png\" target=\"_blank\"><img decoding=\"async\" alt=\"EOS Logo\" data-id=\"1009210\" width=\"123\" data-init-width=\"2560\" height=\"68\" data-init-height=\"1414\" title=\"EOS Logo_Reg_2.0\" loading=\"lazy\" src=\"https:\/\/joerglahmann.com\/wp-content\/uploads\/2025\/11\/EOS-Logo_Reg_2.0-scaled.png\" data-link-wrap=\"true\" data-width=\"123\" data-height=\"68\" style=\"aspect-ratio: auto 2560 \/ 1414;\"><\/a><\/span><\/p>\n<h6 style=\"\"><strong><strong>Was ist EOS?<\/strong><\/strong><\/h6>\n<p style=\"\">EOS ist ein vollst\u00e4ndiges Betriebssystem f\u00fcr Unternehmen. Es umfasst alles, was ein <a href=\"https:\/\/joerglahmann.com\/de\/sind-sie-ein-anfuehrer-oder-ein-manager-der-unterschied\/\" target=\"_blank\" style=\"outline: none;\">Leadership-Team <\/a>braucht, um ein Unternehmen klar zu f\u00fchren:<\/p>\n<p style=\"\">\n<ul>\n<li style=\"\">Vision und langfristige Ausrichtung<\/li>\n<li style=\"\">Verantwortlichkeiten und Struktur<\/li>\n<li style=\"\">Scorecards und Transparenz \u00fcber Zahlen<\/li>\n<li style=\"\">Priorit\u00e4ten und Umsetzung<\/li>\n<li style=\"\">Probleme l\u00f6sen<\/li>\n<li style=\"\">Prozesse definieren<\/li>\n<\/ul>\n<p \"=\"\" style=\"\" tve-droppable\"=\"\">Mit anderen Worten: EOS legt fest, wie ihr das Unternehmen f\u00fchrt, entscheidet und steuert, auf eine sehr pragmatische und verst\u00e4ndliche Weise.<\/p>\n<p \"=\"\" style=\"\" tve-droppable\"=\"\">\n<h2>EOS oder OKR \u2013 was ist f\u00fcr dich sinnvoll?<\/h2>\n<p tve-droppable\"\"=\"\">Die Frage ist nicht \u201eWelches System ist besser?\u201c, sondern: &#8222;Was brauchst du?&#8220;Wenn du ein Zielsystem suchst, das Teams hilft, operative Priorit\u00e4ten messbar zu machen, dann ist OKR ein guter Ansatz. OKR beantwortet Fragen wie:<\/p>\n<ul>\n<li tve-droppable\"\"=\"\"><a href=\"https:\/\/joerglahmann.com\/de\/rocks-prioritaeten-im-unternehmen-definieren\/\" target=\"_blank\">Was wollen wir in diesem Quartal erreichen?<\/a><\/li>\n<li tve-droppable\"\"=\"\">Woran messen wir den Fortschritt?<\/li>\n<li tve-droppable\"\"=\"\">Welche Schritte bringen uns konkret zum Ziel?<\/li>\n<\/ul>\n<p tve-droppable\"\"=\"\" \"=\"\"Wenn du ein System brauchst, das dein Unternehmen in der Breite stabilisiert, strukturiert und f\u00fchrt, dann ist EOS der passendere Weg. EOS beantwortet Fragen wie:\/pulli tve-droppable\"\"=\"\"Wer ist wof\u00fcr verantwortlich?\/lili tve-droppable\"\"=\"\"a href=\"https:\/\/joerglahmann.com\/de\/von-der-garage-an-die-weltspitze-wie-amazon-mit-zahlen-zum-erfolg-gelangte\/\" target=\"_blank\"Welche KPIs sind wirklich wichtig?\/a\/lili tve-droppable\"\"=\"\"Wie l\u00f6st ihr Probleme?\/lili tve-droppable\"\"=\"\"Wie setzt ihr Priorit\u00e4ten?\/lili tve-droppable\"\"=\"\"a href=\"https:\/\/joerglahmann.com\/de\/die-vision-zu-einem-wert-machen\/\" target=\"_blank\"Wie sieht eure Vision aus?\/a\/lili tve-droppable\"\"=\"\"Wie sieht eure interne Struktur aus?\/lili tve-droppable\"\"=\"\"Welche Prozesse sind entscheidend?\/li\/ulp \"=\"\">Beide Systeme k\u00f6nnen stark sein \u2013 aber sie erf\u00fcllen einen anderen Zweck.<\/p>\n<h2 style=\"text-align: center;\">Warum EOS und OKR nicht nebeneinander funktionieren<\/h2>\n<p>Jedes Unternehmen braucht ein einziges Betriebssystem, nach dem es gef\u00fchrt wird. Wenn du zwei Systeme parallel laufen l\u00e4sst, passiert Folgendes:<\/p>\n<ul>\n<li><span><strong>unterschiedliche Begriffe<\/strong><\/span><\/li>\n<li><span><strong>unterschiedliche Meetingrhythmen<\/strong><\/span><\/li>\n<li><span><strong>unterschiedliche Priorit\u00e4tensysteme<\/strong><\/span><\/li>\n<li><span><strong>unterschiedliche Toolsets<\/strong><\/span><\/li>\n<li><span><strong>unterschiedliche Erwartungen an F\u00fchrung<\/strong><\/span><\/li>\n<\/ul>\n<p style=\"text-align: center;\">Teams geraten in Konflikte, weil nicht klar ist, welchem System sie folgen sollen. Genau aus diesem Grund empfehle ich immer eine klare Entscheidung:<strong>EOS oder OKR, aber nicht beides.<\/strong><\/p>\n<p><strong>Anmerkung: <\/strong>Viele glauben, OKR w\u00fcrde automatisch zu mehr Fokus f\u00fchren. In der Realit\u00e4t passiert leider h\u00e4ufig etwas anderes. Wenn Verantwortlichkeiten, Prozesse oder Entscheidungswege unscharf sind, dann verst\u00e4rkt OKR das Chaos sogar. Es macht die Ziele sichtbarer, aber nicht die Struktur dahinter. Ein Zielsystem ohne klares F\u00fchrungssystem ist wie ein Navigationsger\u00e4t ohne Lenkrad. EOS l\u00f6st erst die strukturellen Themen, danach k\u00f6nnen Ziele sauber umgesetzt werden.<\/p>\n<h3 style=\"\">Du m\u00f6chtest EOS nutzen?<\/h3>\n<p style=\"\">Meine drei Ziele f\u00fcr dein Unternehmen:<\/p>\n<p>Klare Vision<\/p>\n<p style=\"\">Starke Umsetzung<\/p>\n<p style=\"\">Gutes Team<\/p>\n<p><!--! Font Awesome Free 6.7.1 by @fontawesome - https:\/\/fontawesome.com License - https:\/\/fontawesome.com\/license\/free (Icons: CC BY 4.0, Fonts: SIL OFL 1.1, Code: MIT License) Copyright 2024 Fonticons, Inc. --><\/p>\n<p style=\"\">Bereit mehr aus erster Hand zu erfahren?&nbsp;&nbsp;<\/p>\n<p><span><a href=\"https:\/\/joerglahmann.com\/wp-content\/uploads\/2025\/11\/EOS-Logo_Square_Navy.jpg\" target=\"_blank\"><img decoding=\"async\" alt=\"EOS Logo navy\" data-id=\"1009212\" width=\"447\" data-init-width=\"1500\" height=\"447\" data-init-height=\"1500\" title=\"EOS-Logo_Square_Navy\" loading=\"lazy\" src=\"https:\/\/joerglahmann.com\/wp-content\/uploads\/2025\/11\/EOS-Logo_Square_Navy.jpg\" data-link-wrap=\"true\" data-width=\"447\" data-height=\"447\" style=\"aspect-ratio: auto 1500 \/ 1500;\"><\/a><\/span><\/p>\n<p style=\"\">Du willst noch mehr wissen zu OKR und EOS? Bitte weiterlesen&#8230;<\/p>\n<p><a href=\"#\"><\/a><a href=\"#\"><\/a><a href=\"#\"><\/a><\/p>\n<h2 style=\"\">Wer schreibt das hier eigentlich&#8230;?<\/h2>\n<p tve-droppable\"\"=\"\">Ich begleite seit vielen Jahren Unternehmer und F\u00fchrungsteams. Am Ende macht nicht nur die Methode den Unterschied, sondern immer auch die Person, die durch den Prozess f\u00fchrt. Wenn du ein Gef\u00fchl daf\u00fcr bekommen m\u00f6chtest, wie ich arbeite, hier ein kurzer Einblick:<\/p>\n<ul>\n<li tve-droppable\"\"=\"\"><strong>Struktur mit Leichtigkeit: <\/strong>klar, fokussiert und organisiert, aber immer mit einer menschlichen und humorvollen Note.<\/li>\n<li tve-droppable\"\"=\"\"><strong>Praktische Unternehmererfahrung: <\/strong>ich kenne die Realit\u00e4t eines wachsenden Unternehmens aus erster Hand.<\/li>\n<li tve-droppable\"\"=\"\"><strong>\u00dcber acht Jahre EOS Know-how: <\/strong>ich arbeite nicht theoretisch, sondern bringe Erfahrung aus vielen Leadership-Teams mit. &nbsp;<\/li>\n<\/ul>\n","protected":false},"excerpt":{"rendered":"<p>EOS x OKR \u2013 Welches System passt zu deinem Unternehmen? Viele Unternehmen in Deutschland stehen irgendwann vor der gleichen Frage:Sollten wir unser Unternehmen mit EOS f\u00fchren oder mit OKR arbeiten? Oder l\u00e4sst sich beides miteinander verbinden?Diese Seite gibt dir eine klare, n\u00fcchterne und praxisnahe Orientierung. Nicht aus der Sicht eines Beraters, sondern aus dem Blickwinkel [&hellip;]<\/p>\n","protected":false},"author":1,"featured_media":0,"parent":0,"menu_order":0,"comment_status":"closed","ping_status":"closed","template":"","meta":{"footnotes":""},"class_list":["post-1009276","page","type-page","status-publish","hentry","post-wrapper","thrv_wrapper"],"yoast_head":"<!-- This site is optimized with the Yoast SEO plugin v27.1.1 - https:\/\/yoast.com\/product\/yoast-seo-wordpress\/ -->\n<title>EOS Coach in Deutschland \u2013 Klarheit, Struktur &amp; Fokus f\u00fcr dein Leadership-Team<\/title>\n<meta name=\"description\" content=\"Als erfahrener EOS Coach begleite ich Leadership-Teams in Deutschland zu mehr Klarheit, Verantwortung und Umsetzungskraft. Seit 2017 \u00fcber 70 Unternehmen betreut. Jetzt 90-Minuten-Workshop sichern.\" \/>\n<meta name=\"robots\" content=\"index, follow, max-snippet:-1, max-image-preview:large, max-video-preview:-1\" \/>\n<link rel=\"canonical\" href=\"https:\/\/joerglahmann.com\/de\/eos-x-okr-welches-system-passt-zu-deinem-unternehmen\/\" \/>\n<meta property=\"og:locale\" content=\"de_DE\" \/>\n<meta property=\"og:type\" content=\"article\" \/>\n<meta property=\"og:title\" content=\"EOS Coach in Deutschland \u2013 Klarheit, Struktur &amp; Fokus f\u00fcr dein Leadership-Team\" \/>\n<meta property=\"og:description\" content=\"Als erfahrener EOS Coach begleite ich Leadership-Teams in Deutschland zu mehr Klarheit, Verantwortung und Umsetzungskraft. Seit 2017 \u00fcber 70 Unternehmen betreut. Jetzt 90-Minuten-Workshop sichern.\" \/>\n<meta property=\"og:url\" content=\"https:\/\/joerglahmann.com\/de\/eos-x-okr-welches-system-passt-zu-deinem-unternehmen\/\" \/>\n<meta property=\"og:site_name\" content=\"EOS implementer | Deutschland, Schweiz, Espa\u00f1a\" \/>\n<meta property=\"article:modified_time\" content=\"2025-11-15T14:55:30+00:00\" \/>\n<meta property=\"og:image\" content=\"https:\/\/joerglahmann.com\/wp-content\/uploads\/2017\/04\/igostrategy-logo.png\" \/>\n<meta name=\"twitter:card\" content=\"summary_large_image\" \/>\n<meta name=\"twitter:label1\" content=\"Gesch\u00e4tzte Lesezeit\" \/>\n\t<meta name=\"twitter:data1\" content=\"7\u00a0Minuten\" \/>\n<script type=\"application\/ld+json\" class=\"yoast-schema-graph\">{\"@context\":\"https:\/\/schema.org\",\"@graph\":[{\"@type\":\"WebPage\",\"@id\":\"https:\/\/joerglahmann.com\/de\/eos-x-okr-welches-system-passt-zu-deinem-unternehmen\/\",\"url\":\"https:\/\/joerglahmann.com\/de\/eos-x-okr-welches-system-passt-zu-deinem-unternehmen\/\",\"name\":\"EOS Coach in Deutschland \u2013 Klarheit, Struktur & Fokus f\u00fcr dein Leadership-Team\",\"isPartOf\":{\"@id\":\"https:\/\/joerglahmann.com\/#website\"},\"primaryImageOfPage\":{\"@id\":\"https:\/\/joerglahmann.com\/de\/eos-x-okr-welches-system-passt-zu-deinem-unternehmen\/#primaryimage\"},\"image\":{\"@id\":\"https:\/\/joerglahmann.com\/de\/eos-x-okr-welches-system-passt-zu-deinem-unternehmen\/#primaryimage\"},\"thumbnailUrl\":\"https:\/\/joerglahmann.com\/wp-content\/uploads\/2017\/04\/igostrategy-logo.png\",\"datePublished\":\"2025-11-15T14:31:10+00:00\",\"dateModified\":\"2025-11-15T14:55:30+00:00\",\"description\":\"Als erfahrener EOS Coach begleite ich Leadership-Teams in Deutschland zu mehr Klarheit, Verantwortung und Umsetzungskraft. Seit 2017 \u00fcber 70 Unternehmen betreut. Jetzt 90-Minuten-Workshop sichern.\",\"breadcrumb\":{\"@id\":\"https:\/\/joerglahmann.com\/de\/eos-x-okr-welches-system-passt-zu-deinem-unternehmen\/#breadcrumb\"},\"inLanguage\":\"de\",\"potentialAction\":[{\"@type\":\"ReadAction\",\"target\":[\"https:\/\/joerglahmann.com\/de\/eos-x-okr-welches-system-passt-zu-deinem-unternehmen\/\"]}]},{\"@type\":\"ImageObject\",\"inLanguage\":\"de\",\"@id\":\"https:\/\/joerglahmann.com\/de\/eos-x-okr-welches-system-passt-zu-deinem-unternehmen\/#primaryimage\",\"url\":\"https:\/\/joerglahmann.com\/wp-content\/uploads\/2017\/04\/igostrategy-logo.png\",\"contentUrl\":\"https:\/\/joerglahmann.com\/wp-content\/uploads\/2017\/04\/igostrategy-logo.png\"},{\"@type\":\"BreadcrumbList\",\"@id\":\"https:\/\/joerglahmann.com\/de\/eos-x-okr-welches-system-passt-zu-deinem-unternehmen\/#breadcrumb\",\"itemListElement\":[{\"@type\":\"ListItem\",\"position\":1,\"name\":\"Portada\",\"item\":\"https:\/\/joerglahmann.com\/de\/\"},{\"@type\":\"ListItem\",\"position\":2,\"name\":\"EOS x OKR \u2013 Welches System passt zu deinem Unternehmen?\"}]},{\"@type\":\"WebSite\",\"@id\":\"https:\/\/joerglahmann.com\/#website\",\"url\":\"https:\/\/joerglahmann.com\/\",\"name\":\"EOS implementer | Deutschland, Schweiz, Espa\u00f1a\",\"description\":\"\",\"potentialAction\":[{\"@type\":\"SearchAction\",\"target\":{\"@type\":\"EntryPoint\",\"urlTemplate\":\"https:\/\/joerglahmann.com\/?s={search_term_string}\"},\"query-input\":{\"@type\":\"PropertyValueSpecification\",\"valueRequired\":true,\"valueName\":\"search_term_string\"}}],\"inLanguage\":\"de\"}]}<\/script>\n<!-- \/ Yoast SEO plugin. -->","yoast_head_json":{"title":"EOS Coach in Deutschland \u2013 Klarheit, Struktur & Fokus f\u00fcr dein Leadership-Team","description":"Als erfahrener EOS Coach begleite ich Leadership-Teams in Deutschland zu mehr Klarheit, Verantwortung und Umsetzungskraft. Seit 2017 \u00fcber 70 Unternehmen betreut. Jetzt 90-Minuten-Workshop sichern.","robots":{"index":"index","follow":"follow","max-snippet":"max-snippet:-1","max-image-preview":"max-image-preview:large","max-video-preview":"max-video-preview:-1"},"canonical":"https:\/\/joerglahmann.com\/de\/eos-x-okr-welches-system-passt-zu-deinem-unternehmen\/","og_locale":"de_DE","og_type":"article","og_title":"EOS Coach in Deutschland \u2013 Klarheit, Struktur & Fokus f\u00fcr dein Leadership-Team","og_description":"Als erfahrener EOS Coach begleite ich Leadership-Teams in Deutschland zu mehr Klarheit, Verantwortung und Umsetzungskraft. Seit 2017 \u00fcber 70 Unternehmen betreut. Jetzt 90-Minuten-Workshop sichern.","og_url":"https:\/\/joerglahmann.com\/de\/eos-x-okr-welches-system-passt-zu-deinem-unternehmen\/","og_site_name":"EOS implementer | Deutschland, Schweiz, Espa\u00f1a","article_modified_time":"2025-11-15T14:55:30+00:00","og_image":[{"url":"https:\/\/joerglahmann.com\/wp-content\/uploads\/2017\/04\/igostrategy-logo.png","type":"","width":"","height":""}],"twitter_card":"summary_large_image","twitter_misc":{"Gesch\u00e4tzte Lesezeit":"7\u00a0Minuten"},"schema":{"@context":"https:\/\/schema.org","@graph":[{"@type":"WebPage","@id":"https:\/\/joerglahmann.com\/de\/eos-x-okr-welches-system-passt-zu-deinem-unternehmen\/","url":"https:\/\/joerglahmann.com\/de\/eos-x-okr-welches-system-passt-zu-deinem-unternehmen\/","name":"EOS Coach in Deutschland \u2013 Klarheit, Struktur & Fokus f\u00fcr dein Leadership-Team","isPartOf":{"@id":"https:\/\/joerglahmann.com\/#website"},"primaryImageOfPage":{"@id":"https:\/\/joerglahmann.com\/de\/eos-x-okr-welches-system-passt-zu-deinem-unternehmen\/#primaryimage"},"image":{"@id":"https:\/\/joerglahmann.com\/de\/eos-x-okr-welches-system-passt-zu-deinem-unternehmen\/#primaryimage"},"thumbnailUrl":"https:\/\/joerglahmann.com\/wp-content\/uploads\/2017\/04\/igostrategy-logo.png","datePublished":"2025-11-15T14:31:10+00:00","dateModified":"2025-11-15T14:55:30+00:00","description":"Als erfahrener EOS Coach begleite ich Leadership-Teams in Deutschland zu mehr Klarheit, Verantwortung und Umsetzungskraft. Seit 2017 \u00fcber 70 Unternehmen betreut. Jetzt 90-Minuten-Workshop sichern.","breadcrumb":{"@id":"https:\/\/joerglahmann.com\/de\/eos-x-okr-welches-system-passt-zu-deinem-unternehmen\/#breadcrumb"},"inLanguage":"de","potentialAction":[{"@type":"ReadAction","target":["https:\/\/joerglahmann.com\/de\/eos-x-okr-welches-system-passt-zu-deinem-unternehmen\/"]}]},{"@type":"ImageObject","inLanguage":"de","@id":"https:\/\/joerglahmann.com\/de\/eos-x-okr-welches-system-passt-zu-deinem-unternehmen\/#primaryimage","url":"https:\/\/joerglahmann.com\/wp-content\/uploads\/2017\/04\/igostrategy-logo.png","contentUrl":"https:\/\/joerglahmann.com\/wp-content\/uploads\/2017\/04\/igostrategy-logo.png"},{"@type":"BreadcrumbList","@id":"https:\/\/joerglahmann.com\/de\/eos-x-okr-welches-system-passt-zu-deinem-unternehmen\/#breadcrumb","itemListElement":[{"@type":"ListItem","position":1,"name":"Portada","item":"https:\/\/joerglahmann.com\/de\/"},{"@type":"ListItem","position":2,"name":"EOS x OKR \u2013 Welches System passt zu deinem Unternehmen?"}]},{"@type":"WebSite","@id":"https:\/\/joerglahmann.com\/#website","url":"https:\/\/joerglahmann.com\/","name":"EOS implementer | Deutschland, Schweiz, Espa\u00f1a","description":"","potentialAction":[{"@type":"SearchAction","target":{"@type":"EntryPoint","urlTemplate":"https:\/\/joerglahmann.com\/?s={search_term_string}"},"query-input":{"@type":"PropertyValueSpecification","valueRequired":true,"valueName":"search_term_string"}}],"inLanguage":"de"}]}},"_links":{"self":[{"href":"https:\/\/joerglahmann.com\/de\/wp-json\/wp\/v2\/pages\/1009276","targetHints":{"allow":["GET"]}}],"collection":[{"href":"https:\/\/joerglahmann.com\/de\/wp-json\/wp\/v2\/pages"}],"about":[{"href":"https:\/\/joerglahmann.com\/de\/wp-json\/wp\/v2\/types\/page"}],"author":[{"embeddable":true,"href":"https:\/\/joerglahmann.com\/de\/wp-json\/wp\/v2\/users\/1"}],"replies":[{"embeddable":true,"href":"https:\/\/joerglahmann.com\/de\/wp-json\/wp\/v2\/comments?post=1009276"}],"version-history":[{"count":5,"href":"https:\/\/joerglahmann.com\/de\/wp-json\/wp\/v2\/pages\/1009276\/revisions"}],"predecessor-version":[{"id":1009291,"href":"https:\/\/joerglahmann.com\/de\/wp-json\/wp\/v2\/pages\/1009276\/revisions\/1009291"}],"wp:attachment":[{"href":"https:\/\/joerglahmann.com\/de\/wp-json\/wp\/v2\/media?parent=1009276"}],"curies":[{"name":"wp","href":"https:\/\/api.w.org\/{rel}","templated":true}]}}