{"id":1009292,"date":"2025-11-16T09:16:23","date_gmt":"2025-11-16T08:16:23","guid":{"rendered":"https:\/\/joerglahmann.com\/?page_id=1009292"},"modified":"2025-11-16T09:16:25","modified_gmt":"2025-11-16T08:16:25","slug":"was-ist-eos-die-methode-einfach-erklaert","status":"publish","type":"page","link":"https:\/\/joerglahmann.com\/de\/was-ist-eos-die-methode-einfach-erklaert\/","title":{"rendered":"Was ist EOS? Die Methode einfach erkl\u00e4rt"},"content":{"rendered":"<p><span><a href=\"https:\/\/joerglahmann.com\/\"><img decoding=\"async\" alt=\"igostrategy logo\" data-id=\"399\" width=\"193\" data-init-width=\"454\" height=\"80\" data-init-height=\"189\" title=\"igostrategy logo\" loading=\"lazy\" src=\"https:\/\/joerglahmann.com\/wp-content\/uploads\/2017\/04\/igostrategy-logo.png\" data-link-wrap=\"true\" data-width=\"193\" data-height=\"80\" style=\"aspect-ratio: auto 454 \/ 189;\"><\/a><\/span><\/p>\n<h1>Was ist EOS? Die Methode einfach erkl\u00e4rt<strong><\/strong><\/h1>\n<p>Viele Unternehmer suchen nach einer einfachen und klaren Art, ihr Unternehmen zu f\u00fchren. Nicht nach der n\u00e4chsten Managementmode, nicht nach komplizierten Modellen oder Schlagworten, sondern nach einer Methode, die den Alltag wirklich leichter macht. Und genau hier taucht immer wieder ein Begriff auf: EOS, das Entrepreneurial Operating System.Doch was steckt dahinter? Und warum nutzen so viele Unternehmen weltweit diese Methode, um ihr Wachstum zu strukturieren und ihr Leadership-Team auszurichten?Diese Seite erkl\u00e4rt dir, was EOS ist, wie es funktioniert und warum es in der Praxis so gut wirkt, verst\u00e4ndlich, bodenst\u00e4ndig und nah an der Realit\u00e4t eines wachsenden Unternehmens.<\/p>\n<p><span><a href=\"https:\/\/joerglahmann.com\/wp-content\/uploads\/2025\/11\/EOS-Logo_Square_Navy.jpg\" target=\"_blank\"><img decoding=\"async\" alt=\"EOS Logo navy\" data-id=\"1009212\" width=\"380\" data-init-width=\"1500\" height=\"380\" data-init-height=\"1500\" title=\"EOS-Logo_Square_Navy\" loading=\"lazy\" src=\"https:\/\/joerglahmann.com\/wp-content\/uploads\/2025\/11\/EOS-Logo_Square_Navy.jpg\" data-link-wrap=\"true\" data-width=\"380\" data-height=\"380\" style=\"aspect-ratio: auto 1500 \/ 1500;\"><\/a><\/span><\/p>\n<p style=\"text-align: left;\"><span style=\"background-color: var(f87e7);\">EOS erkl\u00e4rt<\/span><\/p>\n<h2 style=\"\">Was genau ist EOS?<\/h2>\n<p><span><a href=\"https:\/\/joerglahmann.com\/wp-content\/uploads\/2025\/11\/EOS-Logo_Reg_2.0-scaled.png\" target=\"_blank\"><img decoding=\"async\" alt=\"EOS Logo\" data-id=\"1009210\" width=\"241\" data-init-width=\"2560\" height=\"133\" data-init-height=\"1414\" title=\"EOS Logo_Reg_2.0\" loading=\"lazy\" src=\"https:\/\/joerglahmann.com\/wp-content\/uploads\/2025\/11\/EOS-Logo_Reg_2.0-scaled.png\" data-link-wrap=\"true\" data-width=\"241\" data-height=\"133\" style=\"aspect-ratio: auto 2560 \/ 1414;\"><\/a><\/span><\/p>\n<p style=\"\">Ein Steckbrief<\/p>\n<h6 style=\"\"><strong><strong>Was ist EOS?<\/strong><\/strong><\/h6>\n<p style=\"\">EOS ist ein Betriebssystem f\u00fcr Unternehmen. Wenn man es maximal auf einen Satz reduziert, dann ist es folgendes:&nbsp;<\/p>\n<p style=\"text-align: center;\">\n<p><!--! Font Awesome Free 6.7.1 by @fontawesome - https:\/\/fontawesome.com License - https:\/\/fontawesome.com\/license\/free (Icons: CC BY 4.0, Fonts: SIL OFL 1.1, Code: MIT License) Copyright 2024 Fonticons, Inc. --><\/p>\n<p><strong>Eine Methode zur Unternehmensf\u00fchrung, um das zu erreichen was man m\u00f6chte.&nbsp;<\/strong><\/p>\n<p style=\"text-align: left;\">So wie ein Betriebssystem auf deinem Computer festlegt, wie Programme miteinander funktionieren, so sorgt EOS daf\u00fcr, dass die Menschen und Abl\u00e4ufe in deinem Unternehmen in einer gemeinsamen Struktur arbeiten.EOS ist trotz dieser komplexen Aufgabe:<\/p>\n<ul>\n<li style=\"text-align: left;\">einfach zu verstehen<\/li>\n<li style=\"text-align: left;\">leicht umzusetzen<\/li>\n<li style=\"text-align: left;\">flexibel genug f\u00fcr viele Branchen<\/li>\n<li style=\"text-align: left;\">fokussiert auf das Wesentliche<\/li>\n<li style=\"text-align: left;\">Es ist nicht akademisch.<\/li>\n<li style=\"text-align: left;\">Nicht theoretisch.<\/li>\n<li style=\"text-align: left;\">Nicht kompliziert.<\/li>\n<\/ul>\n<p>EOS ist entwickelt worden von Unternehmern, f\u00fcr Unternehmer.<\/p>\n<h2>Warum nutzen Unternehmen EOS?<\/h2>\n<p tve-droppable\"\"=\"\">Nicht weil es fancy klingt. Sondern weil viele Teams das gleiche Grundproblem teilen: Sie arbeiten hart, aber nicht immer am Richtigen.<strong>Was fehlt, ist nicht der Wille, sondern die Struktur.<\/strong>Typische Situationen, die leider viele Teams kennen:<\/p>\n<ul>\n<li><span>die Vision ist da, aber man arbeitet an anderen Dingen<\/span><\/li>\n<li><span>Verantwortlichkeiten sind unklar&nbsp;<\/span><\/li>\n<li><span>Meetings verlaufen uneffektiv&nbsp;<\/span><\/li>\n<li><span>Priorit\u00e4ten kommen nicht bei allen an<\/span><\/li>\n<li><span>Konflikte werden lieber umgangen als gel\u00f6st<\/span><\/li>\n<li><span>F\u00fchrungskr\u00e4fte stecken zu tief im Tagesgesch\u00e4ft<\/span><\/li>\n<\/ul>\n<p tve-droppable\"\"=\"\">EOS schafft hier eine durchgehende Ordnung. Es bringt Struktur in Entscheidungen, Klarheit in Zust\u00e4ndigkeiten und Fokus in die Umsetzung.Viele Teams sagen nach kurzer Zeit denselben Satz: \u201eWir arbeiten nicht h\u00e4rter, wir arbeiten besser und fokussierter.\u201c<\/p>\n<h1 data-end=\"2763\" data-start=\"2728\"><strong data-end=\"2763\" data-start=\"2730\">Die sechs Komponenten von EOS<\/strong><\/h1>\n<p>EOS baut auf sechs grundlegenden Bereichen auf. Sie bilden gemeinsam das Fundament eines klar gef\u00fchrten Unternehmens. Sobald diese <a href=\"https:\/\/joerglahmann.com\/de\/das-modell-eos\/\" target=\"_blank\">sechs Komponenten von EOS <\/a>gest\u00e4rkt sind, arbeitet ein Leadership-Team stabiler, ruhiger und mit weniger Reibung.Wir gehen sie Schritt f\u00fcr Schritt durch.<\/p>\n<h3>1. Vision \u2013 Klarheit dar\u00fcber, wohin das Unternehmen soll<\/h3>\n<p>Die Vision ist nicht nur ein Dokument, sondern ein Arbeitswerkzeug. Mit EOS beantwortet ein <a href=\"https:\/\/joerglahmann.com\/de\/ebook-mitarbeiter-fuhrung\/\" target=\"_blank\">F\u00fchrungsteam <\/a>grundlegende Fragen, um klarzulegen wo die Reise hingeht und wie das Unternehmen dahin kommt.<\/p>\n<p>Eine Vision ohne Plan ist nur eine Halluzination!<\/p>\n<p>Die Vision wird anschlie\u00dfend regelm\u00e4\u00dfig kommuniziert, sodass jeder im Unternehmen wei\u00df, wohin die Reise geht.<a href=\"https:\/\/joerglahmann.com\/de\/die-vision-zu-einem-wert-machen\/\" target=\"_blank\">Eine klare Vision <\/a>schafft Ruhe.Sie nimmt Diskussionen den Nebel.Sie sorgt daf\u00fcr, dass Entscheidungen nicht jeden Tag neu erfunden werden.<\/p>\n<p><span><a href=\"https:\/\/joerglahmann.com\/wp-content\/uploads\/2025\/11\/EOS-Modell-transparent-DE.png\" target=\"_blank\"><img decoding=\"async\" alt=\"EOS-Modell \" data-id=\"1009226\" width=\"376\" data-init-width=\"1500\" height=\"385\" data-init-height=\"1535\" title=\"EOS-Modell transparent DE\" loading=\"lazy\" src=\"https:\/\/joerglahmann.com\/wp-content\/uploads\/2025\/11\/EOS-Modell-transparent-DE.png\" data-link-wrap=\"true\" data-width=\"376\" data-height=\"385\" style=\"aspect-ratio: auto 1500 \/ 1535;\"><\/a><\/span><\/p>\n<h3>2. Menschen \u2013 Die richtigen Personen auf den richtigen Stellen<\/h3>\n<p>Wachstum erzeugt Komplexit\u00e4t. Komplexit\u00e4t erzeugt Rollenvermischung. Rollenvermischung erzeugt Chaos.EOS hilft Teams, genau zu kl\u00e4ren:<\/p>\n<ul>\n<li>Welche Rollen braucht das Unternehmen wirklich?<\/li>\n<li>Wer ist wof\u00fcr verantwortlich?<\/li>\n<li>Wo fehlen Kompetenzen?<\/li>\n<li>Wo gibt es \u00dcberschneidungen?<\/li>\n<\/ul>\n<p>Im Mittelpunkt steht eine einfache Frage: <a href=\"https:\/\/joerglahmann.com\/de\/5-bausteine-fur-die-gewunschte-firmenkultur\/\" target=\"_blank\">Passt die Person ins Team<\/a> \u2013 und in die Rolle?<\/p>\n<p>Wenn das klar ist, wird F\u00fchrung deutlich einfacher.<\/p>\n<h3>3. Daten \u2013 Entscheidungen auf Basis klarer Zahlen<\/h3>\n<p>Viele Diskussionen basieren auf Meinungen. Mit Daten wird F\u00fchrung dagegen konkret.<a href=\"https:\/\/joerglahmann.com\/de\/die-12-haeufigsten-kpi-fehler-und-wie-man-sie-vermeidet\/\" target=\"_blank\">EOS arbeitet mit einer Scorecard<\/a>, die jede Woche die wichtigsten Kennzahlen anzeigt:<\/p>\n<ul>\n<li>Was l\u00e4uft gut?<\/li>\n<li>Was l\u00e4uft schlecht?<\/li>\n<li>Wo m\u00fcssen wir eingreifen?<\/li>\n<\/ul>\n<p>Es geht nicht darum, \u00fcberall Zahlen reinzudr\u00fccken. Sondern darum, wenige, aber entscheidende Kennzahlen zu nutzen.<\/p>\n<p>Mit Daten gewinnt ein Leadership-Team Kontrolle. Ohne <a href=\"https:\/\/joerglahmann.com\/de\/personen-effizient-fuhren-und-managen\/\" target=\"_blank\">Mikromanagement<\/a>.<\/p>\n<h3>4. Issues \u2013 Themen wirklich l\u00f6sen<\/h3>\n<p>Issues ist alles zwischen einer M\u00f6glichkeit und einem Problem, gross und klein: wir m\u00fcssten mal dar\u00fcber reden&#8230;<\/p>\n<p>In den meisten Unternehmen sind Issues eine wahre Pandemie: niemand weiss genau welche es gibt und wo sie stehen und schon gar nicht wann und wo wir sie angehen sollten. Es wird diskutiert, geschoben, relativiert, aber selten konsequent gel\u00f6st.EOS nutzt einen klaren Prozess, um <a href=\"https:\/\/joerglahmann.com\/de\/probleme-losen-im-unternehmen\/\" target=\"_blank\">Issues langfristig zu l\u00f6sen<\/a>. Nicht kosmetisch. Nicht oberfl\u00e4chlich.Sondern so, dass das Thema wirklich erledigt ist.Viele Teams sagen, dass sich dadurch der Ton im Unternehmen ver\u00e4ndert.Weniger Schuld.Mehr Verantwortung.Mehr Fortschritt.<\/p>\n<h3>5. Prozesse \u2013 Klarheit, wie das Unternehmen funktioniert<\/h3>\n<p>Jedes Unternehmen hat Prozesse. Meist einen <a href=\"https:\/\/joerglahmann.com\/de\/4-schritte-zur-definition-der-prozesse-im-unternehmen\/\" target=\"_blank\">Dschungel aus Prozessen,<\/a> niemand kennt sie, niemand lebt danach&#8230;<\/p>\n<p>EOS hilft dabei, die wichtigsten Abl\u00e4ufe zu dokumentieren und einzuhalten. Nicht jedes DetailNicht jedes kleine Zwischenst\u00fcckSondern genau die 20 Prozent der Prozesse, die 80 Prozent des Ergebnisses bringen.<\/p>\n<p>Das sorgt f\u00fcr Konsistenz, Geschwindigkeit und weniger Fehler.<\/p>\n<h3>6. Traction \u2013 Umsetzung, Woche f\u00fcr Woche<\/h3>\n<p>Die beste Vision bringt wenig, wenn nicht zielgerichtet umgesetzt wird. Traction ist die Komponente, die sicherstellt, dass Teams:<\/p>\n<ul>\n<li>klare Quartalsziele (Rocks) setzen<\/li>\n<li>Fortschritte w\u00f6chentlich \u00fcberpr\u00fcfen<\/li>\n<li>Hindernisse sofort l\u00f6sen<\/li>\n<li>sich nicht im Alltag verlieren<\/li>\n<\/ul>\n<p>Hier wierd sichergestellt, dass das Unternehmen sich zielgerichtet nach vorne bewegt, immer besser, mit mehr Fokus.&nbsp;<\/p>\n<\/p>\n<p>Bis jetzt war es nur Theorie. Damit es nicht so bleibt erkl\u00e4re ich dir <strong>weiter unten gleich die wichtigsten Tools von EOS<\/strong>.<strong>&nbsp;<\/strong><\/p>\n<h3 style=\"\">Du m\u00f6chtest EOS nutzen?<\/h3>\n<p style=\"\">Meine drei Ziele f\u00fcr dein Unternehmen:<\/p>\n<p>Klare Vision<\/p>\n<p style=\"\">Starke Umsetzung<\/p>\n<p style=\"\">Gutes Team<\/p>\n<p><!--! Font Awesome Free 6.7.1 by @fontawesome - https:\/\/fontawesome.com License - https:\/\/fontawesome.com\/license\/free (Icons: CC BY 4.0, Fonts: SIL OFL 1.1, Code: MIT License) Copyright 2024 Fonticons, Inc. --><\/p>\n<p style=\"\">Bereit mehr aus erster Hand zu erfahren?&nbsp;&nbsp;<\/p>\n<p><span><a href=\"https:\/\/joerglahmann.com\/wp-content\/uploads\/2025\/11\/EOS-Logo_Square_Navy.jpg\" target=\"_blank\"><img decoding=\"async\" alt=\"EOS Logo navy\" data-id=\"1009212\" width=\"447\" data-init-width=\"1500\" height=\"447\" data-init-height=\"1500\" title=\"EOS-Logo_Square_Navy\" loading=\"lazy\" src=\"https:\/\/joerglahmann.com\/wp-content\/uploads\/2025\/11\/EOS-Logo_Square_Navy.jpg\" data-link-wrap=\"true\" data-width=\"447\" data-height=\"447\" style=\"aspect-ratio: auto 1500 \/ 1500;\"><\/a><\/span><\/p>\n<p style=\"\">Du willst noch mehr wissen zu OKR und EOS? Bitte weiterlesen&#8230;<\/p>\n<p><a href=\"#\"><\/a><a href=\"#\"><\/a><a href=\"#\"><\/a><\/p>\n<h2 style=\"\">Wer schreibt das hier eigentlich&#8230;?<\/h2>\n<p tve-droppable\"\"=\"\">Ich begleite seit vielen Jahren Unternehmer und F\u00fchrungsteams. Am Ende macht nicht nur die Methode den Unterschied, sondern immer auch die Person, die durch den Prozess f\u00fchrt. Wenn du ein Gef\u00fchl daf\u00fcr bekommen m\u00f6chtest, wie ich arbeite, hier ein kurzer Einblick:<\/p>\n<ul>\n<li tve-droppable\"\"=\"\"><strong>Struktur mit Leichtigkeit: <\/strong>klar, fokussiert und organisiert, aber immer mit einer menschlichen und humorvollen Note.<\/li>\n<li tve-droppable\"\"=\"\"><strong>Praktische Unternehmererfahrung: <\/strong>ich kenne die Realit\u00e4t eines wachsenden Unternehmens aus erster Hand.<\/li>\n<li tve-droppable\"\"=\"\"><strong>\u00dcber acht Jahre EOS Know-how: <\/strong>ich arbeite nicht theoretisch, sondern bringe Erfahrung aus vielen Leadership-Teams mit. &nbsp;<\/li>\n<\/ul>\n","protected":false},"excerpt":{"rendered":"<p>Was ist EOS? Die Methode einfach erkl\u00e4rt Viele Unternehmer suchen nach einer einfachen und klaren Art, ihr Unternehmen zu f\u00fchren. Nicht nach der n\u00e4chsten Managementmode, nicht nach komplizierten Modellen oder Schlagworten, sondern nach einer Methode, die den Alltag wirklich leichter macht. Und genau hier taucht immer wieder ein Begriff auf: EOS, das Entrepreneurial Operating System.Doch [&hellip;]<\/p>\n","protected":false},"author":1,"featured_media":0,"parent":0,"menu_order":0,"comment_status":"closed","ping_status":"closed","template":"","meta":{"footnotes":""},"class_list":["post-1009292","page","type-page","status-publish","hentry","post-wrapper","thrv_wrapper"],"yoast_head":"<!-- This site is optimized with the Yoast SEO plugin v27.1.1 - https:\/\/yoast.com\/product\/yoast-seo-wordpress\/ -->\n<title>Was ist EOS? Die Methode einfach erkl\u00e4rt \u2013 Entrepreneurial Operating System<\/title>\n<meta name=\"description\" content=\"Verstehe EOS in einfachen Worten: die sechs Komponenten, die wichtigsten Tools wie VTO, Rocks, Scorecard und Level-10-Meetings. Klar, verst\u00e4ndlich und praxisnah erkl\u00e4rt f\u00fcr Leadership-Teams.\" \/>\n<meta name=\"robots\" content=\"index, follow, max-snippet:-1, max-image-preview:large, max-video-preview:-1\" \/>\n<link rel=\"canonical\" href=\"https:\/\/joerglahmann.com\/de\/was-ist-eos-die-methode-einfach-erklaert\/\" \/>\n<meta property=\"og:locale\" content=\"de_DE\" \/>\n<meta property=\"og:type\" content=\"article\" \/>\n<meta property=\"og:title\" content=\"Was ist EOS? Die Methode einfach erkl\u00e4rt \u2013 Entrepreneurial Operating System\" \/>\n<meta property=\"og:description\" content=\"Verstehe EOS in einfachen Worten: die sechs Komponenten, die wichtigsten Tools wie VTO, Rocks, Scorecard und Level-10-Meetings. Klar, verst\u00e4ndlich und praxisnah erkl\u00e4rt f\u00fcr Leadership-Teams.\" \/>\n<meta property=\"og:url\" content=\"https:\/\/joerglahmann.com\/de\/was-ist-eos-die-methode-einfach-erklaert\/\" \/>\n<meta property=\"og:site_name\" content=\"EOS implementer | Deutschland, Schweiz, Espa\u00f1a\" \/>\n<meta property=\"article:modified_time\" content=\"2025-11-16T08:16:25+00:00\" \/>\n<meta property=\"og:image\" content=\"https:\/\/joerglahmann.com\/wp-content\/uploads\/2017\/04\/igostrategy-logo.png\" \/>\n<meta name=\"twitter:card\" content=\"summary_large_image\" \/>\n<meta name=\"twitter:label1\" content=\"Gesch\u00e4tzte Lesezeit\" \/>\n\t<meta name=\"twitter:data1\" content=\"13\u00a0Minuten\" \/>\n<script type=\"application\/ld+json\" class=\"yoast-schema-graph\">{\"@context\":\"https:\/\/schema.org\",\"@graph\":[{\"@type\":\"WebPage\",\"@id\":\"https:\/\/joerglahmann.com\/de\/was-ist-eos-die-methode-einfach-erklaert\/\",\"url\":\"https:\/\/joerglahmann.com\/de\/was-ist-eos-die-methode-einfach-erklaert\/\",\"name\":\"Was ist EOS? Die Methode einfach erkl\u00e4rt \u2013 Entrepreneurial Operating System\",\"isPartOf\":{\"@id\":\"https:\/\/joerglahmann.com\/#website\"},\"primaryImageOfPage\":{\"@id\":\"https:\/\/joerglahmann.com\/de\/was-ist-eos-die-methode-einfach-erklaert\/#primaryimage\"},\"image\":{\"@id\":\"https:\/\/joerglahmann.com\/de\/was-ist-eos-die-methode-einfach-erklaert\/#primaryimage\"},\"thumbnailUrl\":\"https:\/\/joerglahmann.com\/wp-content\/uploads\/2017\/04\/igostrategy-logo.png\",\"datePublished\":\"2025-11-16T08:16:23+00:00\",\"dateModified\":\"2025-11-16T08:16:25+00:00\",\"description\":\"Verstehe EOS in einfachen Worten: die sechs Komponenten, die wichtigsten Tools wie VTO, Rocks, Scorecard und Level-10-Meetings. Klar, verst\u00e4ndlich und praxisnah erkl\u00e4rt f\u00fcr Leadership-Teams.\",\"breadcrumb\":{\"@id\":\"https:\/\/joerglahmann.com\/de\/was-ist-eos-die-methode-einfach-erklaert\/#breadcrumb\"},\"inLanguage\":\"de\",\"potentialAction\":[{\"@type\":\"ReadAction\",\"target\":[\"https:\/\/joerglahmann.com\/de\/was-ist-eos-die-methode-einfach-erklaert\/\"]}]},{\"@type\":\"ImageObject\",\"inLanguage\":\"de\",\"@id\":\"https:\/\/joerglahmann.com\/de\/was-ist-eos-die-methode-einfach-erklaert\/#primaryimage\",\"url\":\"https:\/\/joerglahmann.com\/wp-content\/uploads\/2017\/04\/igostrategy-logo.png\",\"contentUrl\":\"https:\/\/joerglahmann.com\/wp-content\/uploads\/2017\/04\/igostrategy-logo.png\"},{\"@type\":\"BreadcrumbList\",\"@id\":\"https:\/\/joerglahmann.com\/de\/was-ist-eos-die-methode-einfach-erklaert\/#breadcrumb\",\"itemListElement\":[{\"@type\":\"ListItem\",\"position\":1,\"name\":\"Portada\",\"item\":\"https:\/\/joerglahmann.com\/de\/\"},{\"@type\":\"ListItem\",\"position\":2,\"name\":\"Was ist EOS? Die Methode einfach erkl\u00e4rt\"}]},{\"@type\":\"WebSite\",\"@id\":\"https:\/\/joerglahmann.com\/#website\",\"url\":\"https:\/\/joerglahmann.com\/\",\"name\":\"EOS implementer | Deutschland, Schweiz, Espa\u00f1a\",\"description\":\"\",\"potentialAction\":[{\"@type\":\"SearchAction\",\"target\":{\"@type\":\"EntryPoint\",\"urlTemplate\":\"https:\/\/joerglahmann.com\/?s={search_term_string}\"},\"query-input\":{\"@type\":\"PropertyValueSpecification\",\"valueRequired\":true,\"valueName\":\"search_term_string\"}}],\"inLanguage\":\"de\"}]}<\/script>\n<!-- \/ Yoast SEO plugin. -->","yoast_head_json":{"title":"Was ist EOS? Die Methode einfach erkl\u00e4rt \u2013 Entrepreneurial Operating System","description":"Verstehe EOS in einfachen Worten: die sechs Komponenten, die wichtigsten Tools wie VTO, Rocks, Scorecard und Level-10-Meetings. Klar, verst\u00e4ndlich und praxisnah erkl\u00e4rt f\u00fcr Leadership-Teams.","robots":{"index":"index","follow":"follow","max-snippet":"max-snippet:-1","max-image-preview":"max-image-preview:large","max-video-preview":"max-video-preview:-1"},"canonical":"https:\/\/joerglahmann.com\/de\/was-ist-eos-die-methode-einfach-erklaert\/","og_locale":"de_DE","og_type":"article","og_title":"Was ist EOS? Die Methode einfach erkl\u00e4rt \u2013 Entrepreneurial Operating System","og_description":"Verstehe EOS in einfachen Worten: die sechs Komponenten, die wichtigsten Tools wie VTO, Rocks, Scorecard und Level-10-Meetings. Klar, verst\u00e4ndlich und praxisnah erkl\u00e4rt f\u00fcr Leadership-Teams.","og_url":"https:\/\/joerglahmann.com\/de\/was-ist-eos-die-methode-einfach-erklaert\/","og_site_name":"EOS implementer | Deutschland, Schweiz, Espa\u00f1a","article_modified_time":"2025-11-16T08:16:25+00:00","og_image":[{"url":"https:\/\/joerglahmann.com\/wp-content\/uploads\/2017\/04\/igostrategy-logo.png","type":"","width":"","height":""}],"twitter_card":"summary_large_image","twitter_misc":{"Gesch\u00e4tzte Lesezeit":"13\u00a0Minuten"},"schema":{"@context":"https:\/\/schema.org","@graph":[{"@type":"WebPage","@id":"https:\/\/joerglahmann.com\/de\/was-ist-eos-die-methode-einfach-erklaert\/","url":"https:\/\/joerglahmann.com\/de\/was-ist-eos-die-methode-einfach-erklaert\/","name":"Was ist EOS? Die Methode einfach erkl\u00e4rt \u2013 Entrepreneurial Operating System","isPartOf":{"@id":"https:\/\/joerglahmann.com\/#website"},"primaryImageOfPage":{"@id":"https:\/\/joerglahmann.com\/de\/was-ist-eos-die-methode-einfach-erklaert\/#primaryimage"},"image":{"@id":"https:\/\/joerglahmann.com\/de\/was-ist-eos-die-methode-einfach-erklaert\/#primaryimage"},"thumbnailUrl":"https:\/\/joerglahmann.com\/wp-content\/uploads\/2017\/04\/igostrategy-logo.png","datePublished":"2025-11-16T08:16:23+00:00","dateModified":"2025-11-16T08:16:25+00:00","description":"Verstehe EOS in einfachen Worten: die sechs Komponenten, die wichtigsten Tools wie VTO, Rocks, Scorecard und Level-10-Meetings. Klar, verst\u00e4ndlich und praxisnah erkl\u00e4rt f\u00fcr Leadership-Teams.","breadcrumb":{"@id":"https:\/\/joerglahmann.com\/de\/was-ist-eos-die-methode-einfach-erklaert\/#breadcrumb"},"inLanguage":"de","potentialAction":[{"@type":"ReadAction","target":["https:\/\/joerglahmann.com\/de\/was-ist-eos-die-methode-einfach-erklaert\/"]}]},{"@type":"ImageObject","inLanguage":"de","@id":"https:\/\/joerglahmann.com\/de\/was-ist-eos-die-methode-einfach-erklaert\/#primaryimage","url":"https:\/\/joerglahmann.com\/wp-content\/uploads\/2017\/04\/igostrategy-logo.png","contentUrl":"https:\/\/joerglahmann.com\/wp-content\/uploads\/2017\/04\/igostrategy-logo.png"},{"@type":"BreadcrumbList","@id":"https:\/\/joerglahmann.com\/de\/was-ist-eos-die-methode-einfach-erklaert\/#breadcrumb","itemListElement":[{"@type":"ListItem","position":1,"name":"Portada","item":"https:\/\/joerglahmann.com\/de\/"},{"@type":"ListItem","position":2,"name":"Was ist EOS? Die Methode einfach erkl\u00e4rt"}]},{"@type":"WebSite","@id":"https:\/\/joerglahmann.com\/#website","url":"https:\/\/joerglahmann.com\/","name":"EOS implementer | Deutschland, Schweiz, Espa\u00f1a","description":"","potentialAction":[{"@type":"SearchAction","target":{"@type":"EntryPoint","urlTemplate":"https:\/\/joerglahmann.com\/?s={search_term_string}"},"query-input":{"@type":"PropertyValueSpecification","valueRequired":true,"valueName":"search_term_string"}}],"inLanguage":"de"}]}},"_links":{"self":[{"href":"https:\/\/joerglahmann.com\/de\/wp-json\/wp\/v2\/pages\/1009292","targetHints":{"allow":["GET"]}}],"collection":[{"href":"https:\/\/joerglahmann.com\/de\/wp-json\/wp\/v2\/pages"}],"about":[{"href":"https:\/\/joerglahmann.com\/de\/wp-json\/wp\/v2\/types\/page"}],"author":[{"embeddable":true,"href":"https:\/\/joerglahmann.com\/de\/wp-json\/wp\/v2\/users\/1"}],"replies":[{"embeddable":true,"href":"https:\/\/joerglahmann.com\/de\/wp-json\/wp\/v2\/comments?post=1009292"}],"version-history":[{"count":7,"href":"https:\/\/joerglahmann.com\/de\/wp-json\/wp\/v2\/pages\/1009292\/revisions"}],"predecessor-version":[{"id":1009302,"href":"https:\/\/joerglahmann.com\/de\/wp-json\/wp\/v2\/pages\/1009292\/revisions\/1009302"}],"wp:attachment":[{"href":"https:\/\/joerglahmann.com\/de\/wp-json\/wp\/v2\/media?parent=1009292"}],"curies":[{"name":"wp","href":"https:\/\/api.w.org\/{rel}","templated":true}]}}