{"id":1283,"date":"2015-02-15T00:26:38","date_gmt":"2015-02-15T00:26:38","guid":{"rendered":"https:\/\/www.joerglahmann.com\/contacto\/"},"modified":"2025-02-28T17:14:44","modified_gmt":"2025-02-28T16:14:44","slug":"kontakt","status":"publish","type":"page","link":"https:\/\/joerglahmann.com\/de\/kontakt\/","title":{"rendered":"Kontakt: Wir helfen Ihnen gerne!"},"content":{"rendered":"<h2 style=\"margin-top: 0px !important;\">Wie kann ich helfen?<\/h2>\n<p>Haben Sie Fragen zur Umsetzung des Entrepreneurial Operating System EOS in Ihrem Unternehmen? Oder m\u00f6chten Sie abkl\u00e4ren, ob EOS das Richtige f\u00fcr Sie und Ihr Unternehmen ist?<\/p>\n<p>Gerne k\u00f6nnen wir einen Termin festsetzen, um Ihre Fragen zu beantworten. Oder vereinbaren Sie mit mir ein <a href=\"https:\/\/www.joerglahmann.com\/de\/90-minuten-fuer-mehr-information-ueber-eos\/\" style=\"outline: none;\">kostenloses, 90-min\u00fctiges Meeting<\/a>, bei dem Ihr Management-Team mehr \u00fcber EOS erf\u00e4hrt.<\/p>\n<p>Schreiben Sie mir gerne eine email mit Ihren Fragen oder Vorschl\u00e4gen. Ich freue mich drauf, von Ihnen zu h\u00f6ren.<\/p>\n<p><span><img loading=\"lazy\" decoding=\"async\" alt=\"EOS Barcelona email\" style=\"aspect-ratio: auto 50 \/ 48;\" src=\"\/\/www.joerglahmann.com\/wp-content\/uploads\/2017\/04\/email.png\" width=\"50\" height=\"48\" data-attachment-id=\"546\" data-width=\"50\" data-height=\"48\" data-init-width=\"50\" data-init-height=\"48\"><\/span><\/p>\n<p style=\"margin-top: 10px !important;\">jorg@joerglahmann.com<\/p>\n<h3 style=\"\">Schweiz &#8211; Deutschland &#8211; Barcelona<\/h3>\n<p>Ich arbeite auf Deutsch, Englisch und Spanisch<span style=\"font-size: 1em;\">.<\/span><\/p>\n<p><span><img loading=\"lazy\" decoding=\"async\" alt=\"mapa donde trabaja 1.0\" style=\"width: 333.219px;\" src=\"\/\/www.joerglahmann.com\/wp-content\/uploads\/2017\/05\/mapa-donde-trabaja-1.0.gif\" width=\"532\" height=\"437\" data-attachment-id=\"726\"><\/span><\/p>\n<p style=\"\"><strong>Nichts verpassen und den Newsletter abonnieren<\/strong><\/p>\n<p><strong>Inspiration aus meinem Blog mit mehr als 100 Artikeln &#8230;<\/strong><\/p>\n<h2><span data-shortcode=\"tcb_post_title\" data-shortcode-name=\"Post title\" data-extra_key=\"\" data-attr-link=\"1\" data-attr-target=\"0\" data-attr-rel=\"0\" data-option-inline=\"1\" data-attr-static-link=\"{&quot;className&quot;:&quot;&quot;,&quot;href&quot;:&quot;https:\/\/www.joerglahmann.com\/de\/der-wichtigste-baustein-fuer-ein-erfolgreiches-unternehmen\/&quot;,&quot;title&quot;:&quot;Der wichtigste Baustein f\u00fcr ein erfolgreiches Unternehmen&quot;,&quot;class&quot;:&quot;&quot;}\" data-attr-css=\"\"><a href=\"https:\/\/www.joerglahmann.com\/de\/der-wichtigste-baustein-fuer-ein-erfolgreiches-unternehmen\/\" title=\"Der wichtigste Baustein f\u00fcr ein erfolgreiches Unternehmen\" data-css=\"\">Der wichtigste Baustein f\u00fcr ein erfolgreiches Unternehmen<\/a><\/span><\/h2>\n<p><a href=\"https:\/\/www.joerglahmann.com\/de\/der-wichtigste-baustein-fuer-ein-erfolgreiches-unternehmen\/\" style=\"\"><span><span>Read More<\/span><\/span><\/a><\/p>\n<h2><span data-shortcode=\"tcb_post_title\" data-shortcode-name=\"Post title\" data-extra_key=\"\" data-attr-link=\"1\" data-attr-target=\"0\" data-attr-rel=\"0\" data-option-inline=\"1\" data-attr-static-link=\"{&quot;className&quot;:&quot;&quot;,&quot;href&quot;:&quot;https:\/\/www.joerglahmann.com\/de\/der-wichtigste-baustein-fuer-ein-erfolgreiches-unternehmen\/&quot;,&quot;title&quot;:&quot;Der wichtigste Baustein f\u00fcr ein erfolgreiches Unternehmen&quot;,&quot;class&quot;:&quot;&quot;}\" data-attr-css=\"\"><a href=\"https:\/\/www.joerglahmann.com\/de\/streitkultur-so-gehst-du-mit-konflikten-richtig-um\/\" title=\"Streitkultur: So gehst du mit Konflikten richtig um\" data-css=\"\">Streitkultur: So gehst du mit Konflikten richtig um<\/a><\/span><\/h2>\n<p><a href=\"https:\/\/www.joerglahmann.com\/de\/streitkultur-so-gehst-du-mit-konflikten-richtig-um\/\" style=\"\"><span><span>Read More<\/span><\/span><\/a><\/p>\n<h2><span data-shortcode=\"tcb_post_title\" data-shortcode-name=\"Post title\" data-extra_key=\"\" data-attr-link=\"1\" data-attr-target=\"0\" data-attr-rel=\"0\" data-option-inline=\"1\" data-attr-static-link=\"{&quot;className&quot;:&quot;&quot;,&quot;href&quot;:&quot;https:\/\/www.joerglahmann.com\/de\/der-wichtigste-baustein-fuer-ein-erfolgreiches-unternehmen\/&quot;,&quot;title&quot;:&quot;Der wichtigste Baustein f\u00fcr ein erfolgreiches Unternehmen&quot;,&quot;class&quot;:&quot;&quot;}\" data-attr-css=\"\"><a href=\"https:\/\/www.joerglahmann.com\/de\/delegieren-ein-video-englisch\/\" title=\"Delegieren \u2013 ein Video (Englisch)\" data-css=\"\">Delegieren \u2013 ein Video (Englisch)<\/a><\/span><\/h2>\n<p><a href=\"https:\/\/www.joerglahmann.com\/de\/delegieren-ein-video-englisch\/\" style=\"\"><span><span>Read More<\/span><\/span><\/a><\/p>\n<h2><span data-shortcode=\"tcb_post_title\" data-shortcode-name=\"Post title\" data-extra_key=\"\" data-attr-link=\"1\" data-attr-target=\"0\" data-attr-rel=\"0\" data-option-inline=\"1\" data-attr-static-link=\"{&quot;className&quot;:&quot;&quot;,&quot;href&quot;:&quot;https:\/\/www.joerglahmann.com\/de\/der-wichtigste-baustein-fuer-ein-erfolgreiches-unternehmen\/&quot;,&quot;title&quot;:&quot;Der wichtigste Baustein f\u00fcr ein erfolgreiches Unternehmen&quot;,&quot;class&quot;:&quot;&quot;}\" data-attr-css=\"\"><a href=\"https:\/\/www.joerglahmann.com\/de\/mitarbeiterbindung-6-probleme-und-ihre-loesungen\/\" title=\"Mitarbeiterbindung: 6 Probleme \u2013 und ihre L\u00f6sungen\" data-css=\"\">Mitarbeiterbindung: 6 Probleme \u2013 und ihre L\u00f6sungen<\/a><\/span><\/h2>\n<p><a href=\"https:\/\/www.joerglahmann.com\/de\/mitarbeiterbindung-6-probleme-und-ihre-loesungen\/\" style=\"\"><span><span>Read More<\/span><\/span><\/a><\/p>\n<h2><span data-shortcode=\"tcb_post_title\" data-shortcode-name=\"Post title\" data-extra_key=\"\" data-attr-link=\"1\" data-attr-target=\"0\" data-attr-rel=\"0\" data-option-inline=\"1\" data-attr-static-link=\"{&quot;className&quot;:&quot;&quot;,&quot;href&quot;:&quot;https:\/\/www.joerglahmann.com\/de\/der-wichtigste-baustein-fuer-ein-erfolgreiches-unternehmen\/&quot;,&quot;title&quot;:&quot;Der wichtigste Baustein f\u00fcr ein erfolgreiches Unternehmen&quot;,&quot;class&quot;:&quot;&quot;}\" data-attr-css=\"\"><a href=\"https:\/\/www.joerglahmann.com\/de\/dein-unternehmen-ein-spiegelbild-deiner-selbst\/\" title=\"Dein Unternehmen: ein Spiegelbild deiner selbst\" data-css=\"\">Dein Unternehmen: ein Spiegelbild deiner selbst<\/a><\/span><\/h2>\n<p><a href=\"https:\/\/www.joerglahmann.com\/de\/dein-unternehmen-ein-spiegelbild-deiner-selbst\/\" style=\"\"><span><span>Read More<\/span><\/span><\/a><\/p>\n<h2><span data-shortcode=\"tcb_post_title\" data-shortcode-name=\"Post title\" data-extra_key=\"\" data-attr-link=\"1\" data-attr-target=\"0\" data-attr-rel=\"0\" data-option-inline=\"1\" data-attr-static-link=\"{&quot;className&quot;:&quot;&quot;,&quot;href&quot;:&quot;https:\/\/www.joerglahmann.com\/de\/der-wichtigste-baustein-fuer-ein-erfolgreiches-unternehmen\/&quot;,&quot;title&quot;:&quot;Der wichtigste Baustein f\u00fcr ein erfolgreiches Unternehmen&quot;,&quot;class&quot;:&quot;&quot;}\" data-attr-css=\"\"><a href=\"https:\/\/www.joerglahmann.com\/de\/vom-kaffeeplausch-zum-all-hands-meeting-kommunikation-in-kmus\/\" title=\"Vom Kaffeeplausch zum All-Hands-Meeting: Kommunikation in KMUs\" data-css=\"\">Vom Kaffeeplausch zum All-Hands-Meeting: Kommunikation in KMUs<\/a><\/span><\/h2>\n<p><a href=\"https:\/\/www.joerglahmann.com\/de\/vom-kaffeeplausch-zum-all-hands-meeting-kommunikation-in-kmus\/\" style=\"\"><span><span>Read More<\/span><\/span><\/a><\/p>\n","protected":false},"excerpt":{"rendered":"<p>Wie kann ich helfen? Haben Sie Fragen zur Umsetzung des Entrepreneurial Operating System EOS in Ihrem Unternehmen? Oder m\u00f6chten Sie abkl\u00e4ren, ob EOS das Richtige f\u00fcr Sie und Ihr Unternehmen ist? Gerne k\u00f6nnen wir einen Termin festsetzen, um Ihre Fragen zu beantworten. Oder vereinbaren Sie mit mir ein kostenloses, 90-min\u00fctiges Meeting, bei dem Ihr Management-Team [&hellip;]<\/p>\n","protected":false},"author":1,"featured_media":82,"parent":0,"menu_order":0,"comment_status":"open","ping_status":"open","template":"","meta":{"footnotes":""},"class_list":["post-1283","page","type-page","status-publish","has-post-thumbnail","hentry","post-wrapper","thrv_wrapper"],"yoast_head":"<!-- This site is optimized with the Yoast SEO plugin v27.1.1 - https:\/\/yoast.com\/product\/yoast-seo-wordpress\/ -->\n<title>Kontakt: Wir helfen Ihnen gerne! - EOS implementer | Deutschland, Schweiz, Espa\u00f1a<\/title>\n<meta name=\"robots\" content=\"index, follow, max-snippet:-1, max-image-preview:large, max-video-preview:-1\" \/>\n<link rel=\"canonical\" href=\"https:\/\/joerglahmann.com\/contacto\/\" \/>\n<meta property=\"og:locale\" content=\"de_DE\" \/>\n<meta property=\"og:type\" content=\"article\" \/>\n<meta property=\"og:title\" content=\"Kontakt: Wir helfen Ihnen gerne! - EOS implementer | Deutschland, Schweiz, Espa\u00f1a\" \/>\n<meta property=\"og:description\" content=\"Wie kann ich helfen? Haben Sie Fragen zur Umsetzung des Entrepreneurial Operating System EOS in Ihrem Unternehmen? Oder m\u00f6chten Sie abkl\u00e4ren, ob EOS das Richtige f\u00fcr Sie und Ihr Unternehmen ist? Gerne k\u00f6nnen wir einen Termin festsetzen, um Ihre Fragen zu beantworten. Oder vereinbaren Sie mit mir ein kostenloses, 90-min\u00fctiges Meeting, bei dem Ihr Management-Team [&hellip;]\" \/>\n<meta property=\"og:url\" content=\"https:\/\/joerglahmann.com\/contacto\/\" \/>\n<meta property=\"og:site_name\" content=\"EOS implementer | Deutschland, Schweiz, Espa\u00f1a\" \/>\n<meta property=\"article:modified_time\" content=\"2025-02-28T16:14:44+00:00\" \/>\n<meta property=\"og:image\" content=\"https:\/\/joerglahmann.com\/wp-content\/uploads\/2015\/02\/top_image_kontakt.jpg\" \/>\n\t<meta property=\"og:image:width\" content=\"2400\" \/>\n\t<meta property=\"og:image:height\" content=\"970\" \/>\n\t<meta property=\"og:image:type\" content=\"image\/jpeg\" \/>\n<meta name=\"twitter:card\" content=\"summary_large_image\" \/>\n<meta name=\"twitter:label1\" content=\"Gesch\u00e4tzte Lesezeit\" \/>\n\t<meta name=\"twitter:data1\" content=\"1\u00a0Minute\" \/>\n<script type=\"application\/ld+json\" class=\"yoast-schema-graph\">{\"@context\":\"https:\/\/schema.org\",\"@graph\":[{\"@type\":\"WebPage\",\"@id\":\"https:\/\/joerglahmann.com\/contacto\/\",\"url\":\"https:\/\/joerglahmann.com\/contacto\/\",\"name\":\"Kontakt: Wir helfen Ihnen gerne! - EOS implementer | Deutschland, Schweiz, Espa\u00f1a\",\"isPartOf\":{\"@id\":\"https:\/\/joerglahmann.com\/#website\"},\"primaryImageOfPage\":{\"@id\":\"https:\/\/joerglahmann.com\/contacto\/#primaryimage\"},\"image\":{\"@id\":\"https:\/\/joerglahmann.com\/contacto\/#primaryimage\"},\"thumbnailUrl\":\"https:\/\/joerglahmann.com\/wp-content\/uploads\/2015\/02\/top_image_kontakt.jpg\",\"datePublished\":\"2015-02-15T00:26:38+00:00\",\"dateModified\":\"2025-02-28T16:14:44+00:00\",\"breadcrumb\":{\"@id\":\"https:\/\/joerglahmann.com\/contacto\/#breadcrumb\"},\"inLanguage\":\"de\",\"potentialAction\":[{\"@type\":\"ReadAction\",\"target\":[\"https:\/\/joerglahmann.com\/contacto\/\"]}]},{\"@type\":\"ImageObject\",\"inLanguage\":\"de\",\"@id\":\"https:\/\/joerglahmann.com\/contacto\/#primaryimage\",\"url\":\"https:\/\/joerglahmann.com\/wp-content\/uploads\/2015\/02\/top_image_kontakt.jpg\",\"contentUrl\":\"https:\/\/joerglahmann.com\/wp-content\/uploads\/2015\/02\/top_image_kontakt.jpg\",\"width\":2400,\"height\":970,\"caption\":\"contacto\"},{\"@type\":\"BreadcrumbList\",\"@id\":\"https:\/\/joerglahmann.com\/contacto\/#breadcrumb\",\"itemListElement\":[{\"@type\":\"ListItem\",\"position\":1,\"name\":\"Portada\",\"item\":\"https:\/\/joerglahmann.com\/de\/\"},{\"@type\":\"ListItem\",\"position\":2,\"name\":\"Kontakt: Wir helfen Ihnen gerne!\"}]},{\"@type\":\"WebSite\",\"@id\":\"https:\/\/joerglahmann.com\/#website\",\"url\":\"https:\/\/joerglahmann.com\/\",\"name\":\"EOS implementer | Deutschland, Schweiz, Espa\u00f1a\",\"description\":\"\",\"potentialAction\":[{\"@type\":\"SearchAction\",\"target\":{\"@type\":\"EntryPoint\",\"urlTemplate\":\"https:\/\/joerglahmann.com\/?s={search_term_string}\"},\"query-input\":{\"@type\":\"PropertyValueSpecification\",\"valueRequired\":true,\"valueName\":\"search_term_string\"}}],\"inLanguage\":\"de\"}]}<\/script>\n<!-- \/ Yoast SEO plugin. -->","yoast_head_json":{"title":"Kontakt: Wir helfen Ihnen gerne! - EOS implementer | Deutschland, Schweiz, Espa\u00f1a","robots":{"index":"index","follow":"follow","max-snippet":"max-snippet:-1","max-image-preview":"max-image-preview:large","max-video-preview":"max-video-preview:-1"},"canonical":"https:\/\/joerglahmann.com\/contacto\/","og_locale":"de_DE","og_type":"article","og_title":"Kontakt: Wir helfen Ihnen gerne! - EOS implementer | Deutschland, Schweiz, Espa\u00f1a","og_description":"Wie kann ich helfen? Haben Sie Fragen zur Umsetzung des Entrepreneurial Operating System EOS in Ihrem Unternehmen? Oder m\u00f6chten Sie abkl\u00e4ren, ob EOS das Richtige f\u00fcr Sie und Ihr Unternehmen ist? Gerne k\u00f6nnen wir einen Termin festsetzen, um Ihre Fragen zu beantworten. Oder vereinbaren Sie mit mir ein kostenloses, 90-min\u00fctiges Meeting, bei dem Ihr Management-Team [&hellip;]","og_url":"https:\/\/joerglahmann.com\/contacto\/","og_site_name":"EOS implementer | Deutschland, Schweiz, Espa\u00f1a","article_modified_time":"2025-02-28T16:14:44+00:00","og_image":[{"width":2400,"height":970,"url":"https:\/\/joerglahmann.com\/wp-content\/uploads\/2015\/02\/top_image_kontakt.jpg","type":"image\/jpeg"}],"twitter_card":"summary_large_image","twitter_misc":{"Gesch\u00e4tzte Lesezeit":"1\u00a0Minute"},"schema":{"@context":"https:\/\/schema.org","@graph":[{"@type":"WebPage","@id":"https:\/\/joerglahmann.com\/contacto\/","url":"https:\/\/joerglahmann.com\/contacto\/","name":"Kontakt: Wir helfen Ihnen gerne! - EOS implementer | Deutschland, Schweiz, Espa\u00f1a","isPartOf":{"@id":"https:\/\/joerglahmann.com\/#website"},"primaryImageOfPage":{"@id":"https:\/\/joerglahmann.com\/contacto\/#primaryimage"},"image":{"@id":"https:\/\/joerglahmann.com\/contacto\/#primaryimage"},"thumbnailUrl":"https:\/\/joerglahmann.com\/wp-content\/uploads\/2015\/02\/top_image_kontakt.jpg","datePublished":"2015-02-15T00:26:38+00:00","dateModified":"2025-02-28T16:14:44+00:00","breadcrumb":{"@id":"https:\/\/joerglahmann.com\/contacto\/#breadcrumb"},"inLanguage":"de","potentialAction":[{"@type":"ReadAction","target":["https:\/\/joerglahmann.com\/contacto\/"]}]},{"@type":"ImageObject","inLanguage":"de","@id":"https:\/\/joerglahmann.com\/contacto\/#primaryimage","url":"https:\/\/joerglahmann.com\/wp-content\/uploads\/2015\/02\/top_image_kontakt.jpg","contentUrl":"https:\/\/joerglahmann.com\/wp-content\/uploads\/2015\/02\/top_image_kontakt.jpg","width":2400,"height":970,"caption":"contacto"},{"@type":"BreadcrumbList","@id":"https:\/\/joerglahmann.com\/contacto\/#breadcrumb","itemListElement":[{"@type":"ListItem","position":1,"name":"Portada","item":"https:\/\/joerglahmann.com\/de\/"},{"@type":"ListItem","position":2,"name":"Kontakt: Wir helfen Ihnen gerne!"}]},{"@type":"WebSite","@id":"https:\/\/joerglahmann.com\/#website","url":"https:\/\/joerglahmann.com\/","name":"EOS implementer | Deutschland, Schweiz, Espa\u00f1a","description":"","potentialAction":[{"@type":"SearchAction","target":{"@type":"EntryPoint","urlTemplate":"https:\/\/joerglahmann.com\/?s={search_term_string}"},"query-input":{"@type":"PropertyValueSpecification","valueRequired":true,"valueName":"search_term_string"}}],"inLanguage":"de"}]}},"_links":{"self":[{"href":"https:\/\/joerglahmann.com\/de\/wp-json\/wp\/v2\/pages\/1283","targetHints":{"allow":["GET"]}}],"collection":[{"href":"https:\/\/joerglahmann.com\/de\/wp-json\/wp\/v2\/pages"}],"about":[{"href":"https:\/\/joerglahmann.com\/de\/wp-json\/wp\/v2\/types\/page"}],"author":[{"embeddable":true,"href":"https:\/\/joerglahmann.com\/de\/wp-json\/wp\/v2\/users\/1"}],"replies":[{"embeddable":true,"href":"https:\/\/joerglahmann.com\/de\/wp-json\/wp\/v2\/comments?post=1283"}],"version-history":[{"count":13,"href":"https:\/\/joerglahmann.com\/de\/wp-json\/wp\/v2\/pages\/1283\/revisions"}],"predecessor-version":[{"id":1008988,"href":"https:\/\/joerglahmann.com\/de\/wp-json\/wp\/v2\/pages\/1283\/revisions\/1008988"}],"wp:featuredmedia":[{"embeddable":true,"href":"https:\/\/joerglahmann.com\/de\/wp-json\/wp\/v2\/media\/82"}],"wp:attachment":[{"href":"https:\/\/joerglahmann.com\/de\/wp-json\/wp\/v2\/media?parent=1283"}],"curies":[{"name":"wp","href":"https:\/\/api.w.org\/{rel}","templated":true}]}}