{"id":1291,"date":"2017-04-11T14:55:32","date_gmt":"2017-04-11T14:55:32","guid":{"rendered":"https:\/\/www.joerglahmann.com\/eos-el-proceso\/"},"modified":"2026-02-27T11:50:46","modified_gmt":"2026-02-27T10:50:46","slug":"der-prozess-mit-eos","status":"publish","type":"page","link":"https:\/\/joerglahmann.com\/de\/der-prozess-mit-eos\/","title":{"rendered":"Unternehmensberatung | Berlin | Z\u00fcrich"},"content":{"rendered":"<h2 style=\"\">Wie machen wir, was wir machen<\/h2>\n<p>Der EOS-Prozess ist ein System zur Umsetzung des EOS-Modells im Unternehmen und wurde weltweit bereits in mehr als 28.000 Unternehmen implementiert.<span style=\"font-size: 1em;\">&nbsp;<\/span><\/p>\n<p><span><a href=\"https:\/\/www.joerglahmann.com\/wp-content\/uploads\/2025\/02\/EOS-Prozess-DE.jpg\" rel=\"\"><img decoding=\"async\" alt=\"Der EOS-Prozess\" style=\"aspect-ratio: auto 1920 \/ 929;\" src=\"https:\/\/www.joerglahmann.com\/wp-content\/uploads\/2025\/02\/EOS-Prozess-DE.jpg\" width=\"893\" height=\"432\" data-attachment-id=\"224\" title=\"Der EOS-Prozess\" data-id=\"1008721\" data-width=\"893\" data-height=\"432\" data-init-width=\"1920\" data-init-height=\"929\" loading=\"lazy\"><\/a><\/span><\/p>\n<p>EOS arbeitet von Anfang an mit einem sehr klaren, transparenten Prozess, um Unternehmen ab dem ersten Tag dabei zu helfen, ihr Management zu verbessern. Ein Unternehmen ohne Betriebssystem zu leiten ist wie ein Auto ohne Reifen zu fahren. Man kommt voran, wei\u00df aber, dass alles besser, glatter, schneller und bequemer laufen k\u00f6nnte. <strong>EOS ist f\u00fcr Ihr Unternehmen das, was die Reifen f\u00fcr Ihr Auto sind:<\/strong> Ein Modell, das in tausenden von Unternehmen erprobt wurde und dort ebenso spektakul\u00e4re Auswirkungen hatte wie beim Vergleich mit den Autoreifen.<\/p>\n<p>W\u00fcrden Sie versuchen, die R\u00e4der Ihres Autos neu zu erfinden? Die Antwort ist ein klares Nein. Es w\u00e4re nicht nur reine Zeitverschwendung, Sie w\u00fcrden au\u00dferdem Ihre Fahrg\u00e4ste in Gefahr bringen. EOS hilft Ihnen dabei, schneller zu wachsen, Ihr Unternehmen sicherer zu f\u00fchren, seltener ins Schleudern zu geraten und fr\u00fcher ans Ziel zu kommen, mit dem in diesem Fall die Vision Ihrer Firma gemeint ist.<\/p>\n<p><span style=\"width: 100%;\"><a href=\"https:\/\/www.joerglahmann.com\/wp-content\/uploads\/2017\/08\/Jeffrey-Kaftan.jpg\"><img decoding=\"async\" alt=\"Jeffrey Kaftan\" title=\"Jeffrey Kaftan\" data-id=\"956\" src=\"https:\/\/www.joerglahmann.com\/wp-content\/uploads\/2017\/08\/Jeffrey-Kaftan.jpg\" style=\"aspect-ratio: auto 500 \/ 500;\" width=\"157\" height=\"157\" data-width=\"157\" data-height=\"157\" data-init-width=\"500\" data-init-height=\"500\" loading=\"lazy\" data-link-wrap=\"true\"><\/a><\/span><\/p>\n<h1><span style=\"font-weight: 400; font-family: Palanquin;\"><span>&#8222;<\/span><\/span><\/h1>\n<p style=\"text-align: left;\"><span style=\"font-family: Hind; font-weight: 400;\">EOS hat entscheidend dazu beigetragen, dass wir unseren Umsatz auf fast 30.000.000 verdoppeln konnten. Wir konnten das Engagement des Teams und die Zufriedenheit unserer Mitarbeiter steigern und haben die Auszeichnung Best Places to Work erhalten. EOS war f\u00fcr das Wachstum unseres Unternehmens von unsch\u00e4tzbarem Wert.&nbsp;<\/span><\/p>\n<h1 style=\"text-align: left;\"><span style=\"font-family: &quot;Playfair Display&quot;; font-weight: 400;\"><span><span><em><span style=\"font-size: 23px;\">Jeffrey Kaftan<\/span><\/em><\/span><span style=\"font-size: 23px;\"><em><span><\/span><span><\/span><\/em><\/span><span><em><span style=\"font-size: 23px;\"><\/span><\/em><\/span><\/span><span><span>&nbsp;<\/span><\/span><\/span><span style=\"font-family: &quot;Playfair Display&quot;;\"><span><span style=\"color: rgb(119, 113, 113);\">&#8211;&nbsp;<\/span><\/span><\/span><span style=\"font-family: Hind;\"><span><span style=\"color: rgb(119, 113, 113);\">Kaftan Enterprises, Inc.<\/span><\/span><\/span><\/h1>\n<p><span><\/span><span data-counter=\"31995\">31995<\/span><span>+<\/span><span>Unternehmen verwenden EOS<\/span><span><\/span><span data-counter=\"877\">877<\/span><span><\/span><span>EOS Implementer weltweit<\/span><span><\/span><span data-counter=\"18\">18<\/span><span>+<\/span><span>Erfolgsjahre<\/span><\/p>\n<h4 style=\"text-align: center;\">0 bis 100: Wie viele Punkte hat Ihr Unternehmen?<\/h4>\n<p>Messen Sie die Effektivit\u00e4t und Gesundheit Ihres Unternehmens mit einem einfachen Test. Hocheffiziente, gut organisierte Unternehmen erzielen 80+ Punkte. Wie sieht es mit Ihrem aus?<\/p>\n<p style=\"text-align: center;\"><a data-tcb-events=\"\" href=\"http:\/\/organizationalcheckup.com\/\" rel=\"\" target=\"_blank\" style=\"outline: none;\"><strong>Zum Test<\/strong>&nbsp;<\/a><\/p>\n<h4 style=\"text-align: center;\">90 Minuten \u2013 Der erste Schritt<\/h4>\n<p>Vereinbaren Sie ein 90-min\u00fctiges Informationsmeeting mit uns. Vollkommen kostenlos! M\u00f6chten Sie mehr \u00fcber EOS erfahren und wissen, wie es Ihrem Unternehmen dabei helfen kann, Traction zu gewinnen?<\/p>\n<p style=\"text-align: center;\"><a href=\"https:\/\/www.joerglahmann.com\/de\/90-minuten-fuer-mehr-information-ueber-eos\/\" style=\"outline: none;\">90 minutos<\/a><\/p>\n<h4 style=\"text-align: center;\">Inspiration &amp; Lekt\u00fcre<\/h4>\n<\/p>\n<p>Lassen Sie sich von Artikeln zu Themen wie Unternehmensf\u00fchrung, Leadership, Teamkultur, Ressourcenoptimierung, Buchempfehlungen und Kuriosit\u00e4ten inspirieren.&nbsp;<\/p>\n<p style=\"text-align: center;\"><strong><a href=\"https:\/\/www.joerglahmann.com\/de\/blog-ueber-unternehmensfuehrung\/\" style=\"outline: none;\">Zum Blog<\/a><\/strong><\/p>\n","protected":false},"excerpt":{"rendered":"<p>Wie machen wir, was wir machen Der EOS-Prozess ist ein System zur Umsetzung des EOS-Modells im Unternehmen und wurde weltweit bereits in mehr als 28.000 Unternehmen implementiert.&nbsp; EOS arbeitet von Anfang an mit einem sehr klaren, transparenten Prozess, um Unternehmen ab dem ersten Tag dabei zu helfen, ihr Management zu verbessern. Ein Unternehmen ohne Betriebssystem [&hellip;]<\/p>\n","protected":false},"author":1,"featured_media":0,"parent":0,"menu_order":0,"comment_status":"closed","ping_status":"closed","template":"","meta":{"footnotes":""},"class_list":["post-1291","page","type-page","status-publish","hentry","post-wrapper","thrv_wrapper"],"yoast_head":"<!-- This site is optimized with the Yoast SEO plugin v27.1.1 - https:\/\/yoast.com\/product\/yoast-seo-wordpress\/ -->\n<title>Unternehmensberatung | Berlin | Z\u00fcrich - EOS implementer | Deutschland, Schweiz, Espa\u00f1a<\/title>\n<meta name=\"robots\" content=\"index, follow, max-snippet:-1, max-image-preview:large, max-video-preview:-1\" \/>\n<link rel=\"canonical\" href=\"https:\/\/joerglahmann.com\/de\/der-prozess-mit-eos\/\" \/>\n<meta property=\"og:locale\" content=\"de_DE\" \/>\n<meta property=\"og:type\" content=\"article\" \/>\n<meta property=\"og:title\" content=\"Unternehmensberatung | Berlin | Z\u00fcrich - EOS implementer | Deutschland, Schweiz, Espa\u00f1a\" \/>\n<meta property=\"og:description\" content=\"Wie machen wir, was wir machen Der EOS-Prozess ist ein System zur Umsetzung des EOS-Modells im Unternehmen und wurde weltweit bereits in mehr als 28.000 Unternehmen implementiert.&nbsp; EOS arbeitet von Anfang an mit einem sehr klaren, transparenten Prozess, um Unternehmen ab dem ersten Tag dabei zu helfen, ihr Management zu verbessern. Ein Unternehmen ohne Betriebssystem [&hellip;]\" \/>\n<meta property=\"og:url\" content=\"https:\/\/joerglahmann.com\/de\/der-prozess-mit-eos\/\" \/>\n<meta property=\"og:site_name\" content=\"EOS implementer | Deutschland, Schweiz, Espa\u00f1a\" \/>\n<meta property=\"article:modified_time\" content=\"2026-02-27T10:50:46+00:00\" \/>\n<meta property=\"og:image\" content=\"https:\/\/www.joerglahmann.com\/wp-content\/uploads\/2025\/02\/EOS-Prozess-DE.jpg\" \/>\n<meta name=\"twitter:card\" content=\"summary_large_image\" \/>\n<meta name=\"twitter:label1\" content=\"Gesch\u00e4tzte Lesezeit\" \/>\n\t<meta name=\"twitter:data1\" content=\"2\u00a0Minuten\" \/>\n<script type=\"application\/ld+json\" class=\"yoast-schema-graph\">{\"@context\":\"https:\/\/schema.org\",\"@graph\":[{\"@type\":\"WebPage\",\"@id\":\"https:\/\/joerglahmann.com\/de\/der-prozess-mit-eos\/\",\"url\":\"https:\/\/joerglahmann.com\/de\/der-prozess-mit-eos\/\",\"name\":\"Unternehmensberatung | Berlin | Z\u00fcrich - EOS implementer | Deutschland, Schweiz, Espa\u00f1a\",\"isPartOf\":{\"@id\":\"https:\/\/joerglahmann.com\/#website\"},\"primaryImageOfPage\":{\"@id\":\"https:\/\/joerglahmann.com\/de\/der-prozess-mit-eos\/#primaryimage\"},\"image\":{\"@id\":\"https:\/\/joerglahmann.com\/de\/der-prozess-mit-eos\/#primaryimage\"},\"thumbnailUrl\":\"https:\/\/www.joerglahmann.com\/wp-content\/uploads\/2025\/02\/EOS-Prozess-DE.jpg\",\"datePublished\":\"2017-04-11T14:55:32+00:00\",\"dateModified\":\"2026-02-27T10:50:46+00:00\",\"breadcrumb\":{\"@id\":\"https:\/\/joerglahmann.com\/de\/der-prozess-mit-eos\/#breadcrumb\"},\"inLanguage\":\"de\",\"potentialAction\":[{\"@type\":\"ReadAction\",\"target\":[\"https:\/\/joerglahmann.com\/de\/der-prozess-mit-eos\/\"]}]},{\"@type\":\"ImageObject\",\"inLanguage\":\"de\",\"@id\":\"https:\/\/joerglahmann.com\/de\/der-prozess-mit-eos\/#primaryimage\",\"url\":\"https:\/\/www.joerglahmann.com\/wp-content\/uploads\/2025\/02\/EOS-Prozess-DE.jpg\",\"contentUrl\":\"https:\/\/www.joerglahmann.com\/wp-content\/uploads\/2025\/02\/EOS-Prozess-DE.jpg\"},{\"@type\":\"BreadcrumbList\",\"@id\":\"https:\/\/joerglahmann.com\/de\/der-prozess-mit-eos\/#breadcrumb\",\"itemListElement\":[{\"@type\":\"ListItem\",\"position\":1,\"name\":\"Portada\",\"item\":\"https:\/\/joerglahmann.com\/de\/\"},{\"@type\":\"ListItem\",\"position\":2,\"name\":\"Unternehmensberatung | Berlin | Z\u00fcrich\"}]},{\"@type\":\"WebSite\",\"@id\":\"https:\/\/joerglahmann.com\/#website\",\"url\":\"https:\/\/joerglahmann.com\/\",\"name\":\"EOS implementer | Deutschland, Schweiz, Espa\u00f1a\",\"description\":\"\",\"potentialAction\":[{\"@type\":\"SearchAction\",\"target\":{\"@type\":\"EntryPoint\",\"urlTemplate\":\"https:\/\/joerglahmann.com\/?s={search_term_string}\"},\"query-input\":{\"@type\":\"PropertyValueSpecification\",\"valueRequired\":true,\"valueName\":\"search_term_string\"}}],\"inLanguage\":\"de\"}]}<\/script>\n<!-- \/ Yoast SEO plugin. -->","yoast_head_json":{"title":"Unternehmensberatung | Berlin | Z\u00fcrich - EOS implementer | Deutschland, Schweiz, Espa\u00f1a","robots":{"index":"index","follow":"follow","max-snippet":"max-snippet:-1","max-image-preview":"max-image-preview:large","max-video-preview":"max-video-preview:-1"},"canonical":"https:\/\/joerglahmann.com\/de\/der-prozess-mit-eos\/","og_locale":"de_DE","og_type":"article","og_title":"Unternehmensberatung | Berlin | Z\u00fcrich - EOS implementer | Deutschland, Schweiz, Espa\u00f1a","og_description":"Wie machen wir, was wir machen Der EOS-Prozess ist ein System zur Umsetzung des EOS-Modells im Unternehmen und wurde weltweit bereits in mehr als 28.000 Unternehmen implementiert.&nbsp; EOS arbeitet von Anfang an mit einem sehr klaren, transparenten Prozess, um Unternehmen ab dem ersten Tag dabei zu helfen, ihr Management zu verbessern. Ein Unternehmen ohne Betriebssystem [&hellip;]","og_url":"https:\/\/joerglahmann.com\/de\/der-prozess-mit-eos\/","og_site_name":"EOS implementer | Deutschland, Schweiz, Espa\u00f1a","article_modified_time":"2026-02-27T10:50:46+00:00","og_image":[{"url":"https:\/\/www.joerglahmann.com\/wp-content\/uploads\/2025\/02\/EOS-Prozess-DE.jpg","type":"","width":"","height":""}],"twitter_card":"summary_large_image","twitter_misc":{"Gesch\u00e4tzte Lesezeit":"2\u00a0Minuten"},"schema":{"@context":"https:\/\/schema.org","@graph":[{"@type":"WebPage","@id":"https:\/\/joerglahmann.com\/de\/der-prozess-mit-eos\/","url":"https:\/\/joerglahmann.com\/de\/der-prozess-mit-eos\/","name":"Unternehmensberatung | Berlin | Z\u00fcrich - EOS implementer | Deutschland, Schweiz, Espa\u00f1a","isPartOf":{"@id":"https:\/\/joerglahmann.com\/#website"},"primaryImageOfPage":{"@id":"https:\/\/joerglahmann.com\/de\/der-prozess-mit-eos\/#primaryimage"},"image":{"@id":"https:\/\/joerglahmann.com\/de\/der-prozess-mit-eos\/#primaryimage"},"thumbnailUrl":"https:\/\/www.joerglahmann.com\/wp-content\/uploads\/2025\/02\/EOS-Prozess-DE.jpg","datePublished":"2017-04-11T14:55:32+00:00","dateModified":"2026-02-27T10:50:46+00:00","breadcrumb":{"@id":"https:\/\/joerglahmann.com\/de\/der-prozess-mit-eos\/#breadcrumb"},"inLanguage":"de","potentialAction":[{"@type":"ReadAction","target":["https:\/\/joerglahmann.com\/de\/der-prozess-mit-eos\/"]}]},{"@type":"ImageObject","inLanguage":"de","@id":"https:\/\/joerglahmann.com\/de\/der-prozess-mit-eos\/#primaryimage","url":"https:\/\/www.joerglahmann.com\/wp-content\/uploads\/2025\/02\/EOS-Prozess-DE.jpg","contentUrl":"https:\/\/www.joerglahmann.com\/wp-content\/uploads\/2025\/02\/EOS-Prozess-DE.jpg"},{"@type":"BreadcrumbList","@id":"https:\/\/joerglahmann.com\/de\/der-prozess-mit-eos\/#breadcrumb","itemListElement":[{"@type":"ListItem","position":1,"name":"Portada","item":"https:\/\/joerglahmann.com\/de\/"},{"@type":"ListItem","position":2,"name":"Unternehmensberatung | Berlin | Z\u00fcrich"}]},{"@type":"WebSite","@id":"https:\/\/joerglahmann.com\/#website","url":"https:\/\/joerglahmann.com\/","name":"EOS implementer | Deutschland, Schweiz, Espa\u00f1a","description":"","potentialAction":[{"@type":"SearchAction","target":{"@type":"EntryPoint","urlTemplate":"https:\/\/joerglahmann.com\/?s={search_term_string}"},"query-input":{"@type":"PropertyValueSpecification","valueRequired":true,"valueName":"search_term_string"}}],"inLanguage":"de"}]}},"_links":{"self":[{"href":"https:\/\/joerglahmann.com\/de\/wp-json\/wp\/v2\/pages\/1291","targetHints":{"allow":["GET"]}}],"collection":[{"href":"https:\/\/joerglahmann.com\/de\/wp-json\/wp\/v2\/pages"}],"about":[{"href":"https:\/\/joerglahmann.com\/de\/wp-json\/wp\/v2\/types\/page"}],"author":[{"embeddable":true,"href":"https:\/\/joerglahmann.com\/de\/wp-json\/wp\/v2\/users\/1"}],"replies":[{"embeddable":true,"href":"https:\/\/joerglahmann.com\/de\/wp-json\/wp\/v2\/comments?post=1291"}],"version-history":[{"count":47,"href":"https:\/\/joerglahmann.com\/de\/wp-json\/wp\/v2\/pages\/1291\/revisions"}],"predecessor-version":[{"id":1009333,"href":"https:\/\/joerglahmann.com\/de\/wp-json\/wp\/v2\/pages\/1291\/revisions\/1009333"}],"wp:attachment":[{"href":"https:\/\/joerglahmann.com\/de\/wp-json\/wp\/v2\/media?parent=1291"}],"curies":[{"name":"wp","href":"https:\/\/api.w.org\/{rel}","templated":true}]}}