{"id":1507,"date":"2017-04-18T16:33:47","date_gmt":"2017-04-18T16:33:47","guid":{"rendered":"https:\/\/www.joerglahmann.com\/eos-videos\/"},"modified":"2025-02-25T16:12:40","modified_gmt":"2025-02-25T15:12:40","slug":"videos-ueber-eos","status":"publish","type":"page","link":"https:\/\/joerglahmann.com\/de\/videos-ueber-eos\/","title":{"rendered":"Videos \u00fcber EOS"},"content":{"rendered":"<h2 style=\"\">6 Videos: In 26 Minuten mehr \u00fcber EOS erfahren<\/h2>\n<p>Ein Bild sagt mehr als tausend Worte. Deshalb finden Sie hier eine Reihe von Videos, in denen Sie mehr dar\u00fcber erfahren k\u00f6nnen, wie EOS funktioniert und was es f\u00fcr Ihr Unternehmen tun kann.<\/p>\n<h2>Das EOS-Modell<\/h2>\n<p>In jedem Unternehmen gibt es Sechs Schl\u00fcsselkomponenten, die optimiert sein m\u00fcssen, damit es wachsen und sein gesamtes Potential entfalten kann.<\/p>\n<p>Dieses Video erkl\u00e4rt die sechs Komponenten und ihre Auswirkungen auf das Unternehmen.<\/p>\n<h2>Eine Vision schaffen<\/h2>\n<p>Um Wachstum, Zufriedenheit und Rentabilit\u00e4t zu schaffen, muss das Management-Team des Unternehmens am selben Strang ziehen. Dazu ist eine Vision f\u00fcr das Unternehmen unabdingbar.<\/p>\n<p>Dieses Video enth\u00e4lt eine Anleitung, wie Sie mit Hilfe von acht Fragen die Vision Ihres Unternehmens klar definieren k\u00f6nnen.<\/p>\n<h2>Aufgaben strukturieren<\/h2>\n<p>Eine der Herausforderungen bei der Unternehmensf\u00fchrung ist die F\u00e4higkeit, die Arbeitslast und die endlose Liste der Dinge, die jeden Tag passieren, richtig zu koordinieren.<\/p>\n<p>Lernen Sie mit EOS, Aufgaben und Priorit\u00e4ten sinnvoll zu strukturieren. Dadurch werden Energie und Zeit freigesetzt, und zugleich steigen Effizienz und Produktivit\u00e4t.<\/p>\n<p>Video auf Englisch<\/p>\n<h2>EOS<\/h2>\n<p>EOS-Gr\u00fcnder Gino Wickman hat sich das Ziel gesetzt, anderen Unternehmern dabei zu helfen, mit ihren Firmen das zu erreichen, was sie sich vorgestellt haben. Diese einzigartige Leidenschaft inspirierte ihn dazu, das Entrepreneurial Operating System (EOS) ins Leben zu rufen.<\/p>\n<p>In diesem Video, das als Beitrag f\u00fcr das Programm Modern.Biz ausgestrahlt wurde, wird Wickman von Microsoft interviewt und spricht \u00fcber seine Passion als Unternehmer und \u00fcber EOS.<\/p>\n<p>Video auf Englisch<\/p>\n<h2>Ausrichtung des Teams<\/h2>\n<p>In den meisten Unternehmen fehlt eine zu 100% gemeinsame Ausrichtung der Mitarbeiter. Sie sind vielmehr zerstreut und haben keine klare Vision, die ihnen bei der Entscheidungsfindung und ihren t\u00e4glichen Aufgaben hilft.<\/p>\n<p>Um Wachstum und Kontrolle zu erm\u00f6glichen, muss sich die gesamte Energie des Unternehmens auf ein gemeinsames Ziel konzentrieren.<\/p>\n<h2>Der Unternehmer<\/h2>\n<p>Normalerweise erfreuen sich Unternehmer daran, wenn ihr Unternehmen w\u00e4chst, sie genie\u00dfen den Erfolg, die gestalterische Freiheit und die freie Zeiteinteilung. Aber das ist nicht immer der Fall&#8230;<\/p>\n<p>Sie leiden auch darunter, wenn die Dinge nicht so laufen, wie sie es sich vorgestellt hatten, wenn das Unternehmen komplex und kompliziert wird und sie mehr Arbeitsstunden absolvieren als eine Uhr&#8230;<\/p>\n<h4>B\u00fccher \u00fcber EOS<\/h4>\n<p>Wenn Sie detailliertere Informationen \u00fcber EOS suchen, hier geht es lang <a href=\"https:\/\/www.joerglahmann.com\/eos-libros-videos\/\" style=\"outline: none;\">zu den B\u00fcchern \u00fcber EOS<\/a>.&nbsp;<\/p>\n<h4>0 bis 100: Wie viele Punkte hat Ihr Unternehmen?<\/h4>\n<p>Messen Sie die Effektivit\u00e4t und Gesundheit Ihres Unternehmens mit einem einfachen Test. Hocheffiziente, gut organisierte Unternehmen erzielen 80+ Punkte. Wie sieht es mit Ihrem aus?&nbsp;<a href=\"http:\/\/organizationalcheckup.com\/\" target=\"_blank\">Zum Test<\/a><\/p>\n<\/p>\n<h4 style=\"text-align: center;\">0 bis 100: Wie viele Punkte hat Ihr Unternehmen?<\/h4>\n<p>Messen Sie die Effektivit\u00e4t und Gesundheit Ihres Unternehmens mit einem einfachen Test. Hocheffiziente, gut organisierte Unternehmen erzielen 80+ Punkte. Wie sieht es mit Ihrem aus?<\/p>\n<p style=\"text-align: center;\"><a data-tcb-events=\"\" href=\"http:\/\/organizationalcheckup.com\/\" rel=\"\" target=\"_blank\" style=\"outline: none;\"><strong>Zum Test<\/strong>&nbsp;<\/a><\/p>\n<h4 style=\"text-align: center;\">90 Minuten \u2013 Der erste Schritt<\/h4>\n<p>Vereinbaren Sie ein 90-min\u00fctiges Informationsmeeting mit uns. Vollkommen kostenlos! M\u00f6chten Sie mehr \u00fcber EOS erfahren und wissen, wie es Ihrem Unternehmen dabei helfen kann, Traction zu gewinnen?<\/p>\n<p style=\"text-align: center;\"><a href=\"https:\/\/www.joerglahmann.com\/de\/90-minuten-fuer-mehr-information-ueber-eos\/\" style=\"outline: none;\">90 minutos<\/a><\/p>\n<h4 style=\"text-align: center;\">Inspiration &amp; Lekt\u00fcre<\/h4>\n<\/p>\n<p>Lassen Sie sich von Artikeln zu Themen wie Unternehmensf\u00fchrung, Leadership, Teamkultur, Ressourcenoptimierung, Buchempfehlungen und Kuriosit\u00e4ten inspirieren.&nbsp;<\/p>\n<p style=\"text-align: center;\"><strong><a href=\"https:\/\/www.joerglahmann.com\/de\/blog-ueber-unternehmensfuehrung\/\" style=\"outline: none;\">Zum Blog<\/a><\/strong><\/p>\n","protected":false},"excerpt":{"rendered":"<p>6 Videos: In 26 Minuten mehr \u00fcber EOS erfahren Ein Bild sagt mehr als tausend Worte. Deshalb finden Sie hier eine Reihe von Videos, in denen Sie mehr dar\u00fcber erfahren k\u00f6nnen, wie EOS funktioniert und was es f\u00fcr Ihr Unternehmen tun kann. Das EOS-Modell In jedem Unternehmen gibt es Sechs Schl\u00fcsselkomponenten, die optimiert sein m\u00fcssen, [&hellip;]<\/p>\n","protected":false},"author":1,"featured_media":0,"parent":0,"menu_order":0,"comment_status":"closed","ping_status":"closed","template":"","meta":{"footnotes":""},"class_list":["post-1507","page","type-page","status-publish","hentry","post-wrapper","thrv_wrapper"],"yoast_head":"<!-- This site is optimized with the Yoast SEO plugin v27.1.1 - https:\/\/yoast.com\/product\/yoast-seo-wordpress\/ -->\n<title>Videos \u00fcber EOS - EOS implementer | Deutschland, Schweiz, Espa\u00f1a<\/title>\n<meta name=\"robots\" content=\"index, follow, max-snippet:-1, max-image-preview:large, max-video-preview:-1\" \/>\n<link rel=\"canonical\" href=\"https:\/\/joerglahmann.com\/eos-videos\/\" \/>\n<meta property=\"og:locale\" content=\"de_DE\" \/>\n<meta property=\"og:type\" content=\"article\" \/>\n<meta property=\"og:title\" content=\"Videos \u00fcber EOS - EOS implementer | Deutschland, Schweiz, Espa\u00f1a\" \/>\n<meta property=\"og:description\" content=\"6 Videos: In 26 Minuten mehr \u00fcber EOS erfahren Ein Bild sagt mehr als tausend Worte. Deshalb finden Sie hier eine Reihe von Videos, in denen Sie mehr dar\u00fcber erfahren k\u00f6nnen, wie EOS funktioniert und was es f\u00fcr Ihr Unternehmen tun kann. Das EOS-Modell In jedem Unternehmen gibt es Sechs Schl\u00fcsselkomponenten, die optimiert sein m\u00fcssen, [&hellip;]\" \/>\n<meta property=\"og:url\" content=\"https:\/\/joerglahmann.com\/eos-videos\/\" \/>\n<meta property=\"og:site_name\" content=\"EOS implementer | Deutschland, Schweiz, Espa\u00f1a\" \/>\n<meta property=\"article:modified_time\" content=\"2025-02-25T15:12:40+00:00\" \/>\n<meta name=\"twitter:card\" content=\"summary_large_image\" \/>\n<meta name=\"twitter:label1\" content=\"Gesch\u00e4tzte Lesezeit\" \/>\n\t<meta name=\"twitter:data1\" content=\"3\u00a0Minuten\" \/>\n<script type=\"application\/ld+json\" class=\"yoast-schema-graph\">{\"@context\":\"https:\/\/schema.org\",\"@graph\":[{\"@type\":\"WebPage\",\"@id\":\"https:\/\/joerglahmann.com\/eos-videos\/\",\"url\":\"https:\/\/joerglahmann.com\/eos-videos\/\",\"name\":\"Videos \u00fcber EOS - EOS implementer | Deutschland, Schweiz, Espa\u00f1a\",\"isPartOf\":{\"@id\":\"https:\/\/joerglahmann.com\/#website\"},\"datePublished\":\"2017-04-18T16:33:47+00:00\",\"dateModified\":\"2025-02-25T15:12:40+00:00\",\"breadcrumb\":{\"@id\":\"https:\/\/joerglahmann.com\/eos-videos\/#breadcrumb\"},\"inLanguage\":\"de\",\"potentialAction\":[{\"@type\":\"ReadAction\",\"target\":[\"https:\/\/joerglahmann.com\/eos-videos\/\"]}]},{\"@type\":\"BreadcrumbList\",\"@id\":\"https:\/\/joerglahmann.com\/eos-videos\/#breadcrumb\",\"itemListElement\":[{\"@type\":\"ListItem\",\"position\":1,\"name\":\"Portada\",\"item\":\"https:\/\/joerglahmann.com\/de\/\"},{\"@type\":\"ListItem\",\"position\":2,\"name\":\"Videos \u00fcber EOS\"}]},{\"@type\":\"WebSite\",\"@id\":\"https:\/\/joerglahmann.com\/#website\",\"url\":\"https:\/\/joerglahmann.com\/\",\"name\":\"EOS implementer | Deutschland, Schweiz, Espa\u00f1a\",\"description\":\"\",\"potentialAction\":[{\"@type\":\"SearchAction\",\"target\":{\"@type\":\"EntryPoint\",\"urlTemplate\":\"https:\/\/joerglahmann.com\/?s={search_term_string}\"},\"query-input\":{\"@type\":\"PropertyValueSpecification\",\"valueRequired\":true,\"valueName\":\"search_term_string\"}}],\"inLanguage\":\"de\"}]}<\/script>\n<!-- \/ Yoast SEO plugin. -->","yoast_head_json":{"title":"Videos \u00fcber EOS - EOS implementer | Deutschland, Schweiz, Espa\u00f1a","robots":{"index":"index","follow":"follow","max-snippet":"max-snippet:-1","max-image-preview":"max-image-preview:large","max-video-preview":"max-video-preview:-1"},"canonical":"https:\/\/joerglahmann.com\/eos-videos\/","og_locale":"de_DE","og_type":"article","og_title":"Videos \u00fcber EOS - EOS implementer | Deutschland, Schweiz, Espa\u00f1a","og_description":"6 Videos: In 26 Minuten mehr \u00fcber EOS erfahren Ein Bild sagt mehr als tausend Worte. Deshalb finden Sie hier eine Reihe von Videos, in denen Sie mehr dar\u00fcber erfahren k\u00f6nnen, wie EOS funktioniert und was es f\u00fcr Ihr Unternehmen tun kann. Das EOS-Modell In jedem Unternehmen gibt es Sechs Schl\u00fcsselkomponenten, die optimiert sein m\u00fcssen, [&hellip;]","og_url":"https:\/\/joerglahmann.com\/eos-videos\/","og_site_name":"EOS implementer | Deutschland, Schweiz, Espa\u00f1a","article_modified_time":"2025-02-25T15:12:40+00:00","twitter_card":"summary_large_image","twitter_misc":{"Gesch\u00e4tzte Lesezeit":"3\u00a0Minuten"},"schema":{"@context":"https:\/\/schema.org","@graph":[{"@type":"WebPage","@id":"https:\/\/joerglahmann.com\/eos-videos\/","url":"https:\/\/joerglahmann.com\/eos-videos\/","name":"Videos \u00fcber EOS - EOS implementer | Deutschland, Schweiz, Espa\u00f1a","isPartOf":{"@id":"https:\/\/joerglahmann.com\/#website"},"datePublished":"2017-04-18T16:33:47+00:00","dateModified":"2025-02-25T15:12:40+00:00","breadcrumb":{"@id":"https:\/\/joerglahmann.com\/eos-videos\/#breadcrumb"},"inLanguage":"de","potentialAction":[{"@type":"ReadAction","target":["https:\/\/joerglahmann.com\/eos-videos\/"]}]},{"@type":"BreadcrumbList","@id":"https:\/\/joerglahmann.com\/eos-videos\/#breadcrumb","itemListElement":[{"@type":"ListItem","position":1,"name":"Portada","item":"https:\/\/joerglahmann.com\/de\/"},{"@type":"ListItem","position":2,"name":"Videos \u00fcber EOS"}]},{"@type":"WebSite","@id":"https:\/\/joerglahmann.com\/#website","url":"https:\/\/joerglahmann.com\/","name":"EOS implementer | Deutschland, Schweiz, Espa\u00f1a","description":"","potentialAction":[{"@type":"SearchAction","target":{"@type":"EntryPoint","urlTemplate":"https:\/\/joerglahmann.com\/?s={search_term_string}"},"query-input":{"@type":"PropertyValueSpecification","valueRequired":true,"valueName":"search_term_string"}}],"inLanguage":"de"}]}},"_links":{"self":[{"href":"https:\/\/joerglahmann.com\/de\/wp-json\/wp\/v2\/pages\/1507","targetHints":{"allow":["GET"]}}],"collection":[{"href":"https:\/\/joerglahmann.com\/de\/wp-json\/wp\/v2\/pages"}],"about":[{"href":"https:\/\/joerglahmann.com\/de\/wp-json\/wp\/v2\/types\/page"}],"author":[{"embeddable":true,"href":"https:\/\/joerglahmann.com\/de\/wp-json\/wp\/v2\/users\/1"}],"replies":[{"embeddable":true,"href":"https:\/\/joerglahmann.com\/de\/wp-json\/wp\/v2\/comments?post=1507"}],"version-history":[{"count":18,"href":"https:\/\/joerglahmann.com\/de\/wp-json\/wp\/v2\/pages\/1507\/revisions"}],"predecessor-version":[{"id":1008979,"href":"https:\/\/joerglahmann.com\/de\/wp-json\/wp\/v2\/pages\/1507\/revisions\/1008979"}],"wp:attachment":[{"href":"https:\/\/joerglahmann.com\/de\/wp-json\/wp\/v2\/media?parent=1507"}],"curies":[{"name":"wp","href":"https:\/\/api.w.org\/{rel}","templated":true}]}}