{"id":1510,"date":"2017-04-11T14:35:36","date_gmt":"2017-04-11T14:35:36","guid":{"rendered":"https:\/\/www.joerglahmann.com\/eos-90-minutos\/"},"modified":"2025-02-13T14:59:03","modified_gmt":"2025-02-13T13:59:03","slug":"90-minuten-fuer-mehr-information-ueber-eos","status":"publish","type":"page","link":"https:\/\/joerglahmann.com\/de\/90-minuten-fuer-mehr-information-ueber-eos\/","title":{"rendered":"90 Minuten \u2013 der erste Schritt&#8230;"},"content":{"rendered":"<h1 style=\"\">Das 90-Minuten-Meeting<\/h1>\n<p>Wenn Sie erw\u00e4gen, in Ihrem Unternehmen EOS umzusetzen, dann vereinbaren Sie als erstes ein kostenloses 90-Minuten-Meeting, bei dem Sie sich <strong>ein klares Bild von EOS machen werden<\/strong> und <strong>entscheiden k\u00f6nnen, ob EOS das Richtige<\/strong> f\u00fcr Ihr Unternehmen ist.<\/p>\n<p>Das 90-Minuten Meeting ist rein informativ und &nbsp;v\u00f6llig unverbindlich. F\u00fcr mich ist es ein Vergn\u00fcgen und f\u00fcr Sie ist es kostenlos.<\/p>\n<p>In 90 Minuten werden Sie erfahren wie Sie es schaffen, dass&#8230;<\/p>\n<ul>\n<li><strong>&#8230;das Team, zu 100%<\/strong><strong>an einem Strang zieht&nbsp;<\/strong><\/li>\n<li><strong>&#8230;engagierte Mitarbeiter zu haben<\/strong><\/li>\n<li><strong><strong>&#8230;der Focus auf die richtigen Themen gelegt wird&nbsp;<\/strong><\/strong><\/li>\n<li><strong>&#8230;Probleme effektiv zu l\u00f6sen<\/strong><\/li>\n<li><strong>&#8230;eine effiziente Unternehmensf\u00fchrung vorhanden ist<\/strong><\/li>\n<\/ul>\n<h4 style=\"text-align: center;\">Mehr als 6.000 KMU nutzen EOS<\/h4>\n<p>EOS wurde bereits erfolgreich in mehr als 6.000 KMU implementiert. Es ist die weltweit am h\u00e4ufigsten eingesetzte Methode zur Unternehmensf\u00fchrung f\u00fcr KMU.<\/p>\n<h4 style=\"text-align: center;\">Ich war schon da<\/h4>\n<p>Ich bin nicht der typische Berater mit Krawatte. Ich hatte mein eigenes Unternehmen mit mehr als 70 Mitarbeitern und B\u00fcros in 4 L\u00e4ndern. Ich hatte EOS implementiert. F\u00fcr mich ist es keine Theorie, ich wei\u00df wor\u00fcber ich spreche.<\/p>\n<h4>Effizienz &amp; Spass<\/h4>\n<p>Effizienz ist wichtig. Spass auch. Neuroscience hat gezeigt, dass wir eindeutig bessere Arbeit leisten und mehr lernen, wenn wir mit Spass bei der Sache sind. Humor liegt mir im Blut, Effizienz in der rechten Hirnh\u00e4lfte.&nbsp;<\/p>\n","protected":false},"excerpt":{"rendered":"<p>Das 90-Minuten-Meeting Wenn Sie erw\u00e4gen, in Ihrem Unternehmen EOS umzusetzen, dann vereinbaren Sie als erstes ein kostenloses 90-Minuten-Meeting, bei dem Sie sich ein klares Bild von EOS machen werden und entscheiden k\u00f6nnen, ob EOS das Richtige f\u00fcr Ihr Unternehmen ist. Das 90-Minuten Meeting ist rein informativ und &nbsp;v\u00f6llig unverbindlich. F\u00fcr mich ist es ein Vergn\u00fcgen [&hellip;]<\/p>\n","protected":false},"author":1,"featured_media":0,"parent":0,"menu_order":0,"comment_status":"closed","ping_status":"closed","template":"","meta":{"footnotes":""},"class_list":["post-1510","page","type-page","status-publish","hentry","post-wrapper","thrv_wrapper"],"yoast_head":"<!-- This site is optimized with the Yoast SEO plugin v27.1.1 - https:\/\/yoast.com\/product\/yoast-seo-wordpress\/ -->\n<title>90 Minuten \u2013 der erste Schritt&#8230; - EOS implementer | Deutschland, Schweiz, Espa\u00f1a<\/title>\n<meta name=\"robots\" content=\"index, follow, max-snippet:-1, max-image-preview:large, max-video-preview:-1\" \/>\n<link rel=\"canonical\" href=\"https:\/\/joerglahmann.com\/eos-90-minutos\/\" \/>\n<meta property=\"og:locale\" content=\"de_DE\" \/>\n<meta property=\"og:type\" content=\"article\" \/>\n<meta property=\"og:title\" content=\"90 Minuten \u2013 der erste Schritt&#8230; - EOS implementer | Deutschland, Schweiz, Espa\u00f1a\" \/>\n<meta property=\"og:description\" content=\"Das 90-Minuten-Meeting Wenn Sie erw\u00e4gen, in Ihrem Unternehmen EOS umzusetzen, dann vereinbaren Sie als erstes ein kostenloses 90-Minuten-Meeting, bei dem Sie sich ein klares Bild von EOS machen werden und entscheiden k\u00f6nnen, ob EOS das Richtige f\u00fcr Ihr Unternehmen ist. Das 90-Minuten Meeting ist rein informativ und &nbsp;v\u00f6llig unverbindlich. F\u00fcr mich ist es ein Vergn\u00fcgen [&hellip;]\" \/>\n<meta property=\"og:url\" content=\"https:\/\/joerglahmann.com\/eos-90-minutos\/\" \/>\n<meta property=\"og:site_name\" content=\"EOS implementer | Deutschland, Schweiz, Espa\u00f1a\" \/>\n<meta property=\"article:modified_time\" content=\"2025-02-13T13:59:03+00:00\" \/>\n<meta name=\"twitter:card\" content=\"summary_large_image\" \/>\n<meta name=\"twitter:label1\" content=\"Gesch\u00e4tzte Lesezeit\" \/>\n\t<meta name=\"twitter:data1\" content=\"1\u00a0Minute\" \/>\n<script type=\"application\/ld+json\" class=\"yoast-schema-graph\">{\"@context\":\"https:\/\/schema.org\",\"@graph\":[{\"@type\":\"WebPage\",\"@id\":\"https:\/\/joerglahmann.com\/eos-90-minutos\/\",\"url\":\"https:\/\/joerglahmann.com\/eos-90-minutos\/\",\"name\":\"90 Minuten \u2013 der erste Schritt&#8230; - EOS implementer | Deutschland, Schweiz, Espa\u00f1a\",\"isPartOf\":{\"@id\":\"https:\/\/joerglahmann.com\/#website\"},\"datePublished\":\"2017-04-11T14:35:36+00:00\",\"dateModified\":\"2025-02-13T13:59:03+00:00\",\"breadcrumb\":{\"@id\":\"https:\/\/joerglahmann.com\/eos-90-minutos\/#breadcrumb\"},\"inLanguage\":\"de\",\"potentialAction\":[{\"@type\":\"ReadAction\",\"target\":[\"https:\/\/joerglahmann.com\/eos-90-minutos\/\"]}]},{\"@type\":\"BreadcrumbList\",\"@id\":\"https:\/\/joerglahmann.com\/eos-90-minutos\/#breadcrumb\",\"itemListElement\":[{\"@type\":\"ListItem\",\"position\":1,\"name\":\"Portada\",\"item\":\"https:\/\/joerglahmann.com\/de\/\"},{\"@type\":\"ListItem\",\"position\":2,\"name\":\"90 Minuten \u2013 der erste Schritt&#8230;\"}]},{\"@type\":\"WebSite\",\"@id\":\"https:\/\/joerglahmann.com\/#website\",\"url\":\"https:\/\/joerglahmann.com\/\",\"name\":\"EOS implementer | Deutschland, Schweiz, Espa\u00f1a\",\"description\":\"\",\"potentialAction\":[{\"@type\":\"SearchAction\",\"target\":{\"@type\":\"EntryPoint\",\"urlTemplate\":\"https:\/\/joerglahmann.com\/?s={search_term_string}\"},\"query-input\":{\"@type\":\"PropertyValueSpecification\",\"valueRequired\":true,\"valueName\":\"search_term_string\"}}],\"inLanguage\":\"de\"}]}<\/script>\n<!-- \/ Yoast SEO plugin. -->","yoast_head_json":{"title":"90 Minuten \u2013 der erste Schritt&#8230; - EOS implementer | Deutschland, Schweiz, Espa\u00f1a","robots":{"index":"index","follow":"follow","max-snippet":"max-snippet:-1","max-image-preview":"max-image-preview:large","max-video-preview":"max-video-preview:-1"},"canonical":"https:\/\/joerglahmann.com\/eos-90-minutos\/","og_locale":"de_DE","og_type":"article","og_title":"90 Minuten \u2013 der erste Schritt&#8230; - EOS implementer | Deutschland, Schweiz, Espa\u00f1a","og_description":"Das 90-Minuten-Meeting Wenn Sie erw\u00e4gen, in Ihrem Unternehmen EOS umzusetzen, dann vereinbaren Sie als erstes ein kostenloses 90-Minuten-Meeting, bei dem Sie sich ein klares Bild von EOS machen werden und entscheiden k\u00f6nnen, ob EOS das Richtige f\u00fcr Ihr Unternehmen ist. Das 90-Minuten Meeting ist rein informativ und &nbsp;v\u00f6llig unverbindlich. F\u00fcr mich ist es ein Vergn\u00fcgen [&hellip;]","og_url":"https:\/\/joerglahmann.com\/eos-90-minutos\/","og_site_name":"EOS implementer | Deutschland, Schweiz, Espa\u00f1a","article_modified_time":"2025-02-13T13:59:03+00:00","twitter_card":"summary_large_image","twitter_misc":{"Gesch\u00e4tzte Lesezeit":"1\u00a0Minute"},"schema":{"@context":"https:\/\/schema.org","@graph":[{"@type":"WebPage","@id":"https:\/\/joerglahmann.com\/eos-90-minutos\/","url":"https:\/\/joerglahmann.com\/eos-90-minutos\/","name":"90 Minuten \u2013 der erste Schritt&#8230; - EOS implementer | Deutschland, Schweiz, Espa\u00f1a","isPartOf":{"@id":"https:\/\/joerglahmann.com\/#website"},"datePublished":"2017-04-11T14:35:36+00:00","dateModified":"2025-02-13T13:59:03+00:00","breadcrumb":{"@id":"https:\/\/joerglahmann.com\/eos-90-minutos\/#breadcrumb"},"inLanguage":"de","potentialAction":[{"@type":"ReadAction","target":["https:\/\/joerglahmann.com\/eos-90-minutos\/"]}]},{"@type":"BreadcrumbList","@id":"https:\/\/joerglahmann.com\/eos-90-minutos\/#breadcrumb","itemListElement":[{"@type":"ListItem","position":1,"name":"Portada","item":"https:\/\/joerglahmann.com\/de\/"},{"@type":"ListItem","position":2,"name":"90 Minuten \u2013 der erste Schritt&#8230;"}]},{"@type":"WebSite","@id":"https:\/\/joerglahmann.com\/#website","url":"https:\/\/joerglahmann.com\/","name":"EOS implementer | Deutschland, Schweiz, Espa\u00f1a","description":"","potentialAction":[{"@type":"SearchAction","target":{"@type":"EntryPoint","urlTemplate":"https:\/\/joerglahmann.com\/?s={search_term_string}"},"query-input":{"@type":"PropertyValueSpecification","valueRequired":true,"valueName":"search_term_string"}}],"inLanguage":"de"}]}},"_links":{"self":[{"href":"https:\/\/joerglahmann.com\/de\/wp-json\/wp\/v2\/pages\/1510","targetHints":{"allow":["GET"]}}],"collection":[{"href":"https:\/\/joerglahmann.com\/de\/wp-json\/wp\/v2\/pages"}],"about":[{"href":"https:\/\/joerglahmann.com\/de\/wp-json\/wp\/v2\/types\/page"}],"author":[{"embeddable":true,"href":"https:\/\/joerglahmann.com\/de\/wp-json\/wp\/v2\/users\/1"}],"replies":[{"embeddable":true,"href":"https:\/\/joerglahmann.com\/de\/wp-json\/wp\/v2\/comments?post=1510"}],"version-history":[{"count":17,"href":"https:\/\/joerglahmann.com\/de\/wp-json\/wp\/v2\/pages\/1510\/revisions"}],"predecessor-version":[{"id":1008937,"href":"https:\/\/joerglahmann.com\/de\/wp-json\/wp\/v2\/pages\/1510\/revisions\/1008937"}],"wp:attachment":[{"href":"https:\/\/joerglahmann.com\/de\/wp-json\/wp\/v2\/media?parent=1510"}],"curies":[{"name":"wp","href":"https:\/\/api.w.org\/{rel}","templated":true}]}}