{"id":1511,"date":"2015-02-13T23:20:29","date_gmt":"2015-02-13T23:20:29","guid":{"rendered":"https:\/\/www.joerglahmann.com\/jorg-lahmann-eos-implementer\/"},"modified":"2025-02-28T17:47:53","modified_gmt":"2025-02-28T16:47:53","slug":"jorg-lahmann-eos-implementer","status":"publish","type":"page","link":"https:\/\/joerglahmann.com\/de\/jorg-lahmann-eos-implementer\/","title":{"rendered":"J\u00f6rg Lahmann \u2013 EOS Implementer | igostrategy"},"content":{"rendered":"<p><!--! Font Awesome Free 6.7.1 by @fontawesome - https:\/\/fontawesome.com License - https:\/\/fontawesome.com\/license\/free (Icons: CC BY 4.0, Fonts: SIL OFL 1.1, Code: MIT License) Copyright 2024 Fonticons, Inc. --><\/p>\n<p style=\"\"><span style=\"font-size: 50px !important;\">Vision <\/span><\/p>\n<p style=\"\"><span style=\"font-size: 50px !important;\">ohne Umsetzung<\/span><\/p>\n<p style=\"\"><span style=\"font-size: 50px !important;\">ist nur ein Traum.<\/span><\/p>\n<p><strong><span style=\"font-size: 24px !important;\">J\u00f6rg Lahmann<\/span><\/strong>EOS Implementer | Autor | Vater<\/p>\n<h1 style=\"color: rgb(230, 14, 14);\">Meine Geschichte&nbsp;<\/h1>\n<p>Ich wurde in einem kleinen Dorf nahe Frankfurt geboren. Als ich wenige Monate alt war, zogen meine Eltern mit mir nach Meckenheim, einen Ort mit 25.000 Einwohnern in der N\u00e4he der ehemaligen Bundeshauptstadt Bonn. 19 Jahre sp\u00e4ter und mit dem Abitur in der Tasche zog es mich gen Norden, wo ich 2 Jahre bei der Marine verbrachte und anschlie\u00dfend in <strong>Hamburg Bauingenieurwesen studierte<\/strong>.<\/p>\n<p>Das schlechte Hamburger Wetter, die Sehnsucht nach internationalen Erfahrungen und mein Wunsch, Spanisch zu lernen, trieben mich zu neuen Abenteuern: <strong>1997 zog ich nach Barcelona<\/strong>.<\/p>\n<p>Meine berufliche Laufbahn begann als Bauleiter. In dieser Zeit lernte ich Tag f\u00fcr Tag, wie aufregend und wie schwer es ist, einen ganz neuen Weg einzuschlagen: eine neue Sprache, eine fremde Kultur und der spanische Ansatz zur Mitarbeiterf\u00fchrung, ein eher steiniger Weg. Doch badei habe ich viel gelernt: Spanisch, Hartn\u00e4ckigkeit und welch gro\u00dfen Unterschied gutes Team-Management machen kann. Ich hatte das Gl\u00fcck und die Ehre, einige wichtige Baustellen in und um Barcelona herum zu leiten.<\/p>\n<p>2002 bot sich die Gelegenheit, mich dem <strong>Team eines Internet-Start-ups<\/strong> anzuschlie\u00dfen, das damals aus zwei Personen bestand. Ich z\u00f6gerte keine Sekunde. In dieser Zeit entdeckte ich meine Leidenschaft f\u00fcr die Unternehmensf\u00fchrung. Als CEO leitete ich das Unternehmen bis es schlie\u00dflich aus einem<strong>&nbsp;70-k\u00f6pfigen Team mit Niederlassungen in 4 L\u00e4ndern<\/strong> bestand.<\/p>\n<p><span><a href=\"https:\/\/www.joerglahmann.com\/wp-content\/uploads\/2021\/05\/logo-GowithOh.jpg\"><img decoding=\"async\" alt=\"GowithOh - logo\" style=\"aspect-ratio: auto 1200 \/ 630;\" src=\"https:\/\/www.joerglahmann.com\/wp-content\/uploads\/2021\/05\/logo-GowithOh.jpg\" width=\"247\" height=\"130\" data-attachment-id=\"742\" data-width=\"247\" data-height=\"130\" data-init-width=\"1200\" data-init-height=\"630\" data-id=\"1006592\" title=\"\" loading=\"lazy\" data-link-wrap=\"true\" mt-d=\"0\"><\/a><\/span><\/p>\n<p>In dieser Zeit stie\u00df ich durch einen meiner Berater (Danke J.C. Duarte!) auf EOS. F\u00fcr mich war es ein wichtiger, sogar entscheidender Meilenstein f\u00fcr die Leitung meiner Firma. Ich erhielt passende, einfache und effektive Tools, mit denen ich ein best\u00e4ndiges Wachstum des Unternehmens ansto\u00dfen und aufrechterhalten konnte.<\/p>\n<p>Seit 2017 ist mein Lebensmittelpunkt langsam aber stetig Richtung <strong>Z\u00fcrich ger\u00fcckt, wo ich seit 2021&nbsp;<\/strong>meinen Haupt-Wohnsitz habe.&nbsp;<\/p>\n<p>Eben seit dieser Zeit, seit Mai 2017, ist meine Leidenschaft <strong>als EOS-Implementer, Leadership-Teams von KMUs dabei zu helfen<\/strong>, ihre Ziele mit Hilfe der EOS-Methode zu erreichen. Ich hoffe, dass auch Sie sich dazu entschlie\u00dfen EOS einzusetzen. Da ich selber durch die (manchmal harte) Schule des Unternehmers gegangen bin kann ich heute mit voller \u00dcberzeugung sagen, dass EOS das beste ist was Unternehmen passieren kann.&nbsp;<\/p>\n<p>Wenn Sie mit <a href=\"https:\/\/www.joerglahmann.com\/contacto\/\" style=\"outline: none;\">mir Kontakt aufnehmen <\/a>m\u00f6chten, ich freue mich auf unser Gespr\u00e4ch.<\/p>\n<h4>Effizienz &amp; Spass<\/h4>\n<p>Effizienz ist wichtig. Spass auch.Neuroscience hat gezeigt, dass wir eindeutig bessere Arbeit leisten und mehr lernen, wenn wir mit Spass bei der Sache sind.Humor liegt mir im Blut, Effizienz in der rechten Hirnh\u00e4lfte.&nbsp;<\/p>\n<h4>Ich war schon da<\/h4>\n<p>Ich bin nicht der typische Berater mit Krawatte. Ich hatte EOS in meinem eigenen Unternehmen genutzt, mit mehr als 70 Mitarbeitern und B\u00fcros in 4 L\u00e4ndern. EOS ist keine Theorie f\u00fcr mich, ich wei\u00df wor\u00fcber ich spreche.<\/p>\n<h4>Mehr als 8.000 KMU nutzen EOS<\/h4>\n<p>EOS wurde bereits erfolgreich in mehr als 8.000 KMU implementiert. Es ist die weltweit am h\u00e4ufigsten eingesetzte Methode zur Unternehmensf\u00fchrung f\u00fcr KMU.<\/p>\n<p><strong>Meine Arbeit in Zahlen:<\/strong><\/p>\n<p style=\"text-align: center;\">Anzahl ganzt\u00e4giger Sitzungen mit F\u00fchrungskr\u00e4ften.<\/p>\n<p><span>Customers served!<\/span><span data-anim=\"ticker\" data-refresh-interval=\"10\" data-from=\"0.0\" data-formatted-from=\"0\" data-to=\"482\" data-final-number=\"482\" data-decimals=\"0\" data-thousand-divider=\"\" data-decimal-character=\".\" data-speed=\"2507\"><span><\/span><span>0.0<\/span><span><\/span><\/span><span><\/span><\/p>\n<p style=\"text-align: center;\">Durchschnittliche Bewertung der Sitzungen durch die Mitglieder der Leadership-Teams<\/p>\n<p><span>Customers served!<\/span><span data-anim=\"ticker\" data-refresh-interval=\"10\" data-from=\"0.0\" data-formatted-from=\"0.00\" data-to=\"8.94\" data-final-number=\"8.94\" data-decimals=\"2\" data-thousand-divider=\"\" data-decimal-character=\".\" data-speed=\"2507\"><span><\/span><span>0.0<\/span><span><\/span><\/span><span><\/span><\/p>\n<p style=\"text-align: center;\">Anzahl der Unternehmen, denen ich bei der Umsetzung von EOS geholfen habe<\/p>\n<p><span>Customers served!<\/span><span data-anim=\"ticker\" data-refresh-interval=\"10\" data-from=\"0\" data-formatted-from=\"0\" data-to=\"65\" data-final-number=\"65\" data-decimals=\"0\" data-thousand-divider=\".\" data-decimal-character=\".\" data-speed=\"2507\"><span><\/span><span>0.0<\/span><span><\/span><\/span><span><\/span><\/p>\n<p style=\"text-align: center;\">Jahr, in dem ich begonnen habe, Unternehmen bei der Implementierung von EOS zu unterst\u00fctzen<\/p>\n<p><span>Customers served!<\/span><span data-anim=\"ticker\" data-refresh-interval=\"10\" data-from=\"2017\" data-formatted-from=\"2.017\" data-to=\"2017\" data-final-number=\"2.017\" data-decimals=\"0\" data-thousand-divider=\".\" data-decimal-character=\".\" data-speed=\"2507\"><span><\/span><span>0.0<\/span><span><\/span><\/span><span><\/span><\/p>\n<h2 style=\"margin-top: 10px !important;\">Mehr erfahren? Hier geht&#8217;s lang<\/h2>\n<p>Der beste Weg, um mit EOS zu beginnen, ist das 90-min\u00fctige Informationsgespr\u00e4ch. Es ist ein kostenloses Gespr\u00e4ch, das Ihnen alle notwendigen Informationen vermittelt und eben 90 Minuten dauert. Nicht mehr und nicht weniger. Ich werde erl\u00e4utern wie die Tools aussehen, sich der Ablauf einer Zusammenarbeit gestaltet und Sie werden im Anschluss wissen, ob EOS eine gute Option f\u00fcr Sie und Ihr Unternehmen ist. Versprochen: ich werde nicht versuchen, Ihnen etwas zu verkaufen; es wird rein informativ sein. Punkt. Hier geht&#8217;s zum <a href=\"https:\/\/www.joerglahmann.com\/de\/90-minuten-fuer-mehr-information-ueber-eos\/\"><strong>90-Minuten-Meeting<\/strong><\/a><b>.<\/b><\/p>\n<p><span><img loading=\"lazy\" decoding=\"async\" alt=\"cohete\" style=\"aspect-ratio: auto 463 \/ 541;\" src=\"https:\/\/www.joerglahmann.com\/wp-content\/uploads\/2017\/11\/rakete.png\" width=\"216\" height=\"252\" data-attachment-id=\"719\" data-width=\"216\" data-height=\"252\" data-init-width=\"463\" data-init-height=\"541\" data-id=\"1323\" title=\"cohete\"><\/span><\/p>\n<h4 style=\"text-align: center;\">0 bis 100: Wie viele Punkte hat Ihr Unternehmen?<\/h4>\n<p>Messen Sie die Effektivit\u00e4t und Gesundheit Ihres Unternehmens mit einem einfachen Test. Hocheffiziente, gut organisierte Unternehmen erzielen 80+ Punkte. Wie sieht es mit Ihrem aus?<\/p>\n<p style=\"text-align: center;\"><a data-tcb-events=\"\" href=\"http:\/\/organizationalcheckup.com\/\" rel=\"\" target=\"_blank\" style=\"outline: none;\"><strong>Zum Test<\/strong>&nbsp;<\/a><\/p>\n<h4 style=\"text-align: center;\">90 Minuten \u2013 Der erste Schritt<\/h4>\n<p>Vereinbaren Sie ein 90-min\u00fctiges Informationsmeeting mit uns. Vollkommen kostenlos! M\u00f6chten Sie mehr \u00fcber EOS erfahren und wissen, wie es Ihrem Unternehmen dabei helfen kann, Traction zu gewinnen?<\/p>\n<p style=\"text-align: center;\"><a href=\"https:\/\/www.joerglahmann.com\/de\/90-minuten-fuer-mehr-information-ueber-eos\/\" style=\"outline: none;\">90 minutos<\/a><\/p>\n<h4 style=\"text-align: center;\">Inspiration &amp; Lekt\u00fcre<\/h4>\n<\/p>\n<p>Lassen Sie sich von Artikeln zu Themen wie Unternehmensf\u00fchrung, Leadership, Teamkultur, Ressourcenoptimierung, Buchempfehlungen und Kuriosit\u00e4ten inspirieren.&nbsp;<\/p>\n<p style=\"text-align: center;\"><strong><a href=\"https:\/\/www.joerglahmann.com\/de\/blog-ueber-unternehmensfuehrung\/\" style=\"outline: none;\">Zum Blog<\/a><\/strong><\/p>\n<p><strong>Lust zu lesen und zu lernen? Hier finden Sie eine Auswahl an Artikeln aus meinem Blog<\/strong>&nbsp;<\/p>\n<h2><span data-shortcode=\"tcb_post_title\" data-shortcode-name=\"Post title\" data-extra_key=\"\" data-attr-link=\"1\" data-attr-target=\"0\" data-attr-rel=\"0\" data-option-inline=\"1\" data-attr-static-link=\"{&quot;className&quot;:&quot;&quot;,&quot;href&quot;:&quot;https:\/\/www.joerglahmann.com\/de\/der-wichtigste-baustein-fuer-ein-erfolgreiches-unternehmen\/&quot;,&quot;title&quot;:&quot;Der wichtigste Baustein f\u00fcr ein erfolgreiches Unternehmen&quot;,&quot;class&quot;:&quot;&quot;}\" data-attr-css=\"\"><a href=\"https:\/\/www.joerglahmann.com\/de\/der-wichtigste-baustein-fuer-ein-erfolgreiches-unternehmen\/\" title=\"Der wichtigste Baustein f\u00fcr ein erfolgreiches Unternehmen\" data-css=\"\">Der wichtigste Baustein f\u00fcr ein erfolgreiches Unternehmen<\/a><\/span><\/h2>\n<p><a href=\"https:\/\/www.joerglahmann.com\/de\/der-wichtigste-baustein-fuer-ein-erfolgreiches-unternehmen\/\" style=\"\"><span><span>Read More<\/span><\/span><\/a><\/p>\n<h2><span data-shortcode=\"tcb_post_title\" data-shortcode-name=\"Post title\" data-extra_key=\"\" data-attr-link=\"1\" data-attr-target=\"0\" data-attr-rel=\"0\" data-option-inline=\"1\" data-attr-static-link=\"{&quot;className&quot;:&quot;&quot;,&quot;href&quot;:&quot;https:\/\/www.joerglahmann.com\/de\/der-wichtigste-baustein-fuer-ein-erfolgreiches-unternehmen\/&quot;,&quot;title&quot;:&quot;Der wichtigste Baustein f\u00fcr ein erfolgreiches Unternehmen&quot;,&quot;class&quot;:&quot;&quot;}\" data-attr-css=\"\"><a href=\"https:\/\/www.joerglahmann.com\/de\/streitkultur-so-gehst-du-mit-konflikten-richtig-um\/\" title=\"Streitkultur: So gehst du mit Konflikten richtig um\" data-css=\"\">Streitkultur: So gehst du mit Konflikten richtig um<\/a><\/span><\/h2>\n<p><a href=\"https:\/\/www.joerglahmann.com\/de\/streitkultur-so-gehst-du-mit-konflikten-richtig-um\/\" style=\"\"><span><span>Read More<\/span><\/span><\/a><\/p>\n<h2><span data-shortcode=\"tcb_post_title\" data-shortcode-name=\"Post title\" data-extra_key=\"\" data-attr-link=\"1\" data-attr-target=\"0\" data-attr-rel=\"0\" data-option-inline=\"1\" data-attr-static-link=\"{&quot;className&quot;:&quot;&quot;,&quot;href&quot;:&quot;https:\/\/www.joerglahmann.com\/de\/der-wichtigste-baustein-fuer-ein-erfolgreiches-unternehmen\/&quot;,&quot;title&quot;:&quot;Der wichtigste Baustein f\u00fcr ein erfolgreiches Unternehmen&quot;,&quot;class&quot;:&quot;&quot;}\" data-attr-css=\"\"><a href=\"https:\/\/www.joerglahmann.com\/de\/delegieren-ein-video-englisch\/\" title=\"Delegieren \u2013 ein Video (Englisch)\" data-css=\"\">Delegieren \u2013 ein Video (Englisch)<\/a><\/span><\/h2>\n<p><a href=\"https:\/\/www.joerglahmann.com\/de\/delegieren-ein-video-englisch\/\" style=\"\"><span><span>Read More<\/span><\/span><\/a><\/p>\n<h2><span data-shortcode=\"tcb_post_title\" data-shortcode-name=\"Post title\" data-extra_key=\"\" data-attr-link=\"1\" data-attr-target=\"0\" data-attr-rel=\"0\" data-option-inline=\"1\" data-attr-static-link=\"{&quot;className&quot;:&quot;&quot;,&quot;href&quot;:&quot;https:\/\/www.joerglahmann.com\/de\/der-wichtigste-baustein-fuer-ein-erfolgreiches-unternehmen\/&quot;,&quot;title&quot;:&quot;Der wichtigste Baustein f\u00fcr ein erfolgreiches Unternehmen&quot;,&quot;class&quot;:&quot;&quot;}\" data-attr-css=\"\"><a href=\"https:\/\/www.joerglahmann.com\/de\/mitarbeiterbindung-6-probleme-und-ihre-loesungen\/\" title=\"Mitarbeiterbindung: 6 Probleme \u2013 und ihre L\u00f6sungen\" data-css=\"\">Mitarbeiterbindung: 6 Probleme \u2013 und ihre L\u00f6sungen<\/a><\/span><\/h2>\n<p><a href=\"https:\/\/www.joerglahmann.com\/de\/mitarbeiterbindung-6-probleme-und-ihre-loesungen\/\" style=\"\"><span><span>Read More<\/span><\/span><\/a><\/p>\n<h2><span data-shortcode=\"tcb_post_title\" data-shortcode-name=\"Post title\" data-extra_key=\"\" data-attr-link=\"1\" data-attr-target=\"0\" data-attr-rel=\"0\" data-option-inline=\"1\" data-attr-static-link=\"{&quot;className&quot;:&quot;&quot;,&quot;href&quot;:&quot;https:\/\/www.joerglahmann.com\/de\/der-wichtigste-baustein-fuer-ein-erfolgreiches-unternehmen\/&quot;,&quot;title&quot;:&quot;Der wichtigste Baustein f\u00fcr ein erfolgreiches Unternehmen&quot;,&quot;class&quot;:&quot;&quot;}\" data-attr-css=\"\"><a href=\"https:\/\/www.joerglahmann.com\/de\/dein-unternehmen-ein-spiegelbild-deiner-selbst\/\" title=\"Dein Unternehmen: ein Spiegelbild deiner selbst\" data-css=\"\">Dein Unternehmen: ein Spiegelbild deiner selbst<\/a><\/span><\/h2>\n<p><a href=\"https:\/\/www.joerglahmann.com\/de\/dein-unternehmen-ein-spiegelbild-deiner-selbst\/\" style=\"\"><span><span>Read More<\/span><\/span><\/a><\/p>\n<h2><span data-shortcode=\"tcb_post_title\" data-shortcode-name=\"Post title\" data-extra_key=\"\" data-attr-link=\"1\" data-attr-target=\"0\" data-attr-rel=\"0\" data-option-inline=\"1\" data-attr-static-link=\"{&quot;className&quot;:&quot;&quot;,&quot;href&quot;:&quot;https:\/\/www.joerglahmann.com\/de\/der-wichtigste-baustein-fuer-ein-erfolgreiches-unternehmen\/&quot;,&quot;title&quot;:&quot;Der wichtigste Baustein f\u00fcr ein erfolgreiches Unternehmen&quot;,&quot;class&quot;:&quot;&quot;}\" data-attr-css=\"\"><a href=\"https:\/\/www.joerglahmann.com\/de\/vom-kaffeeplausch-zum-all-hands-meeting-kommunikation-in-kmus\/\" title=\"Vom Kaffeeplausch zum All-Hands-Meeting: Kommunikation in KMUs\" data-css=\"\">Vom Kaffeeplausch zum All-Hands-Meeting: Kommunikation in KMUs<\/a><\/span><\/h2>\n<p><a href=\"https:\/\/www.joerglahmann.com\/de\/vom-kaffeeplausch-zum-all-hands-meeting-kommunikation-in-kmus\/\" style=\"\"><span><span>Read More<\/span><\/span><\/a><\/p>\n","protected":false},"excerpt":{"rendered":"<p>Vision ohne Umsetzung ist nur ein Traum. J\u00f6rg LahmannEOS Implementer | Autor | Vater Meine Geschichte&nbsp; Ich wurde in einem kleinen Dorf nahe Frankfurt geboren. Als ich wenige Monate alt war, zogen meine Eltern mit mir nach Meckenheim, einen Ort mit 25.000 Einwohnern in der N\u00e4he der ehemaligen Bundeshauptstadt Bonn. 19 Jahre sp\u00e4ter und mit [&hellip;]<\/p>\n","protected":false},"author":1,"featured_media":0,"parent":0,"menu_order":0,"comment_status":"open","ping_status":"closed","template":"","meta":{"footnotes":""},"class_list":["post-1511","page","type-page","status-publish","hentry","post-wrapper","thrv_wrapper"],"yoast_head":"<!-- This site is optimized with the Yoast SEO plugin v27.1.1 - https:\/\/yoast.com\/product\/yoast-seo-wordpress\/ -->\n<title>J\u00f6rg Lahmann \u2013 EOS Implementer | igostrategy - EOS implementer | Deutschland, Schweiz, Espa\u00f1a<\/title>\n<meta name=\"robots\" content=\"index, follow, max-snippet:-1, max-image-preview:large, max-video-preview:-1\" \/>\n<link rel=\"canonical\" href=\"https:\/\/joerglahmann.com\/jorg-lahmann-eos-implementer\/\" \/>\n<meta property=\"og:locale\" content=\"de_DE\" \/>\n<meta property=\"og:type\" content=\"article\" \/>\n<meta property=\"og:title\" content=\"J\u00f6rg Lahmann \u2013 EOS Implementer | igostrategy - EOS implementer | Deutschland, Schweiz, Espa\u00f1a\" \/>\n<meta property=\"og:description\" content=\"Vision ohne Umsetzung ist nur ein Traum. J\u00f6rg LahmannEOS Implementer | Autor | Vater Meine Geschichte&nbsp; Ich wurde in einem kleinen Dorf nahe Frankfurt geboren. Als ich wenige Monate alt war, zogen meine Eltern mit mir nach Meckenheim, einen Ort mit 25.000 Einwohnern in der N\u00e4he der ehemaligen Bundeshauptstadt Bonn. 19 Jahre sp\u00e4ter und mit [&hellip;]\" \/>\n<meta property=\"og:url\" content=\"https:\/\/joerglahmann.com\/jorg-lahmann-eos-implementer\/\" \/>\n<meta property=\"og:site_name\" content=\"EOS implementer | Deutschland, Schweiz, Espa\u00f1a\" \/>\n<meta property=\"article:modified_time\" content=\"2025-02-28T16:47:53+00:00\" \/>\n<meta property=\"og:image\" content=\"https:\/\/www.joerglahmann.com\/wp-content\/uploads\/2021\/05\/logo-GowithOh.jpg\" \/>\n<meta name=\"twitter:card\" content=\"summary_large_image\" \/>\n<meta name=\"twitter:label1\" content=\"Gesch\u00e4tzte Lesezeit\" \/>\n\t<meta name=\"twitter:data1\" content=\"4\u00a0Minuten\" \/>\n<script type=\"application\/ld+json\" class=\"yoast-schema-graph\">{\"@context\":\"https:\/\/schema.org\",\"@graph\":[{\"@type\":\"WebPage\",\"@id\":\"https:\/\/joerglahmann.com\/jorg-lahmann-eos-implementer\/\",\"url\":\"https:\/\/joerglahmann.com\/jorg-lahmann-eos-implementer\/\",\"name\":\"J\u00f6rg Lahmann \u2013 EOS Implementer | igostrategy - EOS implementer | Deutschland, Schweiz, Espa\u00f1a\",\"isPartOf\":{\"@id\":\"https:\/\/joerglahmann.com\/#website\"},\"primaryImageOfPage\":{\"@id\":\"https:\/\/joerglahmann.com\/jorg-lahmann-eos-implementer\/#primaryimage\"},\"image\":{\"@id\":\"https:\/\/joerglahmann.com\/jorg-lahmann-eos-implementer\/#primaryimage\"},\"thumbnailUrl\":\"https:\/\/www.joerglahmann.com\/wp-content\/uploads\/2021\/05\/logo-GowithOh.jpg\",\"datePublished\":\"2015-02-13T23:20:29+00:00\",\"dateModified\":\"2025-02-28T16:47:53+00:00\",\"breadcrumb\":{\"@id\":\"https:\/\/joerglahmann.com\/jorg-lahmann-eos-implementer\/#breadcrumb\"},\"inLanguage\":\"de\",\"potentialAction\":[{\"@type\":\"ReadAction\",\"target\":[\"https:\/\/joerglahmann.com\/jorg-lahmann-eos-implementer\/\"]}]},{\"@type\":\"ImageObject\",\"inLanguage\":\"de\",\"@id\":\"https:\/\/joerglahmann.com\/jorg-lahmann-eos-implementer\/#primaryimage\",\"url\":\"https:\/\/www.joerglahmann.com\/wp-content\/uploads\/2021\/05\/logo-GowithOh.jpg\",\"contentUrl\":\"https:\/\/www.joerglahmann.com\/wp-content\/uploads\/2021\/05\/logo-GowithOh.jpg\"},{\"@type\":\"BreadcrumbList\",\"@id\":\"https:\/\/joerglahmann.com\/jorg-lahmann-eos-implementer\/#breadcrumb\",\"itemListElement\":[{\"@type\":\"ListItem\",\"position\":1,\"name\":\"Portada\",\"item\":\"https:\/\/joerglahmann.com\/de\/\"},{\"@type\":\"ListItem\",\"position\":2,\"name\":\"J\u00f6rg Lahmann \u2013 EOS Implementer | igostrategy\"}]},{\"@type\":\"WebSite\",\"@id\":\"https:\/\/joerglahmann.com\/#website\",\"url\":\"https:\/\/joerglahmann.com\/\",\"name\":\"EOS implementer | Deutschland, Schweiz, Espa\u00f1a\",\"description\":\"\",\"potentialAction\":[{\"@type\":\"SearchAction\",\"target\":{\"@type\":\"EntryPoint\",\"urlTemplate\":\"https:\/\/joerglahmann.com\/?s={search_term_string}\"},\"query-input\":{\"@type\":\"PropertyValueSpecification\",\"valueRequired\":true,\"valueName\":\"search_term_string\"}}],\"inLanguage\":\"de\"}]}<\/script>\n<!-- \/ Yoast SEO plugin. -->","yoast_head_json":{"title":"J\u00f6rg Lahmann \u2013 EOS Implementer | igostrategy - EOS implementer | Deutschland, Schweiz, Espa\u00f1a","robots":{"index":"index","follow":"follow","max-snippet":"max-snippet:-1","max-image-preview":"max-image-preview:large","max-video-preview":"max-video-preview:-1"},"canonical":"https:\/\/joerglahmann.com\/jorg-lahmann-eos-implementer\/","og_locale":"de_DE","og_type":"article","og_title":"J\u00f6rg Lahmann \u2013 EOS Implementer | igostrategy - EOS implementer | Deutschland, Schweiz, Espa\u00f1a","og_description":"Vision ohne Umsetzung ist nur ein Traum. J\u00f6rg LahmannEOS Implementer | Autor | Vater Meine Geschichte&nbsp; Ich wurde in einem kleinen Dorf nahe Frankfurt geboren. Als ich wenige Monate alt war, zogen meine Eltern mit mir nach Meckenheim, einen Ort mit 25.000 Einwohnern in der N\u00e4he der ehemaligen Bundeshauptstadt Bonn. 19 Jahre sp\u00e4ter und mit [&hellip;]","og_url":"https:\/\/joerglahmann.com\/jorg-lahmann-eos-implementer\/","og_site_name":"EOS implementer | Deutschland, Schweiz, Espa\u00f1a","article_modified_time":"2025-02-28T16:47:53+00:00","og_image":[{"url":"https:\/\/www.joerglahmann.com\/wp-content\/uploads\/2021\/05\/logo-GowithOh.jpg","type":"","width":"","height":""}],"twitter_card":"summary_large_image","twitter_misc":{"Gesch\u00e4tzte Lesezeit":"4\u00a0Minuten"},"schema":{"@context":"https:\/\/schema.org","@graph":[{"@type":"WebPage","@id":"https:\/\/joerglahmann.com\/jorg-lahmann-eos-implementer\/","url":"https:\/\/joerglahmann.com\/jorg-lahmann-eos-implementer\/","name":"J\u00f6rg Lahmann \u2013 EOS Implementer | igostrategy - EOS implementer | Deutschland, Schweiz, Espa\u00f1a","isPartOf":{"@id":"https:\/\/joerglahmann.com\/#website"},"primaryImageOfPage":{"@id":"https:\/\/joerglahmann.com\/jorg-lahmann-eos-implementer\/#primaryimage"},"image":{"@id":"https:\/\/joerglahmann.com\/jorg-lahmann-eos-implementer\/#primaryimage"},"thumbnailUrl":"https:\/\/www.joerglahmann.com\/wp-content\/uploads\/2021\/05\/logo-GowithOh.jpg","datePublished":"2015-02-13T23:20:29+00:00","dateModified":"2025-02-28T16:47:53+00:00","breadcrumb":{"@id":"https:\/\/joerglahmann.com\/jorg-lahmann-eos-implementer\/#breadcrumb"},"inLanguage":"de","potentialAction":[{"@type":"ReadAction","target":["https:\/\/joerglahmann.com\/jorg-lahmann-eos-implementer\/"]}]},{"@type":"ImageObject","inLanguage":"de","@id":"https:\/\/joerglahmann.com\/jorg-lahmann-eos-implementer\/#primaryimage","url":"https:\/\/www.joerglahmann.com\/wp-content\/uploads\/2021\/05\/logo-GowithOh.jpg","contentUrl":"https:\/\/www.joerglahmann.com\/wp-content\/uploads\/2021\/05\/logo-GowithOh.jpg"},{"@type":"BreadcrumbList","@id":"https:\/\/joerglahmann.com\/jorg-lahmann-eos-implementer\/#breadcrumb","itemListElement":[{"@type":"ListItem","position":1,"name":"Portada","item":"https:\/\/joerglahmann.com\/de\/"},{"@type":"ListItem","position":2,"name":"J\u00f6rg Lahmann \u2013 EOS Implementer | igostrategy"}]},{"@type":"WebSite","@id":"https:\/\/joerglahmann.com\/#website","url":"https:\/\/joerglahmann.com\/","name":"EOS implementer | Deutschland, Schweiz, Espa\u00f1a","description":"","potentialAction":[{"@type":"SearchAction","target":{"@type":"EntryPoint","urlTemplate":"https:\/\/joerglahmann.com\/?s={search_term_string}"},"query-input":{"@type":"PropertyValueSpecification","valueRequired":true,"valueName":"search_term_string"}}],"inLanguage":"de"}]}},"_links":{"self":[{"href":"https:\/\/joerglahmann.com\/de\/wp-json\/wp\/v2\/pages\/1511","targetHints":{"allow":["GET"]}}],"collection":[{"href":"https:\/\/joerglahmann.com\/de\/wp-json\/wp\/v2\/pages"}],"about":[{"href":"https:\/\/joerglahmann.com\/de\/wp-json\/wp\/v2\/types\/page"}],"author":[{"embeddable":true,"href":"https:\/\/joerglahmann.com\/de\/wp-json\/wp\/v2\/users\/1"}],"replies":[{"embeddable":true,"href":"https:\/\/joerglahmann.com\/de\/wp-json\/wp\/v2\/comments?post=1511"}],"version-history":[{"count":18,"href":"https:\/\/joerglahmann.com\/de\/wp-json\/wp\/v2\/pages\/1511\/revisions"}],"predecessor-version":[{"id":1008996,"href":"https:\/\/joerglahmann.com\/de\/wp-json\/wp\/v2\/pages\/1511\/revisions\/1008996"}],"wp:attachment":[{"href":"https:\/\/joerglahmann.com\/de\/wp-json\/wp\/v2\/media?parent=1511"}],"curies":[{"name":"wp","href":"https:\/\/api.w.org\/{rel}","templated":true}]}}