{"id":1931,"date":"2017-11-24T15:50:53","date_gmt":"2017-11-24T15:50:53","guid":{"rendered":"https:\/\/www.joerglahmann.com\/conferencias\/"},"modified":"2025-02-28T17:18:59","modified_gmt":"2025-02-28T16:18:59","slug":"eos-konferenzen","status":"publish","type":"page","link":"https:\/\/joerglahmann.com\/de\/eos-konferenzen\/","title":{"rendered":"Vortr\u00e4ge"},"content":{"rendered":"<h1>Workshops &amp; Vortr\u00e4ge \u00fcber EOS<\/h1>\n<p>Sie sind auf der Suche nach einem Sprecher f\u00fcr Ihr n\u00e4chstes Event?<\/p>\n<p>J\u00f6rg Lahmann h\u00e4lt regelm\u00e4\u00dfig Vortr\u00e4ge f\u00fcr Unternehmen, Non-Profit-Organisationen, Unternehmensgruppen sowie Vereine und Verb\u00e4nde,&nbsp; beispielsweise EO (Entrepreneurs&#8216; Organization), TecnoCampus, Marketing Leaders usw.<\/p>\n<p>In einer <strong>dynamischen&nbsp; Pr\u00e4sentation<\/strong> vermittelt J\u00f6rg eine Vielzahl von praktischen Tools, die Unternehmern und F\u00fchrungskr\u00e4ften dabei helfen, f\u00fcr ihre Unternehmen und in ihrem Privatleben all das zu erreichen, was ihnen vorschwebt. Dabei handelt sich nicht um abstrakte Theorie, sondern um eine ausf\u00fchrliche Einf\u00fchrung in EOS (Entrepreneurial Operating System) und die dazugeh\u00f6rigen Konzepte und Methoden.<\/p>\n<p>Bei der interaktiven Pr\u00e4sentation erhalten die Zuh\u00f6rer <strong>Kenntnisse und Tools<\/strong>, die sie unmittelbar in ihren Unternehmen umsetzen k\u00f6nnen, um eine klar definierte <strong>Vision<\/strong> zu schaffen, die <strong>Umsetzung<\/strong> zu verbessern und mit einem effizienteren <strong>Team<\/strong> zu arbeiten, in dem Zusammenhalt herrscht.<\/p>\n<p><strong>Videos von J\u00f6rg Lahmann (Spanisch)<\/strong><\/p>\n<p><strong>Fotos<\/strong><\/p>\n<p><span style=\"width: 100%;\"><a href=\"https:\/\/www.joerglahmann.com\/wp-content\/uploads\/2018\/05\/hmjgui.jpg\" rel=\"\"><img loading=\"lazy\" decoding=\"async\" alt=\"\" width=\"1280\" height=\"719\" title=\"hmjgui\" data-id=\"2190\" src=\"\/\/www.joerglahmann.com\/wp-content\/uploads\/2018\/05\/hmjgui.jpg\" style=\"\"><\/a><\/span><span><a href=\"https:\/\/www.joerglahmann.com\/wp-content\/uploads\/2018\/03\/IMG-20180301-WA0003.jpg\" rel=\"\"><img loading=\"lazy\" decoding=\"async\" alt=\"\" width=\"1600\" height=\"744\" title=\"IMG-20180301-WA0003\" data-id=\"1756\" src=\"\/\/www.joerglahmann.com\/wp-content\/uploads\/2018\/03\/IMG-20180301-WA0003.jpg\"><\/a><\/span><span><a href=\"https:\/\/www.joerglahmann.com\/wp-content\/uploads\/2018\/03\/2018-02-09-CITRUS-VERSION-2.jpg\" rel=\"\"><img loading=\"lazy\" decoding=\"async\" alt=\"\" width=\"725\" height=\"433\" title=\"EO talk\" data-id=\"1755\" src=\"\/\/www.joerglahmann.com\/wp-content\/uploads\/2018\/03\/2018-02-09-CITRUS-VERSION-2.jpg\"><\/a><\/span><span><a href=\"https:\/\/www.joerglahmann.com\/wp-content\/uploads\/2018\/03\/dtrydht.jpg\" rel=\"\"><img loading=\"lazy\" decoding=\"async\" alt=\"\" width=\"1280\" height=\"717\" title=\"dtrydht\" data-id=\"1928\" src=\"\/\/www.joerglahmann.com\/wp-content\/uploads\/2018\/03\/dtrydht.jpg\"><\/a><\/span><span><a href=\"https:\/\/www.joerglahmann.com\/wp-content\/uploads\/2018\/03\/aewferwg.jpg\" rel=\"\"><img loading=\"lazy\" decoding=\"async\" alt=\"\" width=\"1280\" height=\"797\" title=\"aewferwg\" data-id=\"1927\" src=\"\/\/www.joerglahmann.com\/wp-content\/uploads\/2018\/03\/aewferwg.jpg\"><\/a><\/span><\/p>\n<h4 style=\"text-align: center;\"><span>Download<\/span><\/h4>\n<p style=\"text-align: center;\">F\u00fcr weitere Informationen zu J\u00f6rgs Vortrag \u00fcber EOS laden Sie einfach das Speaking Sheet im PDF-Format herunter.<\/p>\n<p style=\"text-align: center;\"><a href=\"https:\/\/www.joerglahmann.com\/wp-content\/uploads\/2018\/04\/EOS-J\u00f6rg-Lahmann-Speaker-Sheet-.pdf\" target=\"_blank\" style=\"outline: none;\"><strong> Speaking Sheet -&gt;&nbsp;<\/strong><\/a><\/p>\n<h4 style=\"text-align: center;\"><span>Weitere Infos<\/span><\/h4>\n<p style=\"text-align: center;\">Wenn Sie eine Anfrage f\u00fcr eine Veranstaltung stellen m\u00f6chten, sonstige Fragen haben oder Kontakt aufnehmen wollen, dann k\u00f6nnen Sie das hier tun:<\/p>\n<p style=\"text-align: center;\"><strong><a href=\"https:\/\/www.joerglahmann.com\/de\/kontakt\/\">Kontakt -&gt;<\/a><\/strong><\/p>\n<p><span style=\"width: 100%;\"><a href=\"https:\/\/www.joerglahmann.com\/wp-content\/uploads\/2023\/06\/572KB-e1686489151875.jpg\" rel=\"\"><img loading=\"lazy\" decoding=\"async\" alt=\"J\u00f6rg Lahmann - Certified EOS Implementer\" width=\"193\" height=\"145\" title=\"572KB\" data-id=\"1007670\" src=\"https:\/\/www.joerglahmann.com\/wp-content\/uploads\/2023\/06\/572KB-e1686489151875.jpg\" style=\"aspect-ratio: auto 2000 \/ 1502;\" data-width=\"193\" data-height=\"145\" data-init-width=\"2000\" data-init-height=\"1502\"><\/a><\/span><\/p>\n<p><strong>J\u00f6rg Lahmann<\/strong><\/p>\n<p>J\u00f6rg ist ein fesselnder Redner mit einer echten Leidenschaft f\u00fcr die Unternehmenswelt.<\/p>\n<p><em><em>J\u00f6rg hat mit seinem Vortrag zu den Tools von EOS zahlreiche Aha-Momente in der ganzen Gruppe geschaffen. Pl\u00f6tzlich sieht man, wie einfach und dabei effektiv einige fundamentale Dinge wie zum Beispiel Besprechungen sein k\u00f6nnen. Es war ein Vortrag, der nachhaltige Ver\u00e4nderungen erzeugt hat.<\/em><\/em><\/p>\n<p><span style=\"font-size: 15px;\">Sebastian Lugert<\/span><span style=\"font-size: 15px;\">Gesch\u00e4ftsf\u00fchrer, Lugert Verlag GmbH &amp; Co. KG<\/span><\/p>\n<p><em><span style=\"font-size: 20px;\"><em>Es war klasse! Der Vortrag hat mir geholfen, die Erfahrung und die Transformation, die mein Unternehmen durch EOS durchlaufen kann, richtig zu verstehen.<\/em><\/span><\/em><\/p>\n<p><span style=\"font-size: 15px;\">Roman MartinGr\u00fcnder &amp; CEO, Interbel<\/span><\/p>\n<p><em><em>J\u00f6rg ist ein Experte in den Gebieten F\u00fchrung, Unternehmens- und Teammanagement. Er hat ein angeborenes Motivationstalent und inspiriert andere mit seiner positiven Einstellung, seinem Enthusiasmus und seinem Vortrag \u00fcber EOS.<\/em><\/em><\/p>\n<p><span style=\"font-size: 15px;\">Arne Pohlmann<\/span><span style=\"font-size: 15px;\">Gr\u00fcnder &amp; CEO, FOCUSECONOMICS<\/span><\/p>\n<p><span><img loading=\"lazy\" decoding=\"async\" alt=\"mapa donde trabaja 1.0\" style=\"aspect-ratio: auto 313 \/ 257;\" src=\"\/\/www.joerglahmann.com\/wp-content\/uploads\/2017\/05\/mapa-donde-trabaja-1.0.gif\" width=\"260\" height=\"214\" data-attachment-id=\"726\" data-width=\"260\" data-height=\"214\" data-init-width=\"313\" data-init-height=\"257\"><\/span><\/p>\n<p>&#8220; Vision without traction is hallucination. &#8222;<\/p>\n<h4 style=\"text-align: center;\">Mehr als 6.000 KMU nutzen EOS<\/h4>\n<p>EOS wurde bereits erfolgreich in mehr als 6.000 KMU implementiert. Es ist die weltweit am h\u00e4ufigsten eingesetzte Methode zur Unternehmensf\u00fchrung f\u00fcr KMU.<\/p>\n<h4 style=\"text-align: center;\">Ich war schon da<\/h4>\n<p>Ich bin nicht der typische Berater mit Krawatte. Ich hatte mein eigenes Unternehmen mit mehr als 70 Mitarbeitern und B\u00fcros in 4 L\u00e4ndern. Ich hatte EOS implementiert. F\u00fcr mich ist es keine Theorie, ich wei\u00df wor\u00fcber ich spreche.<\/p>\n<h4>Effizienz &amp; Spass<\/h4>\n<p>Effizienz ist wichtig. Spass auch. Neuroscience hat gezeigt, dass wir eindeutig bessere Arbeit leisten und mehr lernen, wenn wir mit Spass bei der Sache sind. Humor liegt mir im Blut, Effizienz in der rechten Hirnh\u00e4lfte.&nbsp;<\/p>\n","protected":false},"excerpt":{"rendered":"<p>Workshops &amp; Vortr\u00e4ge \u00fcber EOS Sie sind auf der Suche nach einem Sprecher f\u00fcr Ihr n\u00e4chstes Event? J\u00f6rg Lahmann h\u00e4lt regelm\u00e4\u00dfig Vortr\u00e4ge f\u00fcr Unternehmen, Non-Profit-Organisationen, Unternehmensgruppen sowie Vereine und Verb\u00e4nde,&nbsp; beispielsweise EO (Entrepreneurs&#8216; Organization), TecnoCampus, Marketing Leaders usw. In einer dynamischen&nbsp; Pr\u00e4sentation vermittelt J\u00f6rg eine Vielzahl von praktischen Tools, die Unternehmern und F\u00fchrungskr\u00e4ften dabei helfen, [&hellip;]<\/p>\n","protected":false},"author":1,"featured_media":0,"parent":0,"menu_order":0,"comment_status":"open","ping_status":"closed","template":"","meta":{"footnotes":""},"class_list":["post-1931","page","type-page","status-publish","hentry","post-wrapper","thrv_wrapper"],"yoast_head":"<!-- This site is optimized with the Yoast SEO plugin v27.1.1 - https:\/\/yoast.com\/product\/yoast-seo-wordpress\/ -->\n<title>Vortr\u00e4ge - EOS implementer | Deutschland, Schweiz, Espa\u00f1a<\/title>\n<meta name=\"robots\" content=\"index, follow, max-snippet:-1, max-image-preview:large, max-video-preview:-1\" \/>\n<link rel=\"canonical\" href=\"https:\/\/joerglahmann.com\/conferencias\/\" \/>\n<meta property=\"og:locale\" content=\"de_DE\" \/>\n<meta property=\"og:type\" content=\"article\" \/>\n<meta property=\"og:title\" content=\"Vortr\u00e4ge - EOS implementer | Deutschland, Schweiz, Espa\u00f1a\" \/>\n<meta property=\"og:description\" content=\"Workshops &amp; Vortr\u00e4ge \u00fcber EOS Sie sind auf der Suche nach einem Sprecher f\u00fcr Ihr n\u00e4chstes Event? J\u00f6rg Lahmann h\u00e4lt regelm\u00e4\u00dfig Vortr\u00e4ge f\u00fcr Unternehmen, Non-Profit-Organisationen, Unternehmensgruppen sowie Vereine und Verb\u00e4nde,&nbsp; beispielsweise EO (Entrepreneurs&#8216; Organization), TecnoCampus, Marketing Leaders usw. In einer dynamischen&nbsp; Pr\u00e4sentation vermittelt J\u00f6rg eine Vielzahl von praktischen Tools, die Unternehmern und F\u00fchrungskr\u00e4ften dabei helfen, [&hellip;]\" \/>\n<meta property=\"og:url\" content=\"https:\/\/joerglahmann.com\/conferencias\/\" \/>\n<meta property=\"og:site_name\" content=\"EOS implementer | Deutschland, Schweiz, Espa\u00f1a\" \/>\n<meta property=\"article:modified_time\" content=\"2025-02-28T16:18:59+00:00\" \/>\n<meta property=\"og:image\" content=\"https:\/\/www.joerglahmann.com\/wp-content\/uploads\/2023\/06\/572KB-e1686489151875.jpg\" \/>\n<meta name=\"twitter:card\" content=\"summary_large_image\" \/>\n<meta name=\"twitter:label1\" content=\"Gesch\u00e4tzte Lesezeit\" \/>\n\t<meta name=\"twitter:data1\" content=\"2\u00a0Minuten\" \/>\n<script type=\"application\/ld+json\" class=\"yoast-schema-graph\">{\"@context\":\"https:\/\/schema.org\",\"@graph\":[{\"@type\":\"WebPage\",\"@id\":\"https:\/\/joerglahmann.com\/conferencias\/\",\"url\":\"https:\/\/joerglahmann.com\/conferencias\/\",\"name\":\"Vortr\u00e4ge - EOS implementer | Deutschland, Schweiz, Espa\u00f1a\",\"isPartOf\":{\"@id\":\"https:\/\/joerglahmann.com\/#website\"},\"primaryImageOfPage\":{\"@id\":\"https:\/\/joerglahmann.com\/conferencias\/#primaryimage\"},\"image\":{\"@id\":\"https:\/\/joerglahmann.com\/conferencias\/#primaryimage\"},\"thumbnailUrl\":\"https:\/\/www.joerglahmann.com\/wp-content\/uploads\/2023\/06\/572KB-e1686489151875.jpg\",\"datePublished\":\"2017-11-24T15:50:53+00:00\",\"dateModified\":\"2025-02-28T16:18:59+00:00\",\"breadcrumb\":{\"@id\":\"https:\/\/joerglahmann.com\/conferencias\/#breadcrumb\"},\"inLanguage\":\"de\",\"potentialAction\":[{\"@type\":\"ReadAction\",\"target\":[\"https:\/\/joerglahmann.com\/conferencias\/\"]}]},{\"@type\":\"ImageObject\",\"inLanguage\":\"de\",\"@id\":\"https:\/\/joerglahmann.com\/conferencias\/#primaryimage\",\"url\":\"https:\/\/www.joerglahmann.com\/wp-content\/uploads\/2023\/06\/572KB-e1686489151875.jpg\",\"contentUrl\":\"https:\/\/www.joerglahmann.com\/wp-content\/uploads\/2023\/06\/572KB-e1686489151875.jpg\"},{\"@type\":\"BreadcrumbList\",\"@id\":\"https:\/\/joerglahmann.com\/conferencias\/#breadcrumb\",\"itemListElement\":[{\"@type\":\"ListItem\",\"position\":1,\"name\":\"Portada\",\"item\":\"https:\/\/joerglahmann.com\/de\/\"},{\"@type\":\"ListItem\",\"position\":2,\"name\":\"Vortr\u00e4ge\"}]},{\"@type\":\"WebSite\",\"@id\":\"https:\/\/joerglahmann.com\/#website\",\"url\":\"https:\/\/joerglahmann.com\/\",\"name\":\"EOS implementer | Deutschland, Schweiz, Espa\u00f1a\",\"description\":\"\",\"potentialAction\":[{\"@type\":\"SearchAction\",\"target\":{\"@type\":\"EntryPoint\",\"urlTemplate\":\"https:\/\/joerglahmann.com\/?s={search_term_string}\"},\"query-input\":{\"@type\":\"PropertyValueSpecification\",\"valueRequired\":true,\"valueName\":\"search_term_string\"}}],\"inLanguage\":\"de\"}]}<\/script>\n<!-- \/ Yoast SEO plugin. -->","yoast_head_json":{"title":"Vortr\u00e4ge - EOS implementer | Deutschland, Schweiz, Espa\u00f1a","robots":{"index":"index","follow":"follow","max-snippet":"max-snippet:-1","max-image-preview":"max-image-preview:large","max-video-preview":"max-video-preview:-1"},"canonical":"https:\/\/joerglahmann.com\/conferencias\/","og_locale":"de_DE","og_type":"article","og_title":"Vortr\u00e4ge - EOS implementer | Deutschland, Schweiz, Espa\u00f1a","og_description":"Workshops &amp; Vortr\u00e4ge \u00fcber EOS Sie sind auf der Suche nach einem Sprecher f\u00fcr Ihr n\u00e4chstes Event? J\u00f6rg Lahmann h\u00e4lt regelm\u00e4\u00dfig Vortr\u00e4ge f\u00fcr Unternehmen, Non-Profit-Organisationen, Unternehmensgruppen sowie Vereine und Verb\u00e4nde,&nbsp; beispielsweise EO (Entrepreneurs&#8216; Organization), TecnoCampus, Marketing Leaders usw. In einer dynamischen&nbsp; Pr\u00e4sentation vermittelt J\u00f6rg eine Vielzahl von praktischen Tools, die Unternehmern und F\u00fchrungskr\u00e4ften dabei helfen, [&hellip;]","og_url":"https:\/\/joerglahmann.com\/conferencias\/","og_site_name":"EOS implementer | Deutschland, Schweiz, Espa\u00f1a","article_modified_time":"2025-02-28T16:18:59+00:00","og_image":[{"url":"https:\/\/www.joerglahmann.com\/wp-content\/uploads\/2023\/06\/572KB-e1686489151875.jpg","type":"","width":"","height":""}],"twitter_card":"summary_large_image","twitter_misc":{"Gesch\u00e4tzte Lesezeit":"2\u00a0Minuten"},"schema":{"@context":"https:\/\/schema.org","@graph":[{"@type":"WebPage","@id":"https:\/\/joerglahmann.com\/conferencias\/","url":"https:\/\/joerglahmann.com\/conferencias\/","name":"Vortr\u00e4ge - EOS implementer | Deutschland, Schweiz, Espa\u00f1a","isPartOf":{"@id":"https:\/\/joerglahmann.com\/#website"},"primaryImageOfPage":{"@id":"https:\/\/joerglahmann.com\/conferencias\/#primaryimage"},"image":{"@id":"https:\/\/joerglahmann.com\/conferencias\/#primaryimage"},"thumbnailUrl":"https:\/\/www.joerglahmann.com\/wp-content\/uploads\/2023\/06\/572KB-e1686489151875.jpg","datePublished":"2017-11-24T15:50:53+00:00","dateModified":"2025-02-28T16:18:59+00:00","breadcrumb":{"@id":"https:\/\/joerglahmann.com\/conferencias\/#breadcrumb"},"inLanguage":"de","potentialAction":[{"@type":"ReadAction","target":["https:\/\/joerglahmann.com\/conferencias\/"]}]},{"@type":"ImageObject","inLanguage":"de","@id":"https:\/\/joerglahmann.com\/conferencias\/#primaryimage","url":"https:\/\/www.joerglahmann.com\/wp-content\/uploads\/2023\/06\/572KB-e1686489151875.jpg","contentUrl":"https:\/\/www.joerglahmann.com\/wp-content\/uploads\/2023\/06\/572KB-e1686489151875.jpg"},{"@type":"BreadcrumbList","@id":"https:\/\/joerglahmann.com\/conferencias\/#breadcrumb","itemListElement":[{"@type":"ListItem","position":1,"name":"Portada","item":"https:\/\/joerglahmann.com\/de\/"},{"@type":"ListItem","position":2,"name":"Vortr\u00e4ge"}]},{"@type":"WebSite","@id":"https:\/\/joerglahmann.com\/#website","url":"https:\/\/joerglahmann.com\/","name":"EOS implementer | Deutschland, Schweiz, Espa\u00f1a","description":"","potentialAction":[{"@type":"SearchAction","target":{"@type":"EntryPoint","urlTemplate":"https:\/\/joerglahmann.com\/?s={search_term_string}"},"query-input":{"@type":"PropertyValueSpecification","valueRequired":true,"valueName":"search_term_string"}}],"inLanguage":"de"}]}},"_links":{"self":[{"href":"https:\/\/joerglahmann.com\/de\/wp-json\/wp\/v2\/pages\/1931","targetHints":{"allow":["GET"]}}],"collection":[{"href":"https:\/\/joerglahmann.com\/de\/wp-json\/wp\/v2\/pages"}],"about":[{"href":"https:\/\/joerglahmann.com\/de\/wp-json\/wp\/v2\/types\/page"}],"author":[{"embeddable":true,"href":"https:\/\/joerglahmann.com\/de\/wp-json\/wp\/v2\/users\/1"}],"replies":[{"embeddable":true,"href":"https:\/\/joerglahmann.com\/de\/wp-json\/wp\/v2\/comments?post=1931"}],"version-history":[{"count":17,"href":"https:\/\/joerglahmann.com\/de\/wp-json\/wp\/v2\/pages\/1931\/revisions"}],"predecessor-version":[{"id":1008990,"href":"https:\/\/joerglahmann.com\/de\/wp-json\/wp\/v2\/pages\/1931\/revisions\/1008990"}],"wp:attachment":[{"href":"https:\/\/joerglahmann.com\/de\/wp-json\/wp\/v2\/media?parent=1931"}],"curies":[{"name":"wp","href":"https:\/\/api.w.org\/{rel}","templated":true}]}}