{"id":2183,"date":"2018-04-27T16:54:06","date_gmt":"2018-04-27T16:54:06","guid":{"rendered":"https:\/\/www.joerglahmann.com\/testimonios\/"},"modified":"2025-02-25T16:17:08","modified_gmt":"2025-02-25T15:17:08","slug":"referenzen-eos","status":"publish","type":"page","link":"https:\/\/joerglahmann.com\/de\/referenzen-eos\/","title":{"rendered":"Referenzen"},"content":{"rendered":"<h1><strong>Was die anderen sagen&#8230;<\/strong><\/h1>\n<p>&#8230;ist wichtiger als das was wir sagen. Schliesslich ist es einfach, tolle Sachen zu behaupten und Heldenstories von unseren Erfolgen zu erz\u00e4hlen. Weit wichtiger ist was unsere Kunden \u00fcber uns sagen, Unternehmer mit denen wir bereits arbeiten oder gearbeitet haben.&nbsp;<\/p>\n<p>Im Folgenden haben deshalb die Unternehmer, unsere Kunden, das Wort: \u00fcber igostrategy und was es heisst das Unternehmen mit der <a href=\"https:\/\/www.joerglahmann.com\/de\/das-modell-eos\/\">Methode EOS <\/a>zu f\u00fchren.&nbsp;<\/p>\n<p><span><a href=\"https:\/\/www.joerglahmann.com\/wp-content\/uploads\/2021\/05\/logo.png\"><img decoding=\"async\" alt=\"Logo B\u00f6ckels Beste\" data-id=\"1006565\" width=\"273\" data-init-width=\"321\" height=\"134\" data-init-height=\"157\" title=\"Logo B\u00f6ckels Beste\" loading=\"lazy\" src=\"https:\/\/www.joerglahmann.com\/wp-content\/uploads\/2021\/05\/logo.png\" data-width=\"273\" data-height=\"134\" data-link-wrap=\"true\" style=\"aspect-ratio: auto 321 \/ 157;\"><\/a><\/span><\/p>\n<p>Interview mit Clemens B\u00f6ckel, Gr\u00fcnder und CEO von <a href=\"https:\/\/www.boeckels-beste.de\/\" target=\"_blank\" style=\"outline: none;\">B\u00f6ckels Beste<\/a>, \u00fcber die Implementierung von EOS zur Unternehmensf\u00fchrung.&nbsp;<\/p>\n<p><span><a href=\"https:\/\/www.joerglahmann.com\/wp-content\/uploads\/2021\/09\/logo.jpg\" target=\"_blank\"><img decoding=\"async\" alt=\"\" data-id=\"1006802\" width=\"273\" data-init-width=\"209\" height=\"82\" data-init-height=\"63\" title=\"logo\" loading=\"lazy\" src=\"https:\/\/www.joerglahmann.com\/wp-content\/uploads\/2021\/09\/logo.jpg\" data-width=\"273\" data-height=\"82\" data-link-wrap=\"true\" style=\"aspect-ratio: auto 209 \/ 63;\"><\/a><\/span><\/p>\n<p>Interview mit Jordi Calduch, CEO und Mitgr\u00fcnder von <a href=\"https:\/\/sampling-innovations.com\/\" target=\"_blank\" style=\"outline: none;\">Sampling Innovations<\/a>, \u00fcber die Implementierung von EOS in seinem Unternehmen.&nbsp;<\/p>\n<p style=\"\"><strong><span style=\"\">&#8211; Interview auf Spanisch mit Deutschem Untertitel &#8211; <\/span><\/strong><\/p>\n<p><span><a href=\"https:\/\/www.joerglahmann.com\/wp-content\/uploads\/2021\/05\/logo-durania-2.jpg\"><img decoding=\"async\" alt=\"logo Durania Group\" data-id=\"1006561\" width=\"273\" data-init-width=\"298\" height=\"112\" data-init-height=\"122\" title=\"logo durania 2\" loading=\"lazy\" src=\"https:\/\/www.joerglahmann.com\/wp-content\/uploads\/2021\/05\/logo-durania-2.jpg\" data-width=\"273\" data-height=\"112\" data-link-wrap=\"true\" style=\"aspect-ratio: auto 298 \/ 122;\"><\/a><\/span><\/p>\n<p>Interview mit Eva Duran, CEO und Eigent\u00fcmerin von <a href=\"https:\/\/www.duraniagroup.com\/\" style=\"outline: none;\" target=\"_blank\">Durania Group<\/a>, \u00fcber die Implementierung von EOS in drei Unternehmen der Holding.&nbsp;<\/p>\n<p style=\"\"><strong>&nbsp;&#8211; Interview auf Spanisch mit Deutschem Untertitel &#8211;&nbsp;<\/strong><\/p>\n<p><span style=\"width: 100%;\"><a href=\"https:\/\/www.joerglahmann.com\/wp-content\/uploads\/2018\/04\/primer-impacto-logo.png\" rel=\"\"><img loading=\"lazy\" decoding=\"async\" alt=\"\" width=\"93\" height=\"97\" title=\"primer impacto logo\" data-id=\"2159\" src=\"\/\/www.joerglahmann.com\/wp-content\/uploads\/2018\/04\/primer-impacto-logo.png\" style=\"\"><\/a><\/span><\/p>\n<p>EOS war ein entscheidender Faktor, um <em>Primer Impacto<\/em> aufs n\u00e4chste Level zu bringen. Mit igostrategy haben wir in 6 Monaten mehr Fortschritte gemacht als zuvor in 6 Jahren. Vielen Dank!<\/p>\n<p><span style=\"width: 100%;\"><a href=\"https:\/\/www.joerglahmann.com\/wp-content\/uploads\/2018\/04\/Luis-Mestre.jpg\" rel=\"\"><img loading=\"lazy\" decoding=\"async\" alt=\"\" width=\"450\" height=\"450\" title=\"Luis Mestre\" data-id=\"2161\" src=\"\/\/www.joerglahmann.com\/wp-content\/uploads\/2018\/04\/Luis-Mestre.jpg\" style=\"\"><\/a><\/span><\/p>\n<p>Luis Mestre<\/p>\n<p>Gr\u00fcnder und General Manager<\/p>\n<p><span style=\"width: 100%;\"><a href=\"https:\/\/www.joerglahmann.com\/wp-content\/uploads\/2018\/05\/urs.jpg\" rel=\"\"><img loading=\"lazy\" decoding=\"async\" alt=\"\" width=\"500\" height=\"500\" title=\"urs\" data-id=\"2217\" src=\"\/\/www.joerglahmann.com\/wp-content\/uploads\/2018\/05\/urs.jpg\" style=\"\"><\/a><\/span><\/p>\n<p>Urs Graf<\/p>\n<p>CEO &amp; Owner<\/p>\n<p><span style=\"width: 100%;\"><a href=\"https:\/\/www.steag.ch\/\" rel=\"\" target=\"_blank\"><img loading=\"lazy\" decoding=\"async\" alt=\"\" width=\"1000\" height=\"600\" title=\"steag_logo_transparent\" data-id=\"2216\" src=\"\/\/www.joerglahmann.com\/wp-content\/uploads\/2018\/05\/steag_logo_transparent.png\" style=\"\"><\/a><\/span><\/p>\n<p>Die Systematik von EOS hat uns geholfen, eine andere Sicht auf das Unternehmen zu kriegen und in allen Bereichen effizienter \/ effektiver zu werden. Gleichzeitig hat EOS das Commitment des gesamten Teams positiv beeinflusst.<\/p>\n<p><span style=\"width: 100%;\"><a href=\"https:\/\/www.inboundcycle.com\/\" rel=\"\" target=\"_blank\"><img loading=\"lazy\" decoding=\"async\" alt=\"\" width=\"646\" height=\"220\" title=\"inboundcycle logo\" data-id=\"2166\" src=\"\/\/www.joerglahmann.com\/wp-content\/uploads\/2018\/04\/inboundcycle-logo.png\" style=\"\"><\/a><\/span><\/p>\n<p>EOS hat meine Art und Weise wie ich das Unternehmen sehe und f\u00fchre komplett ver\u00e4ndert. Es war entscheidend daran beteiligt ein Team entwickeln zu k\u00f6nnen, das die Arbeit effizient managt und mir erlaubt, nicht in allen Details zu sein. Dank EOS sind wir vier Jahre in Folge gewachsen.<\/p>\n<p><span style=\"width: 100%;\"><a href=\"https:\/\/www.joerglahmann.com\/wp-content\/uploads\/2018\/04\/Pau-Valdes.jpg\" rel=\"\"><img loading=\"lazy\" decoding=\"async\" alt=\"\" width=\"414\" height=\"414\" title=\"Pau Valdes\" data-id=\"2165\" src=\"\/\/www.joerglahmann.com\/wp-content\/uploads\/2018\/04\/Pau-Valdes.jpg\" style=\"\"><\/a><\/span><\/p>\n<p>Pau Vald\u00e9s<\/p>\n<p>Co-Founder und CEO<\/p>\n<p><span style=\"width: 100%;\"><a href=\"https:\/\/www.joerglahmann.com\/wp-content\/uploads\/2018\/04\/Arne-Pohlman.jpg\" rel=\"\"><img loading=\"lazy\" decoding=\"async\" alt=\"\" width=\"450\" height=\"450\" title=\"Arne Pohlman\" data-id=\"2164\" src=\"\/\/www.joerglahmann.com\/wp-content\/uploads\/2018\/04\/Arne-Pohlman.jpg\" style=\"\"><\/a><\/span><\/p>\n<p>Arne Pohlman<\/p>\n<p>Founder und Managing Director<\/p>\n<p><span style=\"width: 100%;\"><a href=\"https:\/\/www.focus-economics.com\/\" target=\"_blank\"><img loading=\"lazy\" decoding=\"async\" alt=\"\" width=\"291\" height=\"31\" title=\"logo-focuseconomics\" data-id=\"2162\" src=\"\/\/www.joerglahmann.com\/wp-content\/uploads\/2018\/04\/logo-focuseconomics.png\" style=\"\"><\/a><\/span><\/p>\n<p>In meinen Augen ist EOS bei weitem die beste Methode zur Unternehmensf\u00fchrung. Ich hatte vorher bereits viel gelesen und ausprobiert, aber nie mit einem rundum guten Ergebnis. 100% \u00fcberzeugt, dass jeder KMU Unternehmer EOS kennen sollte.<\/p>\n<p><span style=\"width: 100%;\"><a href=\"https:\/\/www.enjoybcn.com\/\" rel=\"\" target=\"_blank\"><img loading=\"lazy\" decoding=\"async\" alt=\"\" width=\"299\" height=\"81\" title=\"enjoybcn-logo\" data-id=\"2170\" src=\"\/\/www.joerglahmann.com\/wp-content\/uploads\/2018\/04\/enjoybcn-logo.jpg\" style=\"\"><\/a><\/span><\/p>\n<p>Im September 2017 haben wir mit EOS im Unternehmen begonnen und die Wahrheit ist, dass es eine gro\u00dfe Ver\u00e4nderung f\u00fcr uns war. Wir fanden es zun\u00e4chst schwierig, die Zeit f\u00fcr ein neues System zu finden, aber durch das Umsetzen und Erlernen der EOS-Methodik ist unser Unternehmen viel effektiver geworden, wir treffen bessere Entscheidungen, das gesamte Unternehmen ist engagierter geworden und Projekte werden zum ersten Mal on-time durchgef\u00fchrt.<\/p>\n<p>Danke igostrategy f\u00fcr die Hilfe und Unterst\u00fctzung.<\/p>\n<p><span style=\"width: 100%;\"><a href=\"https:\/\/www.joerglahmann.com\/wp-content\/uploads\/2018\/04\/Santi-Longan.jpg\" rel=\"\"><img loading=\"lazy\" decoding=\"async\" alt=\"\" width=\"417\" height=\"417\" title=\"Santi Longan\" data-id=\"2169\" src=\"\/\/www.joerglahmann.com\/wp-content\/uploads\/2018\/04\/Santi-Longan.jpg\" style=\"\"><\/a><\/span><\/p>\n<p>Santi Longan<\/p>\n<p>Co-Founder und CEO<\/p>\n<p><span style=\"width: 100%;\"><a href=\"https:\/\/www.joerglahmann.com\/wp-content\/uploads\/2018\/04\/Jordi-Ber-1-1.jpg\" rel=\"\"><img loading=\"lazy\" decoding=\"async\" alt=\"\" width=\"252\" height=\"252\" title=\"Jordi Ber\" data-id=\"2157\" src=\"\/\/www.joerglahmann.com\/wp-content\/uploads\/2018\/04\/Jordi-Ber-1-1.jpg\" style=\"\"><\/a><\/span><\/p>\n<p>Jordi Ber<\/p>\n<p>Co-Founder und Executive Director<\/p>\n<p><span style=\"width: 100%;\"><a href=\"https:\/\/www.habitissimo.es\/\" rel=\"\" target=\"_blank\"><img loading=\"lazy\" decoding=\"async\" alt=\"\" width=\"2181\" height=\"303\" title=\"Logo_Habitissimo\" data-id=\"2154\" src=\"\/\/www.joerglahmann.com\/wp-content\/uploads\/2018\/04\/Logo_Habitissimo.png\" style=\"\"><\/a><\/span><\/p>\n<p>igostrategy und die EOS-Methodik haben uns sehr dabei geholfen, das gesamte Team von Habitissimo auf gemeinsame Ziele auszurichten. Besonders der direkte und einfache Ansatz ohne B\u00fcrokratie vom Unternehmer f\u00fcr den Unternehmer finden wir klasse. EOS ist in ein super Betriebssystem f\u00fcr Unternehmen die wachsen wollen.<\/p>\n<p><span style=\"width: 100%;\"><a href=\"http:\/\/digitalgroup.es\/\" target=\"_blank\"><img loading=\"lazy\" decoding=\"async\" alt=\"\" width=\"297\" height=\"170\" title=\"logo Digital Group\" data-id=\"2177\" src=\"\/\/www.joerglahmann.com\/wp-content\/uploads\/2018\/04\/logo-Digital-Group.jpg\" style=\"\"><\/a><\/span><\/p>\n<p>Die Methode von EOS und J\u00f6rg haben uns sehr geholfen, uns auf Wachstum zu konzentrieren und das Unternehmen skalierbar zu machen. Meine Firma war an einem Punkt angelangt, an dem wir sie nicht mehr ohne Methodik kontrollieren konnten. Es war der Moment gekommen dar\u00fcber nachzudenken, wo die Reise hingehen sollte und wie wir es anstellen k\u00f6nnten. Die EOS-Methode hat uns sehr dabei geholfen, die gesamte Personal-, Kommunikations- und Prozessstruktur so zu organisieren, dass das Unternehmen einen klaren Fokus hat und viele Fehler vermieden hat.<\/p>\n<p><span style=\"width: 100%;\"><a href=\"https:\/\/www.joerglahmann.com\/wp-content\/uploads\/2018\/04\/Enrique-Jimenez-D.G..jpg\" rel=\"\"><img loading=\"lazy\" decoding=\"async\" alt=\"\" width=\"223\" height=\"211\" title=\"Enrique Jimenez D.G.\" data-id=\"2176\" src=\"\/\/www.joerglahmann.com\/wp-content\/uploads\/2018\/04\/Enrique-Jimenez-D.G..jpg\" style=\"\"><\/a><\/span><\/p>\n<p>Enrique Jim\u00e9nez<\/p>\n<p>Founder und CEO<\/p>\n<p><span style=\"width: 100%;\"><a href=\"https:\/\/www.joerglahmann.com\/wp-content\/uploads\/2018\/04\/User_Account_Avatar_Person_Profile_Login_Persona-512.png\" rel=\"\"><img loading=\"lazy\" decoding=\"async\" alt=\"\" width=\"512\" height=\"512\" title=\"tu?\" data-id=\"2178\" src=\"\/\/www.joerglahmann.com\/wp-content\/uploads\/2018\/04\/User_Account_Avatar_Person_Profile_Login_Persona-512.png\" style=\"\"><\/a><\/span><\/p>\n<p>Sie<\/p>\n<p>Co-Founder und CEO<\/p>\n<p><span style=\"width: 100%;\"><a href=\"https:\/\/www.joerglahmann.com\/wp-content\/uploads\/2018\/04\/logo.jpg\" rel=\"\" target=\"_blank\"><img loading=\"lazy\" decoding=\"async\" alt=\"\" width=\"649\" height=\"194\" title=\"logo\" data-id=\"2179\" src=\"\/\/www.joerglahmann.com\/wp-content\/uploads\/2018\/04\/logo.jpg\" style=\"\"><\/a><\/span><\/p>\n<p><strong>Wollen Sie auch&#8230;<\/strong><\/p>\n<p>&#8230;zu den Unternehmern geh\u00f6ren, die zufrieden sind mit der Unternehmensf\u00fchrung und ihre Ziele erreichen?<\/p>\n<\/p>\n<p>Lassen Sie es uns wissen. Wir helfen gerne.<\/p>\n<p>Noch immer nicht \u00fcberzeugt? Im Folgenden 3 Gr\u00fcnde, mit uns zusammenzuarbeiten:&nbsp;<\/p>\n<h4 style=\"text-align: center;\">Mehr als 6.000 KMU nutzen EOS<\/h4>\n<p>EOS wurde bereits erfolgreich in mehr als 6.000 KMU implementiert. Es ist die weltweit am h\u00e4ufigsten eingesetzte Methode zur Unternehmensf\u00fchrung f\u00fcr KMU.<\/p>\n<h4 style=\"text-align: center;\">Ich war schon da<\/h4>\n<p>Ich bin nicht der typische Berater mit Krawatte. Ich hatte mein eigenes Unternehmen mit mehr als 70 Mitarbeitern und B\u00fcros in 4 L\u00e4ndern. Ich hatte EOS implementiert. F\u00fcr mich ist es keine Theorie, ich wei\u00df wor\u00fcber ich spreche.<\/p>\n<h4>Effizienz &amp; Spass<\/h4>\n<p>Effizienz ist wichtig. Spass auch. Neuroscience hat gezeigt, dass wir eindeutig bessere Arbeit leisten und mehr lernen, wenn wir mit Spass bei der Sache sind. Humor liegt mir im Blut, Effizienz in der rechten Hirnh\u00e4lfte.&nbsp;<\/p>\n","protected":false},"excerpt":{"rendered":"<p>Was die anderen sagen&#8230; &#8230;ist wichtiger als das was wir sagen. Schliesslich ist es einfach, tolle Sachen zu behaupten und Heldenstories von unseren Erfolgen zu erz\u00e4hlen. Weit wichtiger ist was unsere Kunden \u00fcber uns sagen, Unternehmer mit denen wir bereits arbeiten oder gearbeitet haben.&nbsp; Im Folgenden haben deshalb die Unternehmer, unsere Kunden, das Wort: \u00fcber [&hellip;]<\/p>\n","protected":false},"author":1,"featured_media":0,"parent":0,"menu_order":0,"comment_status":"closed","ping_status":"closed","template":"","meta":{"footnotes":""},"class_list":["post-2183","page","type-page","status-publish","hentry","post-wrapper","thrv_wrapper"],"yoast_head":"<!-- This site is optimized with the Yoast SEO plugin v27.1.1 - https:\/\/yoast.com\/product\/yoast-seo-wordpress\/ -->\n<title>Referenzen - EOS implementer | Deutschland, Schweiz, Espa\u00f1a<\/title>\n<meta name=\"robots\" content=\"index, follow, max-snippet:-1, max-image-preview:large, max-video-preview:-1\" \/>\n<link rel=\"canonical\" href=\"https:\/\/joerglahmann.com\/testimonios\/\" \/>\n<meta property=\"og:locale\" content=\"de_DE\" \/>\n<meta property=\"og:type\" content=\"article\" \/>\n<meta property=\"og:title\" content=\"Referenzen - EOS implementer | Deutschland, Schweiz, Espa\u00f1a\" \/>\n<meta property=\"og:description\" content=\"Was die anderen sagen&#8230; &#8230;ist wichtiger als das was wir sagen. Schliesslich ist es einfach, tolle Sachen zu behaupten und Heldenstories von unseren Erfolgen zu erz\u00e4hlen. Weit wichtiger ist was unsere Kunden \u00fcber uns sagen, Unternehmer mit denen wir bereits arbeiten oder gearbeitet haben.&nbsp; Im Folgenden haben deshalb die Unternehmer, unsere Kunden, das Wort: \u00fcber [&hellip;]\" \/>\n<meta property=\"og:url\" content=\"https:\/\/joerglahmann.com\/testimonios\/\" \/>\n<meta property=\"og:site_name\" content=\"EOS implementer | Deutschland, Schweiz, Espa\u00f1a\" \/>\n<meta property=\"article:modified_time\" content=\"2025-02-25T15:17:08+00:00\" \/>\n<meta property=\"og:image\" content=\"https:\/\/www.joerglahmann.com\/wp-content\/uploads\/2021\/05\/logo.png\" \/>\n<meta name=\"twitter:card\" content=\"summary_large_image\" \/>\n<meta name=\"twitter:label1\" content=\"Gesch\u00e4tzte Lesezeit\" \/>\n\t<meta name=\"twitter:data1\" content=\"3\u00a0Minuten\" \/>\n<script type=\"application\/ld+json\" class=\"yoast-schema-graph\">{\"@context\":\"https:\/\/schema.org\",\"@graph\":[{\"@type\":\"WebPage\",\"@id\":\"https:\/\/joerglahmann.com\/testimonios\/\",\"url\":\"https:\/\/joerglahmann.com\/testimonios\/\",\"name\":\"Referenzen - EOS implementer | Deutschland, Schweiz, Espa\u00f1a\",\"isPartOf\":{\"@id\":\"https:\/\/joerglahmann.com\/#website\"},\"primaryImageOfPage\":{\"@id\":\"https:\/\/joerglahmann.com\/testimonios\/#primaryimage\"},\"image\":{\"@id\":\"https:\/\/joerglahmann.com\/testimonios\/#primaryimage\"},\"thumbnailUrl\":\"https:\/\/www.joerglahmann.com\/wp-content\/uploads\/2021\/05\/logo.png\",\"datePublished\":\"2018-04-27T16:54:06+00:00\",\"dateModified\":\"2025-02-25T15:17:08+00:00\",\"breadcrumb\":{\"@id\":\"https:\/\/joerglahmann.com\/testimonios\/#breadcrumb\"},\"inLanguage\":\"de\",\"potentialAction\":[{\"@type\":\"ReadAction\",\"target\":[\"https:\/\/joerglahmann.com\/testimonios\/\"]}]},{\"@type\":\"ImageObject\",\"inLanguage\":\"de\",\"@id\":\"https:\/\/joerglahmann.com\/testimonios\/#primaryimage\",\"url\":\"https:\/\/www.joerglahmann.com\/wp-content\/uploads\/2021\/05\/logo.png\",\"contentUrl\":\"https:\/\/www.joerglahmann.com\/wp-content\/uploads\/2021\/05\/logo.png\"},{\"@type\":\"BreadcrumbList\",\"@id\":\"https:\/\/joerglahmann.com\/testimonios\/#breadcrumb\",\"itemListElement\":[{\"@type\":\"ListItem\",\"position\":1,\"name\":\"Portada\",\"item\":\"https:\/\/joerglahmann.com\/de\/\"},{\"@type\":\"ListItem\",\"position\":2,\"name\":\"Referenzen\"}]},{\"@type\":\"WebSite\",\"@id\":\"https:\/\/joerglahmann.com\/#website\",\"url\":\"https:\/\/joerglahmann.com\/\",\"name\":\"EOS implementer | Deutschland, Schweiz, Espa\u00f1a\",\"description\":\"\",\"potentialAction\":[{\"@type\":\"SearchAction\",\"target\":{\"@type\":\"EntryPoint\",\"urlTemplate\":\"https:\/\/joerglahmann.com\/?s={search_term_string}\"},\"query-input\":{\"@type\":\"PropertyValueSpecification\",\"valueRequired\":true,\"valueName\":\"search_term_string\"}}],\"inLanguage\":\"de\"}]}<\/script>\n<!-- \/ Yoast SEO plugin. -->","yoast_head_json":{"title":"Referenzen - EOS implementer | Deutschland, Schweiz, Espa\u00f1a","robots":{"index":"index","follow":"follow","max-snippet":"max-snippet:-1","max-image-preview":"max-image-preview:large","max-video-preview":"max-video-preview:-1"},"canonical":"https:\/\/joerglahmann.com\/testimonios\/","og_locale":"de_DE","og_type":"article","og_title":"Referenzen - EOS implementer | Deutschland, Schweiz, Espa\u00f1a","og_description":"Was die anderen sagen&#8230; &#8230;ist wichtiger als das was wir sagen. Schliesslich ist es einfach, tolle Sachen zu behaupten und Heldenstories von unseren Erfolgen zu erz\u00e4hlen. Weit wichtiger ist was unsere Kunden \u00fcber uns sagen, Unternehmer mit denen wir bereits arbeiten oder gearbeitet haben.&nbsp; Im Folgenden haben deshalb die Unternehmer, unsere Kunden, das Wort: \u00fcber [&hellip;]","og_url":"https:\/\/joerglahmann.com\/testimonios\/","og_site_name":"EOS implementer | Deutschland, Schweiz, Espa\u00f1a","article_modified_time":"2025-02-25T15:17:08+00:00","og_image":[{"url":"https:\/\/www.joerglahmann.com\/wp-content\/uploads\/2021\/05\/logo.png","type":"","width":"","height":""}],"twitter_card":"summary_large_image","twitter_misc":{"Gesch\u00e4tzte Lesezeit":"3\u00a0Minuten"},"schema":{"@context":"https:\/\/schema.org","@graph":[{"@type":"WebPage","@id":"https:\/\/joerglahmann.com\/testimonios\/","url":"https:\/\/joerglahmann.com\/testimonios\/","name":"Referenzen - EOS implementer | Deutschland, Schweiz, Espa\u00f1a","isPartOf":{"@id":"https:\/\/joerglahmann.com\/#website"},"primaryImageOfPage":{"@id":"https:\/\/joerglahmann.com\/testimonios\/#primaryimage"},"image":{"@id":"https:\/\/joerglahmann.com\/testimonios\/#primaryimage"},"thumbnailUrl":"https:\/\/www.joerglahmann.com\/wp-content\/uploads\/2021\/05\/logo.png","datePublished":"2018-04-27T16:54:06+00:00","dateModified":"2025-02-25T15:17:08+00:00","breadcrumb":{"@id":"https:\/\/joerglahmann.com\/testimonios\/#breadcrumb"},"inLanguage":"de","potentialAction":[{"@type":"ReadAction","target":["https:\/\/joerglahmann.com\/testimonios\/"]}]},{"@type":"ImageObject","inLanguage":"de","@id":"https:\/\/joerglahmann.com\/testimonios\/#primaryimage","url":"https:\/\/www.joerglahmann.com\/wp-content\/uploads\/2021\/05\/logo.png","contentUrl":"https:\/\/www.joerglahmann.com\/wp-content\/uploads\/2021\/05\/logo.png"},{"@type":"BreadcrumbList","@id":"https:\/\/joerglahmann.com\/testimonios\/#breadcrumb","itemListElement":[{"@type":"ListItem","position":1,"name":"Portada","item":"https:\/\/joerglahmann.com\/de\/"},{"@type":"ListItem","position":2,"name":"Referenzen"}]},{"@type":"WebSite","@id":"https:\/\/joerglahmann.com\/#website","url":"https:\/\/joerglahmann.com\/","name":"EOS implementer | Deutschland, Schweiz, Espa\u00f1a","description":"","potentialAction":[{"@type":"SearchAction","target":{"@type":"EntryPoint","urlTemplate":"https:\/\/joerglahmann.com\/?s={search_term_string}"},"query-input":{"@type":"PropertyValueSpecification","valueRequired":true,"valueName":"search_term_string"}}],"inLanguage":"de"}]}},"_links":{"self":[{"href":"https:\/\/joerglahmann.com\/de\/wp-json\/wp\/v2\/pages\/2183","targetHints":{"allow":["GET"]}}],"collection":[{"href":"https:\/\/joerglahmann.com\/de\/wp-json\/wp\/v2\/pages"}],"about":[{"href":"https:\/\/joerglahmann.com\/de\/wp-json\/wp\/v2\/types\/page"}],"author":[{"embeddable":true,"href":"https:\/\/joerglahmann.com\/de\/wp-json\/wp\/v2\/users\/1"}],"replies":[{"embeddable":true,"href":"https:\/\/joerglahmann.com\/de\/wp-json\/wp\/v2\/comments?post=2183"}],"version-history":[{"count":20,"href":"https:\/\/joerglahmann.com\/de\/wp-json\/wp\/v2\/pages\/2183\/revisions"}],"predecessor-version":[{"id":1008981,"href":"https:\/\/joerglahmann.com\/de\/wp-json\/wp\/v2\/pages\/2183\/revisions\/1008981"}],"wp:attachment":[{"href":"https:\/\/joerglahmann.com\/de\/wp-json\/wp\/v2\/media?parent=2183"}],"curies":[{"name":"wp","href":"https:\/\/api.w.org\/{rel}","templated":true}]}}