{"id":2286,"date":"2015-02-14T23:50:08","date_gmt":"2015-02-14T23:50:08","guid":{"rendered":"https:\/\/www.joerglahmann.com\/privacy-policy\/"},"modified":"2023-05-23T17:19:23","modified_gmt":"2023-05-23T16:19:23","slug":"privacy-policy","status":"publish","type":"page","link":"https:\/\/joerglahmann.com\/de\/privacy-policy\/","title":{"rendered":"Datenschutzbestimmungen"},"content":{"rendered":"<p><b>1. Allgemeines<\/b><\/p>\n<p>Die vorliegende Datenschutzerkl\u00e4rung informiert Sie dar\u00fcber, wie igostrategy (nachfolgend auch \u201ewir\u201c genannt) mit Ihren personenbezogenen Daten umgeht (nachfolgend auch \u201eIhre Daten\u201c genannt). Wir legen gro\u00dfen Wert auf den Schutz der Pers\u00f6nlichkeitsrechte der Nutzerinnen und Nutzer (nachfolgend \u201eNutzer\u201c oder \u201eSie\u201c genannt) unserer Webseite und Dienstleistungen, und Ihre personenbezogenen Daten werden nur zu den in dieser Datenschutzerkl\u00e4rung genannten Zwecken verwendet. Wir ergreifen die notwendigen Ma\u00dfnahmen zum Schutz Ihrer Daten vor Verlust, Diebstahl und Missbrauch und halten uns an die anwendbaren Datenschutznormen.<\/p>\n<p>Webseiten von Dritten, die \u00fcber unsere Webseite erreicht werden k\u00f6nnen (wie z.B. Facebook, LinkedIn, Twitter oder <a href=\"http:\/\/www.organizationalcheckup.com\">www.organizationalcheckup.com<\/a>), unterliegen nicht den hier festgehaltenen Datenschutzbestimmungen, sondern gegebenenfalls den auf diesen Webseiten vorhandenen Datenschutzerkl\u00e4rungen. Wir \u00fcbernehmen keinerlei Verantwortung oder Haftung f\u00fcr die Beachtung der Datenschutzgesetze durch Webseiten Dritter.<\/p>\n<p><b>2. Begriffe<\/b><\/p>\n<p>&nbsp;\u201ePersonenbezogene Daten\u201c sind Informationen, die sich auf eine identifizierte oder identifizierbare nat\u00fcrliche Person beziehen. Dazu geh\u00f6ren z.B. Kontaktdaten (wie Name, Telefonnummer oder E-Mail-Adresse) sowie weitere Angaben, die Sie uns beispielsweise bei der Kontaktaufnahme, beim Download von PDFs auf unserer Webseite oder bei der Anmeldung zu unserem Newsletter mitteilen.<\/p>\n<p>\u201eVerarbeitung\u201c oder \u201eBearbeitung\u201c bedeutet jeder Umgang mit personenbezogenen Daten, wie z.B. das Erheben, das Erfassen, die Organisation, die Speicherung, die Ver\u00e4nderung, die Verwendung, die Verwaltung, die \u00dcbermittlung, die Bekanntgabe, das L\u00f6schen oder die Vernichtung dieser Daten.<\/p>\n<p><b>3. Verarbeitung von personenbezogenen Daten \/ Verwendungszwecke<\/b><\/p>\n<p>3.1 Erhebung und Verwendung von Daten von Kunden, Newsletter-Abonnenten etc.<\/p>\n<p>Im Rahmen der Kontaktaufnahme, beim Download von PDFs auf unserer Webseite, bei Durchf\u00fchrung des Unternehmenstests auf <a href=\"http:\/\/www.organizationalcheckup.com\">www.organizationalcheckup.com<\/a>, der \u00fcber unsere Webseite verlinkt ist, oder bei der Registration f\u00fcr unseren Newsletter erheben wir von Ihnen personenbezogene Daten wie beispielsweise Vor- und Nachname, E-Mail-Adresse, Telefonnummer oder Ihre Position im Unternehmen. Zudem erhalten wir s\u00e4mtliche vom registrierten Nutzer freiwillig in sein Nutzerprofil (Intranet) eingetragenen Daten.<\/p>\n<p>Diese Daten verwenden wir f\u00fcr die Abwicklung des betreffenden Vertragsverh\u00e4ltnisses, f\u00fcr die Erm\u00f6glichung Ihres Zugangs zum Intranet, zur Bearbeitung von Anfragen \u00fcber das Kontaktformular auf unserer Webseite sowie f\u00fcr die Zustellung unseres Newsletters.<\/p>\n<p>Die Online-\u00dcbermittlung von personenbezogenen Daten zwischen dem Browser der Nutzer und den Servern von www.joerglahmann.com erfolgt verschl\u00fcsselt \u00fcber das HTTPS-Protokoll.<\/p>\n<p>3.2 Erhebung und Verwendung von Daten anonymer Nutzer unserer Webseite<\/p>\n<p>Beim Besuch unserer Webseiten erheben, speichern und verwenden wir sowie Dritte auch von nicht registrierten Nutzern Daten, die \u00fcber sogenannte \u201eCookies\u201c und \u00e4hnliche Techniken erhoben werden. Dabei handelt es sich um Textdateien, die auf dem Benutzer-System gespeichert werden und eine Analyse des Surfverhaltens sowie der Nutzung unserer Angebote auf unserer Webseite erm\u00f6glicht. Diese Technologie erlaubt es, einzelne Nutzer als wiederkehrende Besucher erkennen zu k\u00f6nnen. Der Einsatz von Cookies hilft uns dabei, unsere Webseite und Angebote an die Bed\u00fcrfnisse der Nutzer anzupassen und diese effektiver und sicherer zu machen.<\/p>\n<p>Das Speichern von Cookies bei der Nutzung unserer Webseite k\u00f6nnen Sie verhindern, indem Sie in Ihren Browser-Einstellungen &#8222;keine Cookies akzeptieren&#8220; w\u00e4hlen. Dies kann jedoch die Funktionalit\u00e4t der Webseite behindern und eine Optimierung unserer Angebote f\u00fcr die Nutzer erschweren. Die Nutzung unserer Webseite kann zudem mittels weiterer technischer Systeme &#8211; \u00fcberwiegend von Drittanbietern &#8211; gemessen und ausgewertet werden.<\/p>\n<p><b>4. Rechtliche Grundlagen f\u00fcr die Verarbeitung von Daten<\/b><\/p>\n<p>Wir verarbeiten Ihre personenbezogenen Daten in \u00dcbereinstimmung mit den anwendbaren Datenschutzbestimmungen.<\/p>\n<ul>\n<li>Vertragserf\u00fcllung<\/li>\n<\/ul>\n<p>Bei der Verarbeitung von personenbezogenen Daten, die f\u00fcr die Erf\u00fcllung eines Vertrags, dessen Vertragspartei die betroffene Person ist, erforderlich ist, dient das betreffende Vertragsverh\u00e4ltnis als Rechtsgrundlage. Dies gilt auch f\u00fcr die Durchf\u00fchrung vorvertraglicher Ma\u00dfnahmen.<\/p>\n<ul>\n<li>Rechtliche Verpflichtung<\/li>\n<\/ul>\n<p>Bei Datenverarbeitungen, die zur Erf\u00fcllung einer rechtlichen Verpflichtung erforderlich sind, dient die betreffende rechtliche Verpflichtung als Rechtsgrundlage.<\/p>\n<ul>\n<li>Berechtigtes Interesse<\/li>\n<\/ul>\n<p>F\u00fcr weitere Verarbeitungen st\u00fctzen wir uns auf unser berechtigtes Interesse, beispielsweise unsere Angebote den Bed\u00fcrfnissen unserer Kunden optimal anzupassen und kontinuierlich zu verbessern, um Ihnen passende Inhalte auf unserer Webseite und optimale Dienstleistungen anbieten zu k\u00f6nnen. Zum Erreichen dieser Interessen ist die Verarbeitung von personenbezogenen Daten, wie von uns in dieser Datenschutzerkl\u00e4rung beschrieben, erforderlich.<\/p>\n<ul>\n<li>Einwilligung<\/li>\n<\/ul>\n<p>Wenn wir f\u00fcr die betreffende Datenverarbeitung Ihre Einwilligung eingeholt haben, gilt diese als Rechtsgrundlage.<\/p>\n<p><b>5. Weitergabe von personenbezogenen Daten an Dritte<\/b><\/p>\n<p>Wir geben personenbezogene Daten grunds\u00e4tzlich nicht an Dritte weiter, mit Ausnahme der folgenden F\u00e4lle:<\/p>\n<p>a) zur Erf\u00fcllung gesetzlicher Vorgaben oder eines richterlichen Entscheides;<\/p>\n<p>b) zum rechtlichen Schutz der Nutzer;<\/p>\n<p>c) zur Verteidigung\/zum Schutz unserer Rechte;<\/p>\n<p>d) zur Einhaltung der Nutzungsbedingungen und der Datenschutzbestimmungen;<\/p>\n<p>e) zur Behebung technischer Schwierigkeiten unserer Webseite\/Angebote;<\/p>\n<p>f) zur Zusammenarbeit mit Dienstleistungspartnern, die die \u00dcbermittlung von bestimmten Daten zur Erf\u00fcllung der betreffenden Dienstleistung ben\u00f6tigen. Die \u00dcbermittlung der Daten beschr\u00e4nkt sich dabei auf das erforderliche Minimum f\u00fcr die Erf\u00fcllung der Dienstleistung. &nbsp;<\/p>\n<p>g) zur Zusammenarbeit mit Dienstleistungspartnern, die uns im Zusammenhang mit der Analyse bestimmter technischer Daten oder der Verarbeitung und\/oder Speicherung von Daten unterst\u00fctzen.<\/p>\n<p>Wir arbeiten mit einer begrenzten Anzahl externer Dienstleistungspartnern zusammen, die von uns sorgf\u00e4ltig ausgew\u00e4hlt wurden, damit sie die erforderlichen Sicherheitsstandards erf\u00fcllen. Den Dienstleistungspartnern werden Daten nur insoweit offengelegt, als dies f\u00fcr die Erbringung der betreffenden Dienstleistung erforderlich ist.<\/p>\n<p><b>6. Plug-Ins \/ Einbindung von Angeboten Dritter<\/b><\/p>\n<p>Unsere Webseite ist vereinzelt mit Funktionen und Systemen Dritter vernetzt, wie z.B. durch Einbindung von Plug-Ins sozialer Netzwerke Dritter (wie insbesondere LinkedIn, Twitter oder Facebook), oder wenn Sie unseren Auftritt auf Webseiten Dritter besuchen (z.B. LinkedIn). Wenn Sie bei diesen Dritten ein Benutzerkonto haben, ist es diesen Dritten eventuell auch m\u00f6glich, Ihre Nutzung unserer Webseite zu messen und auszuwerten. Dabei k\u00f6nnen weitere personenbezogene Daten (wie IP-Adresse, pers\u00f6nliche Browsereinstellungen und andere Parameter) an diese Dritte \u00fcbermittelt und bei diesen gespeichert werden. \u00dcber die Bearbeitung solcher durch Dritte erhobener personenbezogenen Daten haben wir keine Kontrolle und \u00fcbernehmen daf\u00fcr keine Verantwortung und keine Haftung.<\/p>\n<p><b>7. \u00dcbermittlung ins Ausland<\/b><\/p>\n<p>Wir \u00fcbermitteln Ihre personenbezogenen Daten nur an Dritte ins Ausland, sofern dies f\u00fcr die in dieser Datenschutzerkl\u00e4rung beschriebenen Datenverarbeitungen notwendig und zweckm\u00e4\u00dfig erscheint. Falls der Datenschutz in dem betreffenden Land kein angemessenes Niveau haben sollte, stellen wir sicher, dass der Schutz Ihrer personenbezogenen Daten einem angemessenen Niveau entspricht. Diese Sicherstellung nehmen wir insbesondere vor durch die Vereinbarung von EU-Standardvertragsklauseln mit den betreffenden Unternehmen, durch von einer europ\u00e4ischen Datenschutzbeh\u00f6rde anerkannte Binding Corporate Rules (BCR) bei den betreffenden Unternehmen und\/oder durch \u00dcberpr\u00fcfung, ob die jeweiligen Unternehmen gem\u00e4\u00df EU-US bzw. Swiss-US Privacy Shield zertifiziert sind (sofern der Datenempf\u00e4nger Sitz in den USA hat bzw. die Daten dort speichert).<\/p>\n<p><b>8. Speicherungsdauer<\/b><\/p>\n<p>Wir verwenden und behalten Ihre personenbezogenen Daten nur so lange, wie es f\u00fcr den betreffenden Verarbeitungszweck notwendig ist oder eine andere rechtliche Grundlage daf\u00fcr besteht. Personenbezogene Daten, die wir aufgrund einer Vertragsbeziehung mit Ihnen erhalten haben, behalten wir mindestens so lange wie die zugrundeliegende Vertragsbeziehung besteht und Verj\u00e4hrungsfristen f\u00fcr m\u00f6gliche Anspr\u00fcche unsererseits laufen, oder vertragliche bzw. gesetzliche Aufbewahrungspflichten bestehen.<\/p>\n<p><b>9. Ihre Rechte<\/b><\/p>\n<ul>\n<li>Recht auf Auskunft<\/li>\n<\/ul>\n<p>Sie haben das Recht, von uns jederzeit unentgeltlich Auskunft dar\u00fcber zu erhalten, ob und welche personenbezogenen Daten wir von Ihnen verarbeiten.<\/p>\n<ul>\n<li>Recht auf Berichtigung<\/li>\n<\/ul>\n<p>Sie haben das Recht, von uns verlangen, dass wir unrichtige Daten \u00fcber Sie in unseren Systemen berichtigen.<\/p>\n<ul>\n<li>Recht auf L\u00f6schung<\/li>\n<\/ul>\n<p>Sie haben das Recht, von uns die L\u00f6schung Ihrer personenbezogenen Daten zu verlangen.<\/p>\n<p>Bitte beachten Sie, dass wir auch nach Ihrer Aufforderung zur L\u00f6schung Ihrer personenbezogenen Daten diese eventuell aufgrund gesetzlicher oder vertraglicher Aufbewahrungspflichten behalten m\u00fcssen. In solchen F\u00e4llen k\u00f6nnen wir Ihre personenbezogenen Daten, soweit erforderlich, lediglich sperren bzw. deren Verarbeitung einschr\u00e4nken. Bitte beachten Sie zudem, dass die L\u00f6schung Ihrer Daten zur Folge haben kann, dass Sie gewisse Dienstleistungen (z.B. Intranet) nicht mehr nutzen k\u00f6nnen.<\/p>\n<ul>\n<li>Recht auf Einschr\u00e4nkung der Verarbeitung<\/li>\n<\/ul>\n<p>Sie haben das Recht, von uns die Einschr\u00e4nkung der Verarbeitung Ihrer personenbezogenen Daten zu verlangen.<\/p>\n<ul>\n<li>Recht auf Daten\u00fcbertragbarkeit<\/li>\n<\/ul>\n<p>Sofern anwendbar, k\u00f6nnen Sie das Recht auf Daten\u00fcbertragbarkeit geltend machen.<\/p>\n<ul>\n<li>Widerspruchsrecht<\/li>\n<\/ul>\n<p>Sie haben das Recht, der Verarbeitung Ihrer personenbezogenen Daten in \u00dcbereinstimmung mit den gesetzlichen Vorgaben jederzeit zu widersprechen.<\/p>\n<p>Falls Sie w\u00fcnschen, dass keine der in Ziffer 3.2 genannten Verarbeitungen Ihrer personenbezogenen Daten stattfinden, bitten wir Sie, gem\u00e4\u00df Erkl\u00e4rungen in Ziffer 3.2 vorzugehen.<\/p>\n<ul>\n<li>Newsletter<\/li>\n<\/ul>\n<p>Die Abmeldung von unserem Newsletter kann jederzeit \u00fcber den betreffenden Link im Newsletter selber vorgenommen werden.<\/p>\n<ul>\n<li>Widerruf der Einwilligung<\/li>\n<\/ul>\n<p>Sie k\u00f6nnen Ihre Einwilligung zu Datenverarbeitungen &#8211; grunds\u00e4tzlich mit Auswirkung f\u00fcr die Zukunft &#8211; jederzeit widerrufen. Bitte beachten Sie, dass ein Widerruf Ihrer Einwilligung zur Folge haben kann, dass eine personalisierte Nutzung von kostenlosen und\/oder kostenpflichtig registrierten Dienstleistungen (z.B. Intranet) nicht mehr m\u00f6glich ist.<\/p>\n<ul>\n<li>Recht auf Beschwerde<\/li>\n<\/ul>\n<p>Sofern anwendbar, haben Sie das Recht, bei der zust\u00e4ndigen Aufsichtsbeh\u00f6rde Beschwerde betreffend Datenverarbeitungen einzureichen.<\/p>\n<p><b>10. Kontakt<\/b><\/p>\n<p>Bei Fragen im Zusammenhang mit Ihren personenbezogenen Daten und der Umsetzung der Datenschutzvorgaben durch igostrategy sowie f\u00fcr die Geltendmachung Ihrer Rechte gem\u00e4\u00df Ziffer 9 k\u00f6nnen Sie uns per Post oder via E-Mail unter folgender Adresse kontaktieren:<\/p>\n<p>Igostrategy &#8211; J\u00f6rg LahmannSchlierenstrasse 378142 UitikonSuizaE-Mail: info@joerglahmann.com<\/p>\n<p><b>11. Anpassungen<\/b><\/p>\n<p>Wir behalten uns ausdr\u00fccklich das Recht vor, die vorliegende Datenschutzerkl\u00e4rung jederzeit zu \u00e4ndern. Falls wir Anpassungen in unserer Datenschutzerkl\u00e4rung vornehmen, ver\u00f6ffentlichen wir diese umgehend auf unserer Webseite. Es liegt in Ihrer Verantwortung, sich \u00fcber die aktuell geltende Fassung unserer Datenschutzerkl\u00e4rung auf unserer Webseite zu informieren, und wir empfehlen Ihnen daher, diese Datenschutzerkl\u00e4rung regelm\u00e4\u00dfig zu konsultieren.<\/p>\n<p>Uitikon, 23.05.2023<\/p>\n<p><span style=\"font-size: 1em;\">Copyright \u00a9 joerglahmann.com \u2013 alle Rechte vorbehalten.<\/span><\/p><\/p>\n","protected":false},"excerpt":{"rendered":"<p>1. Allgemeines Die vorliegende Datenschutzerkl\u00e4rung informiert Sie dar\u00fcber, wie igostrategy (nachfolgend auch \u201ewir\u201c genannt) mit Ihren personenbezogenen Daten umgeht (nachfolgend auch \u201eIhre Daten\u201c genannt). Wir legen gro\u00dfen Wert auf den Schutz der Pers\u00f6nlichkeitsrechte der Nutzerinnen und Nutzer (nachfolgend \u201eNutzer\u201c oder \u201eSie\u201c genannt) unserer Webseite und Dienstleistungen, und Ihre personenbezogenen Daten werden nur zu den in [&hellip;]<\/p>\n","protected":false},"author":1,"featured_media":0,"parent":0,"menu_order":0,"comment_status":"closed","ping_status":"open","template":"","meta":{"footnotes":""},"class_list":["post-2286","page","type-page","status-publish","hentry","post-wrapper","thrv_wrapper"],"yoast_head":"<!-- This site is optimized with the Yoast SEO plugin v27.1.1 - https:\/\/yoast.com\/product\/yoast-seo-wordpress\/ -->\n<title>Datenschutzbestimmungen - EOS implementer | Deutschland, Schweiz, Espa\u00f1a<\/title>\n<meta name=\"robots\" content=\"index, follow, max-snippet:-1, max-image-preview:large, max-video-preview:-1\" \/>\n<link rel=\"canonical\" href=\"https:\/\/joerglahmann.com\/privacy-policy\/\" \/>\n<meta property=\"og:locale\" content=\"de_DE\" \/>\n<meta property=\"og:type\" content=\"article\" \/>\n<meta property=\"og:title\" content=\"Datenschutzbestimmungen - EOS implementer | Deutschland, Schweiz, Espa\u00f1a\" \/>\n<meta property=\"og:description\" content=\"1. Allgemeines Die vorliegende Datenschutzerkl\u00e4rung informiert Sie dar\u00fcber, wie igostrategy (nachfolgend auch \u201ewir\u201c genannt) mit Ihren personenbezogenen Daten umgeht (nachfolgend auch \u201eIhre Daten\u201c genannt). Wir legen gro\u00dfen Wert auf den Schutz der Pers\u00f6nlichkeitsrechte der Nutzerinnen und Nutzer (nachfolgend \u201eNutzer\u201c oder \u201eSie\u201c genannt) unserer Webseite und Dienstleistungen, und Ihre personenbezogenen Daten werden nur zu den in [&hellip;]\" \/>\n<meta property=\"og:url\" content=\"https:\/\/joerglahmann.com\/privacy-policy\/\" \/>\n<meta property=\"og:site_name\" content=\"EOS implementer | Deutschland, Schweiz, Espa\u00f1a\" \/>\n<meta property=\"article:modified_time\" content=\"2023-05-23T16:19:23+00:00\" \/>\n<meta name=\"twitter:card\" content=\"summary_large_image\" \/>\n<meta name=\"twitter:label1\" content=\"Gesch\u00e4tzte Lesezeit\" \/>\n\t<meta name=\"twitter:data1\" content=\"8\u00a0Minuten\" \/>\n<script type=\"application\/ld+json\" class=\"yoast-schema-graph\">{\"@context\":\"https:\/\/schema.org\",\"@graph\":[{\"@type\":\"WebPage\",\"@id\":\"https:\/\/joerglahmann.com\/privacy-policy\/\",\"url\":\"https:\/\/joerglahmann.com\/privacy-policy\/\",\"name\":\"Datenschutzbestimmungen - EOS implementer | Deutschland, Schweiz, Espa\u00f1a\",\"isPartOf\":{\"@id\":\"https:\/\/joerglahmann.com\/#website\"},\"datePublished\":\"2015-02-14T23:50:08+00:00\",\"dateModified\":\"2023-05-23T16:19:23+00:00\",\"breadcrumb\":{\"@id\":\"https:\/\/joerglahmann.com\/privacy-policy\/#breadcrumb\"},\"inLanguage\":\"de\",\"potentialAction\":[{\"@type\":\"ReadAction\",\"target\":[\"https:\/\/joerglahmann.com\/privacy-policy\/\"]}]},{\"@type\":\"BreadcrumbList\",\"@id\":\"https:\/\/joerglahmann.com\/privacy-policy\/#breadcrumb\",\"itemListElement\":[{\"@type\":\"ListItem\",\"position\":1,\"name\":\"Portada\",\"item\":\"https:\/\/joerglahmann.com\/de\/\"},{\"@type\":\"ListItem\",\"position\":2,\"name\":\"Datenschutzbestimmungen\"}]},{\"@type\":\"WebSite\",\"@id\":\"https:\/\/joerglahmann.com\/#website\",\"url\":\"https:\/\/joerglahmann.com\/\",\"name\":\"EOS implementer | Deutschland, Schweiz, Espa\u00f1a\",\"description\":\"\",\"potentialAction\":[{\"@type\":\"SearchAction\",\"target\":{\"@type\":\"EntryPoint\",\"urlTemplate\":\"https:\/\/joerglahmann.com\/?s={search_term_string}\"},\"query-input\":{\"@type\":\"PropertyValueSpecification\",\"valueRequired\":true,\"valueName\":\"search_term_string\"}}],\"inLanguage\":\"de\"}]}<\/script>\n<!-- \/ Yoast SEO plugin. -->","yoast_head_json":{"title":"Datenschutzbestimmungen - EOS implementer | Deutschland, Schweiz, Espa\u00f1a","robots":{"index":"index","follow":"follow","max-snippet":"max-snippet:-1","max-image-preview":"max-image-preview:large","max-video-preview":"max-video-preview:-1"},"canonical":"https:\/\/joerglahmann.com\/privacy-policy\/","og_locale":"de_DE","og_type":"article","og_title":"Datenschutzbestimmungen - EOS implementer | Deutschland, Schweiz, Espa\u00f1a","og_description":"1. Allgemeines Die vorliegende Datenschutzerkl\u00e4rung informiert Sie dar\u00fcber, wie igostrategy (nachfolgend auch \u201ewir\u201c genannt) mit Ihren personenbezogenen Daten umgeht (nachfolgend auch \u201eIhre Daten\u201c genannt). Wir legen gro\u00dfen Wert auf den Schutz der Pers\u00f6nlichkeitsrechte der Nutzerinnen und Nutzer (nachfolgend \u201eNutzer\u201c oder \u201eSie\u201c genannt) unserer Webseite und Dienstleistungen, und Ihre personenbezogenen Daten werden nur zu den in [&hellip;]","og_url":"https:\/\/joerglahmann.com\/privacy-policy\/","og_site_name":"EOS implementer | Deutschland, Schweiz, Espa\u00f1a","article_modified_time":"2023-05-23T16:19:23+00:00","twitter_card":"summary_large_image","twitter_misc":{"Gesch\u00e4tzte Lesezeit":"8\u00a0Minuten"},"schema":{"@context":"https:\/\/schema.org","@graph":[{"@type":"WebPage","@id":"https:\/\/joerglahmann.com\/privacy-policy\/","url":"https:\/\/joerglahmann.com\/privacy-policy\/","name":"Datenschutzbestimmungen - EOS implementer | Deutschland, Schweiz, Espa\u00f1a","isPartOf":{"@id":"https:\/\/joerglahmann.com\/#website"},"datePublished":"2015-02-14T23:50:08+00:00","dateModified":"2023-05-23T16:19:23+00:00","breadcrumb":{"@id":"https:\/\/joerglahmann.com\/privacy-policy\/#breadcrumb"},"inLanguage":"de","potentialAction":[{"@type":"ReadAction","target":["https:\/\/joerglahmann.com\/privacy-policy\/"]}]},{"@type":"BreadcrumbList","@id":"https:\/\/joerglahmann.com\/privacy-policy\/#breadcrumb","itemListElement":[{"@type":"ListItem","position":1,"name":"Portada","item":"https:\/\/joerglahmann.com\/de\/"},{"@type":"ListItem","position":2,"name":"Datenschutzbestimmungen"}]},{"@type":"WebSite","@id":"https:\/\/joerglahmann.com\/#website","url":"https:\/\/joerglahmann.com\/","name":"EOS implementer | Deutschland, Schweiz, Espa\u00f1a","description":"","potentialAction":[{"@type":"SearchAction","target":{"@type":"EntryPoint","urlTemplate":"https:\/\/joerglahmann.com\/?s={search_term_string}"},"query-input":{"@type":"PropertyValueSpecification","valueRequired":true,"valueName":"search_term_string"}}],"inLanguage":"de"}]}},"_links":{"self":[{"href":"https:\/\/joerglahmann.com\/de\/wp-json\/wp\/v2\/pages\/2286","targetHints":{"allow":["GET"]}}],"collection":[{"href":"https:\/\/joerglahmann.com\/de\/wp-json\/wp\/v2\/pages"}],"about":[{"href":"https:\/\/joerglahmann.com\/de\/wp-json\/wp\/v2\/types\/page"}],"author":[{"embeddable":true,"href":"https:\/\/joerglahmann.com\/de\/wp-json\/wp\/v2\/users\/1"}],"replies":[{"embeddable":true,"href":"https:\/\/joerglahmann.com\/de\/wp-json\/wp\/v2\/comments?post=2286"}],"version-history":[{"count":8,"href":"https:\/\/joerglahmann.com\/de\/wp-json\/wp\/v2\/pages\/2286\/revisions"}],"predecessor-version":[{"id":1007628,"href":"https:\/\/joerglahmann.com\/de\/wp-json\/wp\/v2\/pages\/2286\/revisions\/1007628"}],"wp:attachment":[{"href":"https:\/\/joerglahmann.com\/de\/wp-json\/wp\/v2\/media?parent=2286"}],"curies":[{"name":"wp","href":"https:\/\/api.w.org\/{rel}","templated":true}]}}