{"id":4122,"date":"2019-12-17T16:41:02","date_gmt":"2019-12-17T16:41:02","guid":{"rendered":"https:\/\/www.joerglahmann.com\/la-empresa-motivada\/"},"modified":"2023-01-04T12:16:09","modified_gmt":"2023-01-04T11:16:09","slug":"das-motivierte-unternehmen","status":"publish","type":"page","link":"https:\/\/joerglahmann.com\/de\/das-motivierte-unternehmen\/","title":{"rendered":"Das Motivierte Unternehmen"},"content":{"rendered":"<p><span><a href=\"https:\/\/www.joerglahmann.com\/wp-content\/uploads\/2022\/10\/Deutsches-Cover.jpg\" target=\"_blank\" rel=\"nofollow noopener\"><img decoding=\"async\" alt=\"Das Motivierte Unternehmen - J\u00f6rg Lahmann\" width=\"304\" height=\"474\" title=\"Das Motivierte Unternehmen - J\u00f6rg Lahmann\" data-id=\"1007278\" src=\"https:\/\/www.joerglahmann.com\/wp-content\/uploads\/2022\/10\/Deutsches-Cover.jpg\" data-width=\"304\" data-height=\"474\" data-init-width=\"416\" data-init-height=\"648\" loading=\"lazy\" style=\"\"><\/a><\/span><\/p>\n<p style=\"text-align: center;\"><strong>DAS MOTIVIERTE UNTERNEHMEN<\/strong><strong><\/strong><strong><\/strong><strong>Tools und Techniken f\u00fcr ein leistungsstarkes Team<\/strong><\/p>\n<p><span><a href=\"https:\/\/www.amazon.de\/-\/en\/J%C3%B6rg-Lahmann\/dp\/3527511334\/ref=sr_1_3\" rel=\"nofollow noopener\" target=\"_blank\"><img loading=\"lazy\" decoding=\"async\" alt=\"\" width=\"220\" height=\"100\" title=\"amazon comprar ya\" data-id=\"3641\" src=\"https:\/\/www.joerglahmann.com\/wp-content\/uploads\/2019\/12\/amazon-comprar-ya.png\" data-width=\"220\" data-height=\"100\" data-init-width=\"220\" data-init-height=\"100\"><\/a><\/span><span style=\"width: 100%;\"><a href=\"https:\/\/www.joerglahmann.com\/wp-content\/uploads\/2018\/03\/Microsoft-Excel-Book1-Compatibility-Mode_2018-03-07_17-19-08.jpg\"><img loading=\"lazy\" decoding=\"async\" alt=\"J\u00f6rg Lahmann - Speaker - EOS Implementer\" width=\"456\" height=\"467\" title=\"J\u00f6rg Lahmann - Speaker - EOS Implementer\" data-id=\"1751\" src=\"https:\/\/www.joerglahmann.com\/wp-content\/uploads\/2018\/03\/Microsoft-Excel-Book1-Compatibility-Mode_2018-03-07_17-19-08.jpg\" style=\"\"><\/a><\/span><\/p>\n<h3 style=\"text-align: left;\"><strong>Lernen Sie den Autor kennen<\/strong><\/h3>\n<p style=\"\">J\u00f6rg wurde 1971 in Deutschland geboren, lebte 24 Jahre in Barcelona und seit Anfang 2021 mit seiner Familie in Uitikon, bei Z\u00fcrich. Er hat einen Abschluss in Bauingenieurwesen von der TUHH in Hamburg und AMP von Esade und Wharton (Philadelphia). J\u00f6rg ist der erste EOS-Implementierer in Deutschland, Schweiz und Spanien. Er arbeitet aktiv als Dozent mit Barcelona Activa zusammen und ist regelm\u00e4\u00dfiger Redner in Unternehmensgruppen zum Thema Unternehmensf\u00fchrung.<\/p>\n<h4>mehr lesen<\/h4>\n<p>Nachdem er drei Jahre als Ingenieur gearbeitet hatte, leitete er ab 2002 sein eigenes E-Commerce-Unternehmen GowithOh. Er f\u00fchrte das Unternehmen von 2 Mitarbeitern zu einem Team von mehr als 70 Mitarbeitern mit einem Umsatz von 20 Millionen und Niederlassungen in 3 L\u00e4ndern.<\/p>\n<p>Seit 2017 ber\u00e4t er Managementteams von KMUs bei der Unternehmensf\u00fchrung und implementiert die EOS-Methode (Entrepreneurial Operating System). Er hat mit Unternehmen aus allen Branchen in Deutschland, der Schweiz und Spanien zusammengearbeitet.<\/p>\n<p>Er ist Vater von zwei Jungs und in seiner Freizeit liebt er es zu lesen oder Sport zu treiben.&nbsp;<\/p>\n<p><em>J\u00f6rg gibt uns mit diesem Buch eine Reihe von Tools und super praktische \u00dcbungen, um das Unternehmen besser zu leiten und zu verbessern. Viele von den Tools haben wir erfolgreich in Habitissimo implementiert. Ich w\u00fcnschte, wir h\u00e4tten das alles von Anfang an in Form eines Handbuchs gehabt!<\/em><\/p>\n<p><span style=\"width: 100%;\"><a href=\"https:\/\/www.joerglahmann.com\/wp-content\/uploads\/2018\/04\/Jordi-Ber-1-1.jpg\"><img loading=\"lazy\" decoding=\"async\" alt=\"\" width=\"252\" height=\"252\" title=\"Jordi Ber\" data-id=\"2157\" src=\"https:\/\/www.joerglahmann.com\/wp-content\/uploads\/2018\/04\/Jordi-Ber-1-1.jpg\" style=\"\"><\/a><\/span><\/p>\n<p style=\"text-align: left;\"><strong>Jordi Ber<\/strong><\/p>\n<p style=\"text-align: left;\">Mitgr\u00fcnder Habitissimo, Unternehmer und Business Angel<\/p>\n<p><em>Ein Mentor sagte mir vor Jahren: \u201eConor, wenn du in den n\u00e4chsten 50 Jahren jeden Tag motiviert aufwachst, wirst du einen gro\u00dfen Einfluss auf diese Welt haben. Aber wenn du in 5 oder 10 Jahren ohne diese Motivation aufwachst, spielt es keine Rolle, wie weit du gekommen bist&#8230; Du wirst alles verlieren. Pass immer auf deine Motivation auf. \u201c<\/em><\/p>\n<\/p>\n<p><em>J\u00f6rg Lahmann hilft uns mit diesem Buch auf wunderbare Weise, uns um unsere Motivation und die Motivation der Menschen um uns herum zu k\u00fcmmern.<\/em><\/p>\n<p><span style=\"width: 100%;\"><a href=\"https:\/\/www.joerglahmann.com\/wp-content\/uploads\/2019\/12\/Conor-Neill.jpg\"><img loading=\"lazy\" decoding=\"async\" alt=\"Conor Neill\" width=\"800\" height=\"800\" title=\"Conor Neill\" data-id=\"3595\" src=\"https:\/\/www.joerglahmann.com\/wp-content\/uploads\/2019\/12\/Conor-Neill.jpg\" style=\"\"><\/a><\/span><\/p>\n<p style=\"text-align: left;\"><strong>Conor Neill<\/strong><\/p>\n<p style=\"text-align: left;\">Professor IESE Business School y Pr\u00e4sident Vistage Spain<\/p>\n<p><em>Tolles Buch f\u00fcr Personalmanagement. Denn, ohne Motivation gibt es kein Team. Klar und einfach geschrieben.<\/em><\/p>\n<p><em><\/em><\/p>\n<p><em><\/em><\/p>\n<p><em><\/em><\/p>\n<p><em><\/em><\/p>\n<p><span style=\"width: 100%;\"><a href=\"https:\/\/www.joerglahmann.com\/wp-content\/uploads\/2017\/08\/Duran-Cristobal-Eva-FOTO.jpg\"><img loading=\"lazy\" decoding=\"async\" alt=\"Eva Duran para igostrategy\" width=\"256\" height=\"384\" title=\"Eva Duran para igostrategy\" data-id=\"1159\" src=\"https:\/\/www.joerglahmann.com\/wp-content\/uploads\/2017\/08\/Duran-Cristobal-Eva-FOTO.jpg\" style=\"\"><\/a><\/span><\/p>\n<p style=\"text-align: left;\"><strong>Eva Duran<\/strong><\/p>\n<p style=\"text-align: left;\">CEO de Trades, Bioser y GSC<\/p>\n<p><em>Ein praktischer Leitfaden, der ein hervorragendes Modell zur Unternehmensf\u00fchrung vorschl\u00e4gt, die sich auf die Teammotivation auswirkt. Ein Buch voller \u00dcbungen und Verweise auf renommierte Autoren, um sich mit einem Thema zu befassen, das einen gro\u00dfen Einfluss auf die Leistung von Unternehmen hat.<\/em><\/p>\n<p><span style=\"width: 100%;\"><a href=\"https:\/\/www.joerglahmann.com\/wp-content\/uploads\/2019\/12\/Pau-Valdes.jpg\"><img loading=\"lazy\" decoding=\"async\" alt=\"\" width=\"400\" height=\"400\" title=\"Pau Valdes\" data-id=\"3602\" src=\"https:\/\/www.joerglahmann.com\/wp-content\/uploads\/2019\/12\/Pau-Valdes.jpg\" style=\"\"><\/a><\/span><\/p>\n<p style=\"text-align: left;\"><strong>Pau Vald\u00e9s<\/strong><\/p>\n<p style=\"text-align: left;\">CEO y Cofundador INBOUNDCYCLE<\/p>\n<h2>Weitere Ressourcen<\/h2>\n<p><span style=\"width: 100%;\"><a href=\"https:\/\/www.joerglahmann.com\/wp-content\/uploads\/2019\/12\/desmotivacion-download.jpg\"><img loading=\"lazy\" decoding=\"async\" alt=\"desmotivacion download\" width=\"147\" height=\"229\" title=\"desmotivacion download\" data-id=\"3644\" src=\"https:\/\/www.joerglahmann.com\/wp-content\/uploads\/2019\/12\/desmotivacion-download.jpg\" style=\"\" data-width=\"147\" data-height=\"229\" data-init-width=\"590\" data-init-height=\"868\"><\/a><\/span>Downloads<\/p>\n<h3>Test zur Demotivation<\/h3>\n<p>Der erste Schritt zu einem motivierten Team besteht darin, die demotivierenden Faktoren zu beseitigen. Dazu muss man wissen, welche die wichtigsten sind und eine Einsch\u00e4tzung der Situation vornehmen. Sie k\u00f6nnen es selbst tun, indem Sie sich und Ihr Team selbstkritisch und ehrlich bewerten. Ein weiterer Schritt nach vorne besteht darin, sich mit den Personen in Ihrem Team zusammenzusetzen und ihnen zu erlauben, Sie zu bewerten. Ihre Aufgabe wird es sein, aktiv zuzuh\u00f6ren, ohne sich zu verteidigen.<\/p>\n<\/p>\n<p>Aber vielleicht leiten Sie kein Team, sondern leiden unter einem Vorgesetzten und unter Demotivation. Der Bewertungstest hilft Ihnen dabei, die Umst\u00e4nde zu erkennen, die Sie bei Ihrer Arbeit frustrieren. Wenn Sie acht Stunden am Tag mit etwas verbringen, dass Sie nicht motiviert, kann dies schwerwiegende Auswirkungen auf Ihre Stimmung und sogar auf Ihre Gesundheit haben. Entdecken Sie die Ursachen als ersten Schritt zur Verbesserung.<\/p>\n<h4>Klicken Sie zum Herunterladen<\/h4>\n<p>Geben Sie Ihre Kontaktdaten* ein und greifen Sie auf den Demotivationstest direkt zu.<\/p>\n<p><span style=\"width: 100%;\"><a href=\"https:\/\/www.joerglahmann.com\/wp-content\/uploads\/2022\/10\/Deutsches-Cover.jpg\"><img decoding=\"async\" alt=\"Das Motivierte Unternehmen - J\u00f6rg Lahmann\" width=\"147\" height=\"229\" title=\"Das Motivierte Unternehmen - J\u00f6rg Lahmann\" data-id=\"1007278\" src=\"https:\/\/www.joerglahmann.com\/wp-content\/uploads\/2022\/10\/Deutsches-Cover.jpg\" style=\"\" data-width=\"147\" data-height=\"229\" data-init-width=\"416\" data-init-height=\"648\" loading=\"lazy\"><\/a><\/span>Downloads<\/p>\n<h3>Erstes Kapitel des Buches <strong><\/strong><\/h3>\n<p>Falls Sie unsicher sind, ob das Buch das richtige f\u00fcr Sie ist, k\u00f6nnen Sie hier einen Auszug aus dem Buch herunterladen. Starten Sie mit dem Lesen und gewinnen Sie eine klarere Vorstellung, was Sie im Buch erwartet.Ich hoffe es gef\u00e4llt Ihnen \ud83d\ude09<\/p>\n<\/p>\n<h4>Greifen Sie kostenlos auf das erste Kapitel zu und laden Sie es herunter<\/h4>\n<p>Geben Sie Ihre Kontaktdaten* ein und Sie erhalten Zugang zum 1. Kapitel des Buches.<\/p>\n<p><span style=\"width: 100%;\"><a href=\"https:\/\/www.joerglahmann.com\/wp-content\/uploads\/2019\/12\/jobscorecard-logo.jpg\"><img loading=\"lazy\" decoding=\"async\" alt=\"jobscorecard logo\" width=\"147\" height=\"229\" title=\"jobscorecard logo\" data-id=\"3629\" src=\"https:\/\/www.joerglahmann.com\/wp-content\/uploads\/2019\/12\/jobscorecard-logo.jpg\" style=\"\" data-width=\"147\" data-height=\"229\" data-init-width=\"590\" data-init-height=\"868\"><\/a><\/span>Downloads<\/p>\n<h3>Jobscorecard<\/h3>\n<p>Nutzen Sie eine Methodik im Unternehmen, wie Sie m\u00f6gliche Kandidaten vor einer Einstellung bewerten? Um Konsistenz im Unternehmen zu schaffen und in der Lage zu sein, zu wachsen, muss ein Unternehmen \u00fcber eine Methodik verf\u00fcgen, die auf allen Ebenen des Unternehmens angewendet werden kann.<\/p>\n<p>Mit der Jobscorecard k\u00f6nnen Sie feststellen, ob ein Kandidat wirklich die Person ist, die Sie ben\u00f6tigen: <a href=\"https:\/\/www.joerglahmann.com\/de\/gwc-personen-an-der-richtigen-stelle\/\" target=\"_blank\" style=\"outline: none;\" rel=\"noopener\">die richtige Person auf der richtigen Stelle<\/a>.<\/p>\n<h4>Download<\/h4>\n<p>Sobald Sie Ihre Kontaktinformationen* eingegeben haben, haben Sie Zugriff auf das PDF mit der Jobscorecard, einschliesslich ein ausgef\u00fclltes Beispiel.<\/p>\n<p><span><a href=\"https:\/\/www.amazon.de\/-\/en\/J%C3%B6rg-Lahmann\/dp\/3527511334\/ref=sr_1_3\" target=\"_blank\" rel=\"nofollow noopener\"><img loading=\"lazy\" decoding=\"async\" alt=\"\" width=\"220\" height=\"100\" title=\"amazon comprar ya\" data-id=\"3641\" src=\"https:\/\/www.joerglahmann.com\/wp-content\/uploads\/2019\/12\/amazon-comprar-ya.png\" data-width=\"220\" data-height=\"100\" data-init-width=\"220\" data-init-height=\"100\"><\/a><\/span><\/p>\n<p style=\"\">* Die Kontaktdaten werden der Unternehmensdatenbank hinzugef\u00fcgt, um einen Newsletter zu versenden, der alle zwei Monate am zweiten Donnerstag erscheint.<\/p>\n","protected":false},"excerpt":{"rendered":"<p>DAS MOTIVIERTE UNTERNEHMENTools und Techniken f\u00fcr ein leistungsstarkes Team Lernen Sie den Autor kennen J\u00f6rg wurde 1971 in Deutschland geboren, lebte 24 Jahre in Barcelona und seit Anfang 2021 mit seiner Familie in Uitikon, bei Z\u00fcrich. Er hat einen Abschluss in Bauingenieurwesen von der TUHH in Hamburg und AMP von Esade und Wharton (Philadelphia). J\u00f6rg [&hellip;]<\/p>\n","protected":false},"author":1,"featured_media":0,"parent":0,"menu_order":0,"comment_status":"closed","ping_status":"closed","template":"","meta":{"footnotes":""},"class_list":["post-4122","page","type-page","status-publish","hentry","post-wrapper","thrv_wrapper"],"yoast_head":"<!-- This site is optimized with the Yoast SEO plugin v27.1.1 - https:\/\/yoast.com\/product\/yoast-seo-wordpress\/ -->\n<title>Das Motivierte Unternehmen - EOS implementer | Deutschland, Schweiz, Espa\u00f1a<\/title>\n<meta name=\"robots\" content=\"index, follow, max-snippet:-1, max-image-preview:large, max-video-preview:-1\" \/>\n<link rel=\"canonical\" href=\"https:\/\/joerglahmann.com\/la-empresa-motivada\/\" \/>\n<meta property=\"og:locale\" content=\"de_DE\" \/>\n<meta property=\"og:type\" content=\"article\" \/>\n<meta property=\"og:title\" content=\"Das Motivierte Unternehmen - EOS implementer | Deutschland, Schweiz, Espa\u00f1a\" \/>\n<meta property=\"og:description\" content=\"DAS MOTIVIERTE UNTERNEHMENTools und Techniken f\u00fcr ein leistungsstarkes Team Lernen Sie den Autor kennen J\u00f6rg wurde 1971 in Deutschland geboren, lebte 24 Jahre in Barcelona und seit Anfang 2021 mit seiner Familie in Uitikon, bei Z\u00fcrich. Er hat einen Abschluss in Bauingenieurwesen von der TUHH in Hamburg und AMP von Esade und Wharton (Philadelphia). J\u00f6rg [&hellip;]\" \/>\n<meta property=\"og:url\" content=\"https:\/\/joerglahmann.com\/la-empresa-motivada\/\" \/>\n<meta property=\"og:site_name\" content=\"EOS implementer | Deutschland, Schweiz, Espa\u00f1a\" \/>\n<meta property=\"article:modified_time\" content=\"2023-01-04T11:16:09+00:00\" \/>\n<meta property=\"og:image\" content=\"https:\/\/www.joerglahmann.com\/wp-content\/uploads\/2022\/10\/Deutsches-Cover.jpg\" \/>\n<meta name=\"twitter:card\" content=\"summary_large_image\" \/>\n<meta name=\"twitter:label1\" content=\"Gesch\u00e4tzte Lesezeit\" \/>\n\t<meta name=\"twitter:data1\" content=\"4\u00a0Minuten\" \/>\n<script type=\"application\/ld+json\" class=\"yoast-schema-graph\">{\"@context\":\"https:\/\/schema.org\",\"@graph\":[{\"@type\":\"WebPage\",\"@id\":\"https:\/\/joerglahmann.com\/la-empresa-motivada\/\",\"url\":\"https:\/\/joerglahmann.com\/la-empresa-motivada\/\",\"name\":\"Das Motivierte Unternehmen - EOS implementer | Deutschland, Schweiz, Espa\u00f1a\",\"isPartOf\":{\"@id\":\"https:\/\/joerglahmann.com\/#website\"},\"primaryImageOfPage\":{\"@id\":\"https:\/\/joerglahmann.com\/la-empresa-motivada\/#primaryimage\"},\"image\":{\"@id\":\"https:\/\/joerglahmann.com\/la-empresa-motivada\/#primaryimage\"},\"thumbnailUrl\":\"https:\/\/www.joerglahmann.com\/wp-content\/uploads\/2022\/10\/Deutsches-Cover.jpg\",\"datePublished\":\"2019-12-17T16:41:02+00:00\",\"dateModified\":\"2023-01-04T11:16:09+00:00\",\"breadcrumb\":{\"@id\":\"https:\/\/joerglahmann.com\/la-empresa-motivada\/#breadcrumb\"},\"inLanguage\":\"de\",\"potentialAction\":[{\"@type\":\"ReadAction\",\"target\":[\"https:\/\/joerglahmann.com\/la-empresa-motivada\/\"]}]},{\"@type\":\"ImageObject\",\"inLanguage\":\"de\",\"@id\":\"https:\/\/joerglahmann.com\/la-empresa-motivada\/#primaryimage\",\"url\":\"https:\/\/www.joerglahmann.com\/wp-content\/uploads\/2022\/10\/Deutsches-Cover.jpg\",\"contentUrl\":\"https:\/\/www.joerglahmann.com\/wp-content\/uploads\/2022\/10\/Deutsches-Cover.jpg\"},{\"@type\":\"BreadcrumbList\",\"@id\":\"https:\/\/joerglahmann.com\/la-empresa-motivada\/#breadcrumb\",\"itemListElement\":[{\"@type\":\"ListItem\",\"position\":1,\"name\":\"Portada\",\"item\":\"https:\/\/joerglahmann.com\/de\/\"},{\"@type\":\"ListItem\",\"position\":2,\"name\":\"Das Motivierte Unternehmen\"}]},{\"@type\":\"WebSite\",\"@id\":\"https:\/\/joerglahmann.com\/#website\",\"url\":\"https:\/\/joerglahmann.com\/\",\"name\":\"EOS implementer | Deutschland, Schweiz, Espa\u00f1a\",\"description\":\"\",\"potentialAction\":[{\"@type\":\"SearchAction\",\"target\":{\"@type\":\"EntryPoint\",\"urlTemplate\":\"https:\/\/joerglahmann.com\/?s={search_term_string}\"},\"query-input\":{\"@type\":\"PropertyValueSpecification\",\"valueRequired\":true,\"valueName\":\"search_term_string\"}}],\"inLanguage\":\"de\"}]}<\/script>\n<!-- \/ Yoast SEO plugin. -->","yoast_head_json":{"title":"Das Motivierte Unternehmen - EOS implementer | Deutschland, Schweiz, Espa\u00f1a","robots":{"index":"index","follow":"follow","max-snippet":"max-snippet:-1","max-image-preview":"max-image-preview:large","max-video-preview":"max-video-preview:-1"},"canonical":"https:\/\/joerglahmann.com\/la-empresa-motivada\/","og_locale":"de_DE","og_type":"article","og_title":"Das Motivierte Unternehmen - EOS implementer | Deutschland, Schweiz, Espa\u00f1a","og_description":"DAS MOTIVIERTE UNTERNEHMENTools und Techniken f\u00fcr ein leistungsstarkes Team Lernen Sie den Autor kennen J\u00f6rg wurde 1971 in Deutschland geboren, lebte 24 Jahre in Barcelona und seit Anfang 2021 mit seiner Familie in Uitikon, bei Z\u00fcrich. Er hat einen Abschluss in Bauingenieurwesen von der TUHH in Hamburg und AMP von Esade und Wharton (Philadelphia). J\u00f6rg [&hellip;]","og_url":"https:\/\/joerglahmann.com\/la-empresa-motivada\/","og_site_name":"EOS implementer | Deutschland, Schweiz, Espa\u00f1a","article_modified_time":"2023-01-04T11:16:09+00:00","og_image":[{"url":"https:\/\/www.joerglahmann.com\/wp-content\/uploads\/2022\/10\/Deutsches-Cover.jpg","type":"","width":"","height":""}],"twitter_card":"summary_large_image","twitter_misc":{"Gesch\u00e4tzte Lesezeit":"4\u00a0Minuten"},"schema":{"@context":"https:\/\/schema.org","@graph":[{"@type":"WebPage","@id":"https:\/\/joerglahmann.com\/la-empresa-motivada\/","url":"https:\/\/joerglahmann.com\/la-empresa-motivada\/","name":"Das Motivierte Unternehmen - EOS implementer | Deutschland, Schweiz, Espa\u00f1a","isPartOf":{"@id":"https:\/\/joerglahmann.com\/#website"},"primaryImageOfPage":{"@id":"https:\/\/joerglahmann.com\/la-empresa-motivada\/#primaryimage"},"image":{"@id":"https:\/\/joerglahmann.com\/la-empresa-motivada\/#primaryimage"},"thumbnailUrl":"https:\/\/www.joerglahmann.com\/wp-content\/uploads\/2022\/10\/Deutsches-Cover.jpg","datePublished":"2019-12-17T16:41:02+00:00","dateModified":"2023-01-04T11:16:09+00:00","breadcrumb":{"@id":"https:\/\/joerglahmann.com\/la-empresa-motivada\/#breadcrumb"},"inLanguage":"de","potentialAction":[{"@type":"ReadAction","target":["https:\/\/joerglahmann.com\/la-empresa-motivada\/"]}]},{"@type":"ImageObject","inLanguage":"de","@id":"https:\/\/joerglahmann.com\/la-empresa-motivada\/#primaryimage","url":"https:\/\/www.joerglahmann.com\/wp-content\/uploads\/2022\/10\/Deutsches-Cover.jpg","contentUrl":"https:\/\/www.joerglahmann.com\/wp-content\/uploads\/2022\/10\/Deutsches-Cover.jpg"},{"@type":"BreadcrumbList","@id":"https:\/\/joerglahmann.com\/la-empresa-motivada\/#breadcrumb","itemListElement":[{"@type":"ListItem","position":1,"name":"Portada","item":"https:\/\/joerglahmann.com\/de\/"},{"@type":"ListItem","position":2,"name":"Das Motivierte Unternehmen"}]},{"@type":"WebSite","@id":"https:\/\/joerglahmann.com\/#website","url":"https:\/\/joerglahmann.com\/","name":"EOS implementer | Deutschland, Schweiz, Espa\u00f1a","description":"","potentialAction":[{"@type":"SearchAction","target":{"@type":"EntryPoint","urlTemplate":"https:\/\/joerglahmann.com\/?s={search_term_string}"},"query-input":{"@type":"PropertyValueSpecification","valueRequired":true,"valueName":"search_term_string"}}],"inLanguage":"de"}]}},"_links":{"self":[{"href":"https:\/\/joerglahmann.com\/de\/wp-json\/wp\/v2\/pages\/4122","targetHints":{"allow":["GET"]}}],"collection":[{"href":"https:\/\/joerglahmann.com\/de\/wp-json\/wp\/v2\/pages"}],"about":[{"href":"https:\/\/joerglahmann.com\/de\/wp-json\/wp\/v2\/types\/page"}],"author":[{"embeddable":true,"href":"https:\/\/joerglahmann.com\/de\/wp-json\/wp\/v2\/users\/1"}],"replies":[{"embeddable":true,"href":"https:\/\/joerglahmann.com\/de\/wp-json\/wp\/v2\/comments?post=4122"}],"version-history":[{"count":23,"href":"https:\/\/joerglahmann.com\/de\/wp-json\/wp\/v2\/pages\/4122\/revisions"}],"predecessor-version":[{"id":1007446,"href":"https:\/\/joerglahmann.com\/de\/wp-json\/wp\/v2\/pages\/4122\/revisions\/1007446"}],"wp:attachment":[{"href":"https:\/\/joerglahmann.com\/de\/wp-json\/wp\/v2\/media?parent=4122"}],"curies":[{"name":"wp","href":"https:\/\/api.w.org\/{rel}","templated":true}]}}