{"id":4493,"date":"2020-04-07T14:03:31","date_gmt":"2020-04-07T13:03:31","guid":{"rendered":"https:\/\/www.joerglahmann.com\/jobscorecard-espanol\/"},"modified":"2020-07-10T17:38:42","modified_gmt":"2020-07-10T16:38:42","slug":"jobscorecard","status":"publish","type":"page","link":"https:\/\/joerglahmann.com\/de\/jobscorecard\/","title":{"rendered":"JobScorecard"},"content":{"rendered":"<p><strong>Gratis Download<\/strong><\/p>\n<ul>\n<li data-tve-custom-colour=\"\" style=\"padding-left: 30px !important;\" data-tcb_hover_state_parent=\"\" data-icon-code=\"icon-check-circle-regular\">\n<p style=\"\" data-tcb_hover_state_parent=\"\">JobScorecard<\/p>\n<\/li>\n<li data-tve-custom-colour=\"\" style=\"padding-left: 30px !important;\" data-tcb_hover_state_parent=\"\" data-icon-code=\"icon-check-circle-regular\">\n<p style=\"\" data-tcb_hover_state_parent=\"\">Beispiel<\/p>\n<\/li>\n<\/ul>\n<p><span><a href=\"https:\/\/www.joerglahmann.com\/wp-content\/uploads\/2020\/07\/Jobscorecard-blank-DE.png\"><img loading=\"lazy\" decoding=\"async\" alt=\"Jobscorecard blank DE\" data-id=\"4497\" width=\"630\" height=\"885\" title=\"Jobscorecard blank DE\" src=\"https:\/\/www.joerglahmann.com\/wp-content\/uploads\/2020\/07\/Jobscorecard-blank-DE.png\" data-link-wrap=\"true\" style=\"\" ml-d=\"0\"><\/a><\/span><span><a href=\"https:\/\/www.joerglahmann.com\/wp-content\/uploads\/2020\/07\/Jobscorecard-Beispiel-DE.png\"><img loading=\"lazy\" decoding=\"async\" alt=\"Jobscorecard Beispiel DE\" data-id=\"4495\" width=\"617\" height=\"878\" title=\"Jobscorecard Beispiel DE\" src=\"https:\/\/www.joerglahmann.com\/wp-content\/uploads\/2020\/07\/Jobscorecard-Beispiel-DE.png\" data-link-wrap=\"true\" style=\"\"><\/a><\/span><\/p>\n<h2>JobScorecard &#8211; Download<\/h2>\n<p>Formular ausf\u00fcllen und JobScorecard runterladen. Ganz einfach. Ganz schnell.<\/p>\n<p>Mit dem Dr\u00fccken des Download-Buttons akzeptieren Sie unsere <a href=\"https:\/\/www.joerglahmann.com\/privacy-policy\/\" target=\"_blank\" rel=\"noopener noreferrer\">pol\u00edtica de privacidad<\/a>.<\/p>\n<h3>Definieren Sie klar wen Sie suchen, bevor Sie Interviews starten<\/h3>\n<p>Suchen Sie eine neue Person f\u00fcr Ihr Team oder Unternehmen? Die falsche Person einzustellen, ist einer der teuersten Fehler, die es gibt.<\/p>\n<p>Wenn Sie keinen definierten Prozess und kein Tool verwenden, mit dem Sie den richtigen Kandidaten finden k\u00f6nnen, merken Sie es wahrscheinlich erst, wenn es bereits zu sp\u00e4t ist.Mit der JobScorecard k\u00f6nnen Sie klar erkennen, wie jede Person gegen das von Ihnen entwickelten Profil punktet. Sie vermeiden, Kandidaten miteinander zu vergleichen, was normalerweise dazu f\u00fchrt, dass Sie die am wenigsten schlechteste Option w\u00e4hlen. Und das ist normalerweise leider nicht ausreichend.Mitarbeitende bleiben durchschnittlich drei, vier oder mehr Jahre im Unternehmen. Da sollten Sie sicher sein, die richtige gefunden zu haben.<\/p>\n<p>Eile wird meist sehr teuer bezahlt.<\/p>\n","protected":false},"excerpt":{"rendered":"<p>Gratis Download JobScorecard Beispiel JobScorecard &#8211; Download Formular ausf\u00fcllen und JobScorecard runterladen. Ganz einfach. Ganz schnell. Mit dem Dr\u00fccken des Download-Buttons akzeptieren Sie unsere pol\u00edtica de privacidad. Definieren Sie klar wen Sie suchen, bevor Sie Interviews starten Suchen Sie eine neue Person f\u00fcr Ihr Team oder Unternehmen? Die falsche Person einzustellen, ist einer der teuersten [&hellip;]<\/p>\n","protected":false},"author":1,"featured_media":0,"parent":0,"menu_order":0,"comment_status":"closed","ping_status":"closed","template":"","meta":{"footnotes":""},"class_list":["post-4493","page","type-page","status-publish","hentry","post-wrapper","thrv_wrapper"],"yoast_head":"<!-- This site is optimized with the Yoast SEO plugin v27.1.1 - https:\/\/yoast.com\/product\/yoast-seo-wordpress\/ -->\n<title>JobScorecard - EOS implementer | Deutschland, Schweiz, Espa\u00f1a<\/title>\n<meta name=\"robots\" content=\"index, follow, max-snippet:-1, max-image-preview:large, max-video-preview:-1\" \/>\n<link rel=\"canonical\" href=\"https:\/\/joerglahmann.com\/jobscorecard-espanol\/\" \/>\n<meta property=\"og:locale\" content=\"de_DE\" \/>\n<meta property=\"og:type\" content=\"article\" \/>\n<meta property=\"og:title\" content=\"JobScorecard - EOS implementer | Deutschland, Schweiz, Espa\u00f1a\" \/>\n<meta property=\"og:description\" content=\"Gratis Download JobScorecard Beispiel JobScorecard &#8211; Download Formular ausf\u00fcllen und JobScorecard runterladen. Ganz einfach. Ganz schnell. Mit dem Dr\u00fccken des Download-Buttons akzeptieren Sie unsere pol\u00edtica de privacidad. Definieren Sie klar wen Sie suchen, bevor Sie Interviews starten Suchen Sie eine neue Person f\u00fcr Ihr Team oder Unternehmen? Die falsche Person einzustellen, ist einer der teuersten [&hellip;]\" \/>\n<meta property=\"og:url\" content=\"https:\/\/joerglahmann.com\/jobscorecard-espanol\/\" \/>\n<meta property=\"og:site_name\" content=\"EOS implementer | Deutschland, Schweiz, Espa\u00f1a\" \/>\n<meta property=\"article:modified_time\" content=\"2020-07-10T16:38:42+00:00\" \/>\n<meta property=\"og:image\" content=\"https:\/\/www.joerglahmann.com\/wp-content\/uploads\/2020\/07\/Jobscorecard-blank-DE.png\" \/>\n<meta name=\"twitter:card\" content=\"summary_large_image\" \/>\n<meta name=\"twitter:label1\" content=\"Gesch\u00e4tzte Lesezeit\" \/>\n\t<meta name=\"twitter:data1\" content=\"1\u00a0Minute\" \/>\n<script type=\"application\/ld+json\" class=\"yoast-schema-graph\">{\"@context\":\"https:\/\/schema.org\",\"@graph\":[{\"@type\":\"WebPage\",\"@id\":\"https:\/\/joerglahmann.com\/jobscorecard-espanol\/\",\"url\":\"https:\/\/joerglahmann.com\/jobscorecard-espanol\/\",\"name\":\"JobScorecard - EOS implementer | Deutschland, Schweiz, Espa\u00f1a\",\"isPartOf\":{\"@id\":\"https:\/\/joerglahmann.com\/#website\"},\"primaryImageOfPage\":{\"@id\":\"https:\/\/joerglahmann.com\/jobscorecard-espanol\/#primaryimage\"},\"image\":{\"@id\":\"https:\/\/joerglahmann.com\/jobscorecard-espanol\/#primaryimage\"},\"thumbnailUrl\":\"https:\/\/www.joerglahmann.com\/wp-content\/uploads\/2020\/07\/Jobscorecard-blank-DE.png\",\"datePublished\":\"2020-04-07T13:03:31+00:00\",\"dateModified\":\"2020-07-10T16:38:42+00:00\",\"breadcrumb\":{\"@id\":\"https:\/\/joerglahmann.com\/jobscorecard-espanol\/#breadcrumb\"},\"inLanguage\":\"de\",\"potentialAction\":[{\"@type\":\"ReadAction\",\"target\":[\"https:\/\/joerglahmann.com\/jobscorecard-espanol\/\"]}]},{\"@type\":\"ImageObject\",\"inLanguage\":\"de\",\"@id\":\"https:\/\/joerglahmann.com\/jobscorecard-espanol\/#primaryimage\",\"url\":\"https:\/\/www.joerglahmann.com\/wp-content\/uploads\/2020\/07\/Jobscorecard-blank-DE.png\",\"contentUrl\":\"https:\/\/www.joerglahmann.com\/wp-content\/uploads\/2020\/07\/Jobscorecard-blank-DE.png\"},{\"@type\":\"BreadcrumbList\",\"@id\":\"https:\/\/joerglahmann.com\/jobscorecard-espanol\/#breadcrumb\",\"itemListElement\":[{\"@type\":\"ListItem\",\"position\":1,\"name\":\"Portada\",\"item\":\"https:\/\/joerglahmann.com\/de\/\"},{\"@type\":\"ListItem\",\"position\":2,\"name\":\"JobScorecard\"}]},{\"@type\":\"WebSite\",\"@id\":\"https:\/\/joerglahmann.com\/#website\",\"url\":\"https:\/\/joerglahmann.com\/\",\"name\":\"EOS implementer | Deutschland, Schweiz, Espa\u00f1a\",\"description\":\"\",\"potentialAction\":[{\"@type\":\"SearchAction\",\"target\":{\"@type\":\"EntryPoint\",\"urlTemplate\":\"https:\/\/joerglahmann.com\/?s={search_term_string}\"},\"query-input\":{\"@type\":\"PropertyValueSpecification\",\"valueRequired\":true,\"valueName\":\"search_term_string\"}}],\"inLanguage\":\"de\"}]}<\/script>\n<!-- \/ Yoast SEO plugin. -->","yoast_head_json":{"title":"JobScorecard - EOS implementer | Deutschland, Schweiz, Espa\u00f1a","robots":{"index":"index","follow":"follow","max-snippet":"max-snippet:-1","max-image-preview":"max-image-preview:large","max-video-preview":"max-video-preview:-1"},"canonical":"https:\/\/joerglahmann.com\/jobscorecard-espanol\/","og_locale":"de_DE","og_type":"article","og_title":"JobScorecard - EOS implementer | Deutschland, Schweiz, Espa\u00f1a","og_description":"Gratis Download JobScorecard Beispiel JobScorecard &#8211; Download Formular ausf\u00fcllen und JobScorecard runterladen. Ganz einfach. Ganz schnell. Mit dem Dr\u00fccken des Download-Buttons akzeptieren Sie unsere pol\u00edtica de privacidad. Definieren Sie klar wen Sie suchen, bevor Sie Interviews starten Suchen Sie eine neue Person f\u00fcr Ihr Team oder Unternehmen? Die falsche Person einzustellen, ist einer der teuersten [&hellip;]","og_url":"https:\/\/joerglahmann.com\/jobscorecard-espanol\/","og_site_name":"EOS implementer | Deutschland, Schweiz, Espa\u00f1a","article_modified_time":"2020-07-10T16:38:42+00:00","og_image":[{"url":"https:\/\/www.joerglahmann.com\/wp-content\/uploads\/2020\/07\/Jobscorecard-blank-DE.png","type":"","width":"","height":""}],"twitter_card":"summary_large_image","twitter_misc":{"Gesch\u00e4tzte Lesezeit":"1\u00a0Minute"},"schema":{"@context":"https:\/\/schema.org","@graph":[{"@type":"WebPage","@id":"https:\/\/joerglahmann.com\/jobscorecard-espanol\/","url":"https:\/\/joerglahmann.com\/jobscorecard-espanol\/","name":"JobScorecard - EOS implementer | Deutschland, Schweiz, Espa\u00f1a","isPartOf":{"@id":"https:\/\/joerglahmann.com\/#website"},"primaryImageOfPage":{"@id":"https:\/\/joerglahmann.com\/jobscorecard-espanol\/#primaryimage"},"image":{"@id":"https:\/\/joerglahmann.com\/jobscorecard-espanol\/#primaryimage"},"thumbnailUrl":"https:\/\/www.joerglahmann.com\/wp-content\/uploads\/2020\/07\/Jobscorecard-blank-DE.png","datePublished":"2020-04-07T13:03:31+00:00","dateModified":"2020-07-10T16:38:42+00:00","breadcrumb":{"@id":"https:\/\/joerglahmann.com\/jobscorecard-espanol\/#breadcrumb"},"inLanguage":"de","potentialAction":[{"@type":"ReadAction","target":["https:\/\/joerglahmann.com\/jobscorecard-espanol\/"]}]},{"@type":"ImageObject","inLanguage":"de","@id":"https:\/\/joerglahmann.com\/jobscorecard-espanol\/#primaryimage","url":"https:\/\/www.joerglahmann.com\/wp-content\/uploads\/2020\/07\/Jobscorecard-blank-DE.png","contentUrl":"https:\/\/www.joerglahmann.com\/wp-content\/uploads\/2020\/07\/Jobscorecard-blank-DE.png"},{"@type":"BreadcrumbList","@id":"https:\/\/joerglahmann.com\/jobscorecard-espanol\/#breadcrumb","itemListElement":[{"@type":"ListItem","position":1,"name":"Portada","item":"https:\/\/joerglahmann.com\/de\/"},{"@type":"ListItem","position":2,"name":"JobScorecard"}]},{"@type":"WebSite","@id":"https:\/\/joerglahmann.com\/#website","url":"https:\/\/joerglahmann.com\/","name":"EOS implementer | Deutschland, Schweiz, Espa\u00f1a","description":"","potentialAction":[{"@type":"SearchAction","target":{"@type":"EntryPoint","urlTemplate":"https:\/\/joerglahmann.com\/?s={search_term_string}"},"query-input":{"@type":"PropertyValueSpecification","valueRequired":true,"valueName":"search_term_string"}}],"inLanguage":"de"}]}},"_links":{"self":[{"href":"https:\/\/joerglahmann.com\/de\/wp-json\/wp\/v2\/pages\/4493","targetHints":{"allow":["GET"]}}],"collection":[{"href":"https:\/\/joerglahmann.com\/de\/wp-json\/wp\/v2\/pages"}],"about":[{"href":"https:\/\/joerglahmann.com\/de\/wp-json\/wp\/v2\/types\/page"}],"author":[{"embeddable":true,"href":"https:\/\/joerglahmann.com\/de\/wp-json\/wp\/v2\/users\/1"}],"replies":[{"embeddable":true,"href":"https:\/\/joerglahmann.com\/de\/wp-json\/wp\/v2\/comments?post=4493"}],"version-history":[{"count":5,"href":"https:\/\/joerglahmann.com\/de\/wp-json\/wp\/v2\/pages\/4493\/revisions"}],"predecessor-version":[{"id":4504,"href":"https:\/\/joerglahmann.com\/de\/wp-json\/wp\/v2\/pages\/4493\/revisions\/4504"}],"wp:attachment":[{"href":"https:\/\/joerglahmann.com\/de\/wp-json\/wp\/v2\/media?parent=4493"}],"curies":[{"name":"wp","href":"https:\/\/api.w.org\/{rel}","templated":true}]}}